{"id":12,"date":"2021-02-11T14:28:14","date_gmt":"2021-02-11T14:28:14","guid":{"rendered":"http:\/\/www.cafeberuska.online\/?page_id=12"},"modified":"2023-10-14T17:51:08","modified_gmt":"2023-10-14T17:51:08","slug":"uvod","status":"publish","type":"page","link":"https:\/\/www.cafeberuska.cz\/","title":{"rendered":"NAB\u00cdDKA"},"content":{"rendered":"<style type=\"text\/css\">\n#foogallery-gallery-1114.fg-masonry { --fg-gutter: 20px; }<\/style>\n\t\t\t<div class=\"foogallery foogallery-container foogallery-masonry foogallery-lightbox-none fg-center fg-masonry fg-ready fg-light fg-border-thin fg-round-medium fg-shadow-medium fg-loading-default fg-loaded-fade-in fg-hover-scale fg-captions-bottom fg-hover-fade fg-hover-zoom2 fg-light-overlays fg-col3\" id=\"foogallery-gallery-1114\" data-foogallery=\"{&quot;item&quot;:{&quot;showCaptionTitle&quot;:true,&quot;showCaptionDescription&quot;:true},&quot;lazy&quot;:false,&quot;src&quot;:&quot;src&quot;,&quot;srcset&quot;:&quot;srcset&quot;}\" style=\"--fg-title-line-clamp: 0; --fg-description-line-clamp: 0;\" >\n\t\t<div class=\"fg-column-width\"><\/div>\n\t<div class=\"fg-gutter-width\"><\/div>\n\t\t<div class=\"fg-item fg-type-iframe fg-loaded\"><figure class=\"fg-item-inner\"><a href=\"https:\/\/www.cafeberuska.cz\/index.php\/dezerty-a-rezy-2\/\" data-caption-title=\"Dezerty a \u0159ezy\" data-attachment-id=\"2851\" data-type=\"iframe\" class=\"fg-thumb\"><span class=\"fg-image-wrap\"><img decoding=\"async\" src=\"https:\/\/www.cafeberuska.cz\/wp-content\/uploads\/2022\/07\/Dezerty-a-rezy.jpg\" width=\"1000\" height=\"1501.76678445\" class=\"skip-lazy fg-image\" loading=\"eager\"><\/span><span class=\"fg-image-overlay\"><\/span><\/a><figcaption class=\"fg-caption\"><div class=\"fg-caption-inner\"><div class=\"fg-caption-title\">Dezerty a \u0159ezy<\/div><\/div><\/figcaption><\/figure><div class=\"fg-loader\"><\/div><\/div><div class=\"fg-item fg-type-iframe fg-loaded\"><figure class=\"fg-item-inner\"><a href=\"https:\/\/www.cafeberuska.cz\/index.php\/dorty-klasicke-a-cheesecaky\/\" data-caption-title=\"Dorty klasick\u00e9 a Cheesecaky\" data-attachment-id=\"3354\" data-type=\"iframe\" class=\"fg-thumb\"><span class=\"fg-image-wrap\"><img decoding=\"async\" src=\"https:\/\/www.cafeberuska.cz\/wp-content\/uploads\/2025\/02\/Cokoladovy_uvod.jpg\" width=\"1000\" height=\"1501.76678445\" class=\"skip-lazy fg-image\" loading=\"eager\"><\/span><span class=\"fg-image-overlay\"><\/span><\/a><figcaption class=\"fg-caption\"><div class=\"fg-caption-inner\"><div class=\"fg-caption-title\">Dorty klasick\u00e9 a Cheesecaky<\/div><\/div><\/figcaption><\/figure><div class=\"fg-loader\"><\/div><\/div><div class=\"fg-item fg-type-iframe fg-loaded\"><figure class=\"fg-item-inner\"><a href=\"https:\/\/www.cafeberuska.cz\/index.php\/dorty-detske-a-tematicke\/\" data-caption-title=\"Dorty d\u011btsk\u00e9 a t\u00e9matick\u00e9\" data-attachment-id=\"2064\" data-type=\"iframe\" class=\"fg-thumb\"><span class=\"fg-image-wrap\"><img decoding=\"async\" src=\"https:\/\/www.cafeberuska.cz\/wp-content\/uploads\/2021\/02\/Dorty-s-detskym-motivem-2.png\" width=\"1000\" height=\"1501.76678445\" class=\"skip-lazy fg-image\" loading=\"eager\"><\/span><span class=\"fg-image-overlay\"><\/span><\/a><figcaption class=\"fg-caption\"><div class=\"fg-caption-inner\"><div class=\"fg-caption-title\">Dorty d\u011btsk\u00e9 a t\u00e9matick\u00e9<\/div><\/div><\/figcaption><\/figure><div class=\"fg-loader\"><\/div><\/div><div class=\"fg-item fg-type-iframe fg-loaded\"><figure class=\"fg-item-inner\"><a href=\"https:\/\/www.cafeberuska.cz\/index.php\/dorty-svatebni\/\" data-caption-title=\"Dorty svatebn\u00ed\" data-attachment-id=\"2065\" data-type=\"iframe\" class=\"fg-thumb\"><span class=\"fg-image-wrap\"><img decoding=\"async\" src=\"https:\/\/www.cafeberuska.cz\/wp-content\/uploads\/2021\/02\/Dorty-svatebni-1.png\" width=\"1000\" height=\"1501.76678445\" class=\"skip-lazy fg-image\" loading=\"eager\"><\/span><span class=\"fg-image-overlay\"><\/span><\/a><figcaption class=\"fg-caption\"><div class=\"fg-caption-inner\"><div class=\"fg-caption-title\">Dorty svatebn\u00ed<\/div><\/div><\/figcaption><\/figure><div class=\"fg-loader\"><\/div><\/div><div class=\"fg-item fg-type-iframe fg-loaded\"><figure class=\"fg-item-inner\"><a href=\"https:\/\/www.cafeberuska.cz\/index.php\/nejzajimavejsi-dorty\/\" data-caption-title=\"Nejzaj\u00edmav\u011bj\u0161\u00ed dorty\" data-attachment-id=\"2067\" data-type=\"iframe\" class=\"fg-thumb\"><span class=\"fg-image-wrap\"><img decoding=\"async\" src=\"https:\/\/www.cafeberuska.cz\/wp-content\/uploads\/2021\/02\/Nejzajimavejsi-dorty-2.png\" width=\"1000\" height=\"1501.76678445\" class=\"skip-lazy fg-image\" loading=\"eager\"><\/span><span class=\"fg-image-overlay\"><\/span><\/a><figcaption class=\"fg-caption\"><div class=\"fg-caption-inner\"><div class=\"fg-caption-title\">Nejzaj\u00edmav\u011bj\u0161\u00ed dorty<\/div><\/div><\/figcaption><\/figure><div class=\"fg-loader\"><\/div><\/div><div class=\"fg-item fg-type-iframe fg-loaded\"><figure class=\"fg-item-inner\"><a href=\"https:\/\/www.cafeberuska.cz\/index.php\/kolace-a-sladke-pecivo\/\" data-caption-title=\"Kol\u00e1\u010de a sladk\u00e9 pe\u010divo\" data-attachment-id=\"3431\" data-type=\"iframe\" class=\"fg-thumb\"><span class=\"fg-image-wrap\"><img decoding=\"async\" src=\"https:\/\/www.cafeberuska.cz\/wp-content\/uploads\/2025\/11\/Chodsky-kolac-Uvodka.jpg\" width=\"1000\" height=\"1501.76678445\" class=\"skip-lazy fg-image\" loading=\"eager\"><\/span><span class=\"fg-image-overlay\"><\/span><\/a><figcaption class=\"fg-caption\"><div class=\"fg-caption-inner\"><div class=\"fg-caption-title\">Kol\u00e1\u010de a sladk\u00e9 pe\u010divo<\/div><\/div><\/figcaption><\/figure><div class=\"fg-loader\"><\/div><\/div><div class=\"fg-item fg-type-iframe fg-loaded\"><figure class=\"fg-item-inner\"><a href=\"https:\/\/www.cafeberuska.cz\/index.php\/henri-misky-a-plnene-pecivo\/\" data-caption-title=\"Henri misky a pln\u011bn\u00e9 pe\u010divo\" data-attachment-id=\"3395\" data-type=\"iframe\" class=\"fg-thumb\"><span class=\"fg-image-wrap\"><img decoding=\"async\" src=\"https:\/\/www.cafeberuska.cz\/wp-content\/uploads\/2025\/05\/Henri-misky-a-plnene-pecivo.jpg\" width=\"1000\" height=\"1501.76678445\" class=\"skip-lazy fg-image\" loading=\"eager\"><\/span><span class=\"fg-image-overlay\"><\/span><\/a><figcaption class=\"fg-caption\"><div class=\"fg-caption-inner\"><div class=\"fg-caption-title\">Henri misky a pln\u011bn\u00e9 pe\u010divo<\/div><\/div><\/figcaption><\/figure><div class=\"fg-loader\"><\/div><\/div><div class=\"fg-item fg-type-iframe fg-loaded\"><figure class=\"fg-item-inner\"><a href=\"https:\/\/www.cafeberuska.cz\/index.php\/chlebicky-a-minichlebicky\/\" data-caption-title=\"Chleb\u00ed\u010dky a minichleb\u00ed\u010dky\" data-attachment-id=\"2082\" data-type=\"iframe\" class=\"fg-thumb\"><span class=\"fg-image-wrap\"><img decoding=\"async\" src=\"https:\/\/www.cafeberuska.cz\/wp-content\/uploads\/2021\/02\/Chlebicky-a-minichlebicky-1.png\" width=\"1000\" height=\"1501.76678445\" class=\"skip-lazy fg-image\" loading=\"eager\"><\/span><span class=\"fg-image-overlay\"><\/span><\/a><figcaption class=\"fg-caption\"><div class=\"fg-caption-inner\"><div class=\"fg-caption-title\">Chleb\u00ed\u010dky a minichleb\u00ed\u010dky<\/div><\/div><\/figcaption><\/figure><div class=\"fg-loader\"><\/div><\/div><div class=\"fg-item fg-type-iframe fg-loaded\"><figure class=\"fg-item-inner\"><a href=\"https:\/\/www.cafeberuska.cz\/index.php\/oblozene-misy-a-slane-dorty\/\" data-caption-title=\"Oblo\u017een\u00e9 m\u00edsy a slan\u00e9 dorty\" data-attachment-id=\"2083\" data-type=\"iframe\" class=\"fg-thumb\"><span class=\"fg-image-wrap\"><img decoding=\"async\" src=\"https:\/\/www.cafeberuska.cz\/wp-content\/uploads\/2021\/02\/Oblozene-misy-chleb.-a-sp.-dorty-1.png\" width=\"1000\" height=\"1501.76678445\" class=\"skip-lazy fg-image\" loading=\"eager\"><\/span><span class=\"fg-image-overlay\"><\/span><\/a><figcaption class=\"fg-caption\"><div class=\"fg-caption-inner\"><div class=\"fg-caption-title\">Oblo\u017een\u00e9 m\u00edsy a slan\u00e9 dorty<\/div><\/div><\/figcaption><\/figure><div class=\"fg-loader\"><\/div><\/div><div class=\"fg-item fg-type-iframe fg-loaded\"><figure class=\"fg-item-inner\"><a href=\"https:\/\/www.cafeberuska.cz\/index.php\/rautove-misy-a-rizecky\/\" data-caption-title=\"Rautov\u00e9 m\u00edsy a \u0159\u00edze\u010dky\" data-attachment-id=\"2085\" data-type=\"iframe\" class=\"fg-thumb\"><span class=\"fg-image-wrap\"><img decoding=\"async\" src=\"https:\/\/www.cafeberuska.cz\/wp-content\/uploads\/2021\/02\/Rauty-a-rautove-misy-2.png\" width=\"1000\" height=\"1501.76678445\" class=\"skip-lazy fg-image\" loading=\"eager\"><\/span><span class=\"fg-image-overlay\"><\/span><\/a><figcaption class=\"fg-caption\"><div class=\"fg-caption-inner\"><div class=\"fg-caption-title\">Rautov\u00e9 m\u00edsy a \u0159\u00edze\u010dky<\/div><\/div><\/figcaption><\/figure><div class=\"fg-loader\"><\/div><\/div><div class=\"fg-item fg-type-iframe fg-loaded\"><figure class=\"fg-item-inner\"><a href=\"https:\/\/www.cafeberuska.cz\/index.php\/minizakusky-na-svatby\/\" data-caption-title=\"Miniz\u00e1kusky, v\u00fdslu\u017eky na svatby\" data-attachment-id=\"3265\" data-type=\"iframe\" class=\"fg-thumb\"><span class=\"fg-image-wrap\"><img decoding=\"async\" src=\"https:\/\/www.cafeberuska.cz\/wp-content\/uploads\/2024\/08\/Nahledovka-web-katalogu-1.jpg\" width=\"1000\" height=\"1501.76678445\" class=\"skip-lazy fg-image\" loading=\"eager\"><\/span><span class=\"fg-image-overlay\"><\/span><\/a><figcaption class=\"fg-caption\"><div class=\"fg-caption-inner\"><div class=\"fg-caption-title\">Miniz\u00e1kusky, v\u00fdslu\u017eky na svatby<\/div><\/div><\/figcaption><\/figure><div class=\"fg-loader\"><\/div><\/div><\/div>","protected":false},"excerpt":{"rendered":"","protected":false},"author":1,"featured_media":0,"parent":0,"menu_order":0,"comment_status":"closed","ping_status":"closed","template":"","meta":{"_monsterinsights_skip_tracking":false,"_monsterinsights_sitenote_active":false,"_monsterinsights_sitenote_note":"","_monsterinsights_sitenote_category":0,"footnotes":""},"class_list":["post-12","page","type-page","status-publish","hentry"],"aioseo_notices":[],"_links":{"self":[{"href":"https:\/\/www.cafeberuska.cz\/index.php\/wp-json\/wp\/v2\/pages\/12","targetHints":{"allow":["GET"]}}],"collection":[{"href":"https:\/\/www.cafeberuska.cz\/index.php\/wp-json\/wp\/v2\/pages"}],"about":[{"href":"https:\/\/www.cafeberuska.cz\/index.php\/wp-json\/wp\/v2\/types\/page"}],"author":[{"embeddable":true,"href":"https:\/\/www.cafeberuska.cz\/index.php\/wp-json\/wp\/v2\/users\/1"}],"replies":[{"embeddable":true,"href":"https:\/\/www.cafeberuska.cz\/index.php\/wp-json\/wp\/v2\/comments?post=12"}],"version-history":[{"count":186,"href":"https:\/\/www.cafeberuska.cz\/index.php\/wp-json\/wp\/v2\/pages\/12\/revisions"}],"predecessor-version":[{"id":3103,"href":"https:\/\/www.cafeberuska.cz\/index.php\/wp-json\/wp\/v2\/pages\/12\/revisions\/3103"}],"wp:attachment":[{"href":"https:\/\/www.cafeberuska.cz\/index.php\/wp-json\/wp\/v2\/media?parent=12"}],"curies":[{"name":"wp","href":"https:\/\/api.w.org\/{rel}","templated":true}]}}