{"id":1524,"date":"2021-03-05T12:22:52","date_gmt":"2021-03-05T12:22:52","guid":{"rendered":"http:\/\/www.cafeberuska.online\/?page_id=1524"},"modified":"2021-04-23T11:02:26","modified_gmt":"2021-04-23T11:02:26","slug":"chlebicky-a-minichlebicky","status":"publish","type":"page","link":"https:\/\/www.cafeberuska.cz\/index.php\/chlebicky-a-minichlebicky\/","title":{"rendered":"Chleb\u00ed\u010dky a minichleb\u00ed\u010dky"},"content":{"rendered":"<style type=\"text\/css\">\n#foogallery-gallery-1523.fg-masonry { --fg-gutter: 20px; }<\/style>\n\t\t\t<div class=\"foogallery foogallery-container foogallery-masonry foogallery-lightbox-foobox fg-center fg-masonry fg-ready fg-light fg-border-medium fg-round-small fg-shadow-medium fg-loading-default fg-loaded-fade-in fg-hover-scale fg-captions-bottom fg-hover-fade fg-hover-zoom2 fg-light-overlays fg-col3\" id=\"foogallery-gallery-1523\" data-foogallery=\"{&quot;item&quot;:{&quot;showCaptionTitle&quot;:true,&quot;showCaptionDescription&quot;:true},&quot;lazy&quot;:false,&quot;src&quot;:&quot;src&quot;,&quot;srcset&quot;:&quot;srcset&quot;}\" style=\"--fg-title-line-clamp: 0; --fg-description-line-clamp: 0;\" >\n\t\t<div class=\"fg-column-width\"><\/div>\n\t<div class=\"fg-gutter-width\"><\/div>\n\t\t<div class=\"fg-item fg-type-image fg-loaded\"><figure class=\"fg-item-inner\"><a href=\"https:\/\/www.cafeberuska.cz\/wp-content\/uploads\/2021\/05\/minichlebicky_web.jpg\" data-caption-desc=\"30,- K\u010d\/ks&lt;br&gt;&lt;br&gt;-\r\nmin. 10 ks od druhu\" data-caption-title=\"Minichleb\u00ed\u010dky\" data-attachment-id=\"2509\" data-type=\"image\" class=\"fg-thumb\"><span class=\"fg-image-wrap\"><img fetchpriority=\"high\" decoding=\"async\" src=\"https:\/\/www.cafeberuska.cz\/wp-content\/uploads\/cache\/2021\/05\/minichlebicky_web\/1289395293.jpg\" width=\"1000\" height=\"704\" class=\"skip-lazy fg-image\" loading=\"eager\"><\/span><span class=\"fg-image-overlay\"><\/span><\/a><figcaption class=\"fg-caption\"><div class=\"fg-caption-inner\"><div class=\"fg-caption-title\">Minichleb\u00ed\u010dky<\/div><div class=\"fg-caption-desc\">30,- K\u010d\/ks<br><br>-\r\nmin. 10 ks od druhu<\/div><\/div><\/figcaption><\/figure><div class=\"fg-loader\"><\/div><\/div><div class=\"fg-item fg-type-image fg-loaded\"><figure class=\"fg-item-inner\"><a href=\"https:\/\/www.cafeberuska.cz\/wp-content\/uploads\/2025\/05\/Kanapky2.jpg\" data-caption-desc=\"25,- K\u010d\/ks&lt;br&gt;lososov\u00e1, vaj\u00ed\u010dkov\u00e1, klob\u00e1sov\u00e1 -\r\nmin. 10 ks od druhu\" data-caption-title=\"Kanapky\" data-attachment-id=\"3381\" data-type=\"image\" class=\"fg-thumb\"><span class=\"fg-image-wrap\"><img decoding=\"async\" src=\"https:\/\/www.cafeberuska.cz\/wp-content\/uploads\/cache\/2025\/05\/Kanapky2\/990292947.jpg\" width=\"1000\" height=\"704\" class=\"skip-lazy fg-image\" loading=\"eager\"><\/span><span class=\"fg-image-overlay\"><\/span><\/a><figcaption class=\"fg-caption\"><div class=\"fg-caption-inner\"><div class=\"fg-caption-title\">Kanapky<\/div><div class=\"fg-caption-desc\">25,- K\u010d\/ks<br>lososov\u00e1, vaj\u00ed\u010dkov\u00e1, klob\u00e1sov\u00e1 -\r\nmin. 10 ks od druhu<\/div><\/div><\/figcaption><\/figure><div class=\"fg-loader\"><\/div><\/div><div class=\"fg-item fg-type-image fg-loaded\"><figure class=\"fg-item-inner\"><a href=\"https:\/\/www.cafeberuska.cz\/wp-content\/uploads\/2024\/10\/Chleby.jpg\" data-caption-desc=\"Chl\u00e9b s vaj\u00ed\u010dkem a slaninou 48,- K\u010d&lt;br&gt;\u017ditn\u00fd chl\u00e9b s uzenou krkovic\u00ed 48,- K\u010d\" data-caption-title=\"Oblo\u017een\u00e9 chleby\" data-attachment-id=\"3287\" data-type=\"image\" class=\"fg-thumb\"><span class=\"fg-image-wrap\"><img decoding=\"async\" src=\"https:\/\/www.cafeberuska.cz\/wp-content\/uploads\/cache\/2024\/10\/Chleby\/2620419097.jpg\" width=\"1000\" height=\"704\" class=\"skip-lazy fg-image\" loading=\"eager\"><\/span><span class=\"fg-image-overlay\"><\/span><\/a><figcaption class=\"fg-caption\"><div class=\"fg-caption-inner\"><div class=\"fg-caption-title\">Oblo\u017een\u00e9 chleby<\/div><div class=\"fg-caption-desc\">Chl\u00e9b s vaj\u00ed\u010dkem a slaninou 48,- K\u010d<br>\u017ditn\u00fd chl\u00e9b s uzenou krkovic\u00ed 48,- K\u010d<\/div><\/div><\/figcaption><\/figure><div class=\"fg-loader\"><\/div><\/div><div class=\"fg-item fg-type-image fg-loaded\"><figure class=\"fg-item-inner\"><a href=\"https:\/\/www.cafeberuska.cz\/wp-content\/uploads\/2025\/05\/Chlebicek-hermelinovy1.jpg\" data-caption-desc=\"38,- K\u010d&lt;br&gt;hermel\u00edn, \u0161unka, hermel\u00ednov\u00fd sal\u00e1t\" data-caption-title=\"Chleb\u00ed\u010dek hermel\u00ednov\u00fd\" data-attachment-id=\"3390\" data-type=\"image\" class=\"fg-thumb\"><span class=\"fg-image-wrap\"><img decoding=\"async\" src=\"https:\/\/www.cafeberuska.cz\/wp-content\/uploads\/cache\/2025\/05\/Chlebicek-hermelinovy1\/3054631553.jpg\" width=\"1000\" height=\"704\" class=\"skip-lazy fg-image\" loading=\"eager\"><\/span><span class=\"fg-image-overlay\"><\/span><\/a><figcaption class=\"fg-caption\"><div class=\"fg-caption-inner\"><div class=\"fg-caption-title\">Chleb\u00ed\u010dek hermel\u00ednov\u00fd<\/div><div class=\"fg-caption-desc\">38,- K\u010d<br>hermel\u00edn, \u0161unka, hermel\u00ednov\u00fd sal\u00e1t<\/div><\/div><\/figcaption><\/figure><div class=\"fg-loader\"><\/div><\/div><div class=\"fg-item fg-type-image fg-loaded\"><figure class=\"fg-item-inner\"><a href=\"https:\/\/www.cafeberuska.cz\/wp-content\/uploads\/2023\/07\/Chlebicky-Balkanske-s-repou.jpg\" data-caption-desc=\"35,- K\u010d\/ks\" data-caption-title=\"Chleb\u00ed\u010dky Balk\u00e1nsk\u00e9 s \u0159epou\" data-attachment-id=\"3063\" data-type=\"image\" class=\"fg-thumb\"><span class=\"fg-image-wrap\"><img decoding=\"async\" src=\"https:\/\/www.cafeberuska.cz\/wp-content\/uploads\/cache\/2023\/07\/Chlebicky-Balkanske-s-repou\/4164519355.jpg\" width=\"1000\" height=\"704\" class=\"skip-lazy fg-image\" loading=\"eager\"><\/span><span class=\"fg-image-overlay\"><\/span><\/a><figcaption class=\"fg-caption\"><div class=\"fg-caption-inner\"><div class=\"fg-caption-title\">Chleb\u00ed\u010dky Balk\u00e1nsk\u00e9 s \u0159epou<\/div><div class=\"fg-caption-desc\">35,- K\u010d\/ks<\/div><\/div><\/figcaption><\/figure><div class=\"fg-loader\"><\/div><\/div><div class=\"fg-item fg-type-image fg-loaded\"><figure class=\"fg-item-inner\"><a href=\"https:\/\/www.cafeberuska.cz\/wp-content\/uploads\/2021\/03\/chlebicky-Caprese.jpg\" data-caption-desc=\"35,- K\u010d\/ks\" data-caption-title=\"Chleb\u00ed\u010dky Caprese\" data-attachment-id=\"2688\" data-type=\"image\" class=\"fg-thumb\"><span class=\"fg-image-wrap\"><img decoding=\"async\" src=\"https:\/\/www.cafeberuska.cz\/wp-content\/uploads\/cache\/2021\/03\/chlebicky-Caprese\/2397426091.jpg\" width=\"1000\" height=\"704\" class=\"skip-lazy fg-image\" loading=\"eager\"><\/span><span class=\"fg-image-overlay\"><\/span><\/a><figcaption class=\"fg-caption\"><div class=\"fg-caption-inner\"><div class=\"fg-caption-title\">Chleb\u00ed\u010dky Caprese<\/div><div class=\"fg-caption-desc\">35,- K\u010d\/ks<\/div><\/div><\/figcaption><\/figure><div class=\"fg-loader\"><\/div><\/div><div class=\"fg-item fg-type-image fg-loaded\"><figure class=\"fg-item-inner\"><a href=\"https:\/\/www.cafeberuska.cz\/wp-content\/uploads\/2021\/03\/Chlebicky-dabelske.jpg\" data-caption-desc=\"32,- K\u010d\/ks\" data-caption-title=\"Chleb\u00ed\u010dky \u010f\u00e1belsk\u00e9\" data-attachment-id=\"1744\" data-type=\"image\" class=\"fg-thumb\"><span class=\"fg-image-wrap\"><img decoding=\"async\" src=\"https:\/\/www.cafeberuska.cz\/wp-content\/uploads\/cache\/2021\/03\/Chlebicky-dabelske\/2167753313.jpg\" width=\"1000\" height=\"704\" class=\"skip-lazy fg-image\" loading=\"eager\"><\/span><span class=\"fg-image-overlay\"><\/span><\/a><figcaption class=\"fg-caption\"><div class=\"fg-caption-inner\"><div class=\"fg-caption-title\">Chleb\u00ed\u010dky \u010f\u00e1belsk\u00e9<\/div><div class=\"fg-caption-desc\">32,- K\u010d\/ks<\/div><\/div><\/figcaption><\/figure><div class=\"fg-loader\"><\/div><\/div><div class=\"fg-item fg-type-image fg-loaded\"><figure class=\"fg-item-inner\"><a href=\"https:\/\/www.cafeberuska.cz\/wp-content\/uploads\/2021\/03\/Chlebicky-dietni.jpg\" data-caption-desc=\"35,- K\u010d\/ks\" data-caption-title=\"Chleb\u00ed\u010dky dietn\u00ed\" data-attachment-id=\"1745\" data-type=\"image\" class=\"fg-thumb\"><span class=\"fg-image-wrap\"><img decoding=\"async\" src=\"https:\/\/www.cafeberuska.cz\/wp-content\/uploads\/cache\/2021\/03\/Chlebicky-dietni\/3910385671.jpg\" width=\"1000\" height=\"704\" class=\"skip-lazy fg-image\" loading=\"eager\"><\/span><span class=\"fg-image-overlay\"><\/span><\/a><figcaption class=\"fg-caption\"><div class=\"fg-caption-inner\"><div class=\"fg-caption-title\">Chleb\u00ed\u010dky dietn\u00ed<\/div><div class=\"fg-caption-desc\">35,- K\u010d\/ks<\/div><\/div><\/figcaption><\/figure><div class=\"fg-loader\"><\/div><\/div><div class=\"fg-item fg-type-image fg-loaded\"><figure class=\"fg-item-inner\"><a href=\"https:\/\/www.cafeberuska.cz\/wp-content\/uploads\/2021\/03\/chlebicky-Fresh.jpg\" data-caption-desc=\"35,- K\u010d\/ks\" data-caption-title=\"Chleb\u00ed\u010dky Fresh\" data-attachment-id=\"2689\" data-type=\"image\" class=\"fg-thumb\"><span class=\"fg-image-wrap\"><img decoding=\"async\" src=\"https:\/\/www.cafeberuska.cz\/wp-content\/uploads\/cache\/2021\/03\/chlebicky-Fresh\/3673781703.jpg\" width=\"1000\" height=\"704\" class=\"skip-lazy fg-image\" loading=\"eager\"><\/span><span class=\"fg-image-overlay\"><\/span><\/a><figcaption class=\"fg-caption\"><div class=\"fg-caption-inner\"><div class=\"fg-caption-title\">Chleb\u00ed\u010dky Fresh<\/div><div class=\"fg-caption-desc\">35,- K\u010d\/ks<\/div><\/div><\/figcaption><\/figure><div class=\"fg-loader\"><\/div><\/div><div class=\"fg-item fg-type-image fg-loaded\"><figure class=\"fg-item-inner\"><a href=\"https:\/\/www.cafeberuska.cz\/wp-content\/uploads\/2021\/03\/chlebicky-Jarni.jpg\" data-caption-desc=\"35,- K\u010d\/ks\" data-caption-title=\"Chleb\u00ed\u010dky Jarn\u00ed\" data-attachment-id=\"2690\" data-type=\"image\" class=\"fg-thumb\"><span class=\"fg-image-wrap\"><img decoding=\"async\" src=\"https:\/\/www.cafeberuska.cz\/wp-content\/uploads\/cache\/2021\/03\/chlebicky-Jarni\/3636806531.jpg\" width=\"1000\" height=\"704\" class=\"skip-lazy fg-image\" loading=\"eager\"><\/span><span class=\"fg-image-overlay\"><\/span><\/a><figcaption class=\"fg-caption\"><div class=\"fg-caption-inner\"><div class=\"fg-caption-title\">Chleb\u00ed\u010dky Jarn\u00ed<\/div><div class=\"fg-caption-desc\">35,- K\u010d\/ks<\/div><\/div><\/figcaption><\/figure><div class=\"fg-loader\"><\/div><\/div><div class=\"fg-item fg-type-image fg-loaded\"><figure class=\"fg-item-inner\"><a href=\"https:\/\/www.cafeberuska.cz\/wp-content\/uploads\/2021\/03\/Chlebicky-krabi.jpg\" data-caption-desc=\"32,- K\u010d\/ks\" data-caption-title=\"Chleb\u00ed\u010dky krab\u00ed\" data-attachment-id=\"1746\" data-type=\"image\" class=\"fg-thumb\"><span class=\"fg-image-wrap\"><img decoding=\"async\" src=\"https:\/\/www.cafeberuska.cz\/wp-content\/uploads\/cache\/2021\/03\/Chlebicky-krabi\/309988764.jpg\" width=\"1000\" height=\"704\" class=\"skip-lazy fg-image\" loading=\"eager\"><\/span><span class=\"fg-image-overlay\"><\/span><\/a><figcaption class=\"fg-caption\"><div class=\"fg-caption-inner\"><div class=\"fg-caption-title\">Chleb\u00ed\u010dky krab\u00ed<\/div><div class=\"fg-caption-desc\">32,- K\u010d\/ks<\/div><\/div><\/figcaption><\/figure><div class=\"fg-loader\"><\/div><\/div><div class=\"fg-item fg-type-image fg-loaded\"><figure class=\"fg-item-inner\"><a href=\"https:\/\/www.cafeberuska.cz\/wp-content\/uploads\/2021\/03\/chlebicky-nivove.jpg\" data-caption-desc=\"35,- K\u010d\/ks\" data-caption-title=\"Chleb\u00ed\u010dky Nivov\u00e9\" data-attachment-id=\"2691\" data-type=\"image\" class=\"fg-thumb\"><span class=\"fg-image-wrap\"><img decoding=\"async\" src=\"https:\/\/www.cafeberuska.cz\/wp-content\/uploads\/cache\/2021\/03\/chlebicky-nivove\/3897829226.jpg\" width=\"1000\" height=\"704\" class=\"skip-lazy fg-image\" loading=\"eager\"><\/span><span class=\"fg-image-overlay\"><\/span><\/a><figcaption class=\"fg-caption\"><div class=\"fg-caption-inner\"><div class=\"fg-caption-title\">Chleb\u00ed\u010dky Nivov\u00e9<\/div><div class=\"fg-caption-desc\">35,- K\u010d\/ks<\/div><\/div><\/figcaption><\/figure><div class=\"fg-loader\"><\/div><\/div><div class=\"fg-item fg-type-image fg-loaded\"><figure class=\"fg-item-inner\"><a href=\"https:\/\/www.cafeberuska.cz\/wp-content\/uploads\/2021\/03\/chlebicky-rajcatove.jpg\" data-caption-desc=\"35,- K\u010d\/ks\" data-caption-title=\"Chleb\u00ed\u010dky Raj\u010datov\u00e9\" data-attachment-id=\"2692\" data-type=\"image\" class=\"fg-thumb\"><span class=\"fg-image-wrap\"><img decoding=\"async\" src=\"https:\/\/www.cafeberuska.cz\/wp-content\/uploads\/cache\/2021\/03\/chlebicky-rajcatove\/78440696.jpg\" width=\"1000\" height=\"704\" class=\"skip-lazy fg-image\" loading=\"eager\"><\/span><span class=\"fg-image-overlay\"><\/span><\/a><figcaption class=\"fg-caption\"><div class=\"fg-caption-inner\"><div class=\"fg-caption-title\">Chleb\u00ed\u010dky Raj\u010datov\u00e9<\/div><div class=\"fg-caption-desc\">35,- K\u010d\/ks<\/div><\/div><\/figcaption><\/figure><div class=\"fg-loader\"><\/div><\/div><div class=\"fg-item fg-type-image fg-loaded\"><figure class=\"fg-item-inner\"><a href=\"https:\/\/www.cafeberuska.cz\/wp-content\/uploads\/2023\/07\/Chlebicky-rajcatove-s-vajicky.jpg\" data-caption-desc=\"35,- K\u010d\/ks\" data-caption-title=\"Chleb\u00ed\u010dky raj\u010datov\u00e9 s vaj\u00ed\u010dky\" data-attachment-id=\"3064\" data-type=\"image\" class=\"fg-thumb\"><span class=\"fg-image-wrap\"><img decoding=\"async\" src=\"https:\/\/www.cafeberuska.cz\/wp-content\/uploads\/cache\/2023\/07\/Chlebicky-rajcatove-s-vajicky\/3241564328.jpg\" width=\"1000\" height=\"704\" class=\"skip-lazy fg-image\" loading=\"eager\"><\/span><span class=\"fg-image-overlay\"><\/span><\/a><figcaption class=\"fg-caption\"><div class=\"fg-caption-inner\"><div class=\"fg-caption-title\">Chleb\u00ed\u010dky raj\u010datov\u00e9 s vaj\u00ed\u010dky<\/div><div class=\"fg-caption-desc\">35,- K\u010d\/ks<\/div><\/div><\/figcaption><\/figure><div class=\"fg-loader\"><\/div><\/div><div class=\"fg-item fg-type-image fg-loaded\"><figure class=\"fg-item-inner\"><a href=\"https:\/\/www.cafeberuska.cz\/wp-content\/uploads\/2021\/03\/Chlebicky-s-debrecinkou.jpg\" data-caption-desc=\"35,- K\u010d\/ks\" data-caption-title=\"Chleb\u00ed\u010dky s debrec\u00ednkou\" data-attachment-id=\"1747\" data-type=\"image\" class=\"fg-thumb\"><span class=\"fg-image-wrap\"><img decoding=\"async\" src=\"https:\/\/www.cafeberuska.cz\/wp-content\/uploads\/cache\/2021\/03\/Chlebicky-s-debrecinkou\/2266073834.jpg\" width=\"1000\" height=\"704\" class=\"skip-lazy fg-image\" loading=\"eager\"><\/span><span class=\"fg-image-overlay\"><\/span><\/a><figcaption class=\"fg-caption\"><div class=\"fg-caption-inner\"><div class=\"fg-caption-title\">Chleb\u00ed\u010dky s debrec\u00ednkou<\/div><div class=\"fg-caption-desc\">35,- K\u010d\/ks<\/div><\/div><\/figcaption><\/figure><div class=\"fg-loader\"><\/div><\/div><div class=\"fg-item fg-type-image fg-loaded\"><figure class=\"fg-item-inner\"><a href=\"https:\/\/www.cafeberuska.cz\/wp-content\/uploads\/2021\/03\/Chlebicky-s-herkulesem.jpg\" data-caption-desc=\"35,- K\u010d\/ks\" data-caption-title=\"Chleb\u00ed\u010dky s herkulesem\" data-attachment-id=\"1748\" data-type=\"image\" class=\"fg-thumb\"><span class=\"fg-image-wrap\"><img decoding=\"async\" src=\"https:\/\/www.cafeberuska.cz\/wp-content\/uploads\/cache\/2021\/03\/Chlebicky-s-herkulesem\/3410440922.jpg\" width=\"1000\" height=\"704\" class=\"skip-lazy fg-image\" loading=\"eager\"><\/span><span class=\"fg-image-overlay\"><\/span><\/a><figcaption class=\"fg-caption\"><div class=\"fg-caption-inner\"><div class=\"fg-caption-title\">Chleb\u00ed\u010dky s herkulesem<\/div><div class=\"fg-caption-desc\">35,- K\u010d\/ks<\/div><\/div><\/figcaption><\/figure><div class=\"fg-loader\"><\/div><\/div><div class=\"fg-item fg-type-image fg-loaded\"><figure class=\"fg-item-inner\"><a href=\"https:\/\/www.cafeberuska.cz\/wp-content\/uploads\/2021\/03\/chlebicky-s-paprikasem.jpg\" data-caption-desc=\"35,- K\u010d\/ks\" data-caption-title=\"Chleb\u00ed\u010dky s paprik\u00e1\u0161em\" data-attachment-id=\"2693\" data-type=\"image\" class=\"fg-thumb\"><span class=\"fg-image-wrap\"><img decoding=\"async\" src=\"https:\/\/www.cafeberuska.cz\/wp-content\/uploads\/cache\/2021\/03\/chlebicky-s-paprikasem\/2979739155.jpg\" width=\"1000\" height=\"704\" class=\"skip-lazy fg-image\" loading=\"eager\"><\/span><span class=\"fg-image-overlay\"><\/span><\/a><figcaption class=\"fg-caption\"><div class=\"fg-caption-inner\"><div class=\"fg-caption-title\">Chleb\u00ed\u010dky s paprik\u00e1\u0161em<\/div><div class=\"fg-caption-desc\">35,- K\u010d\/ks<\/div><\/div><\/figcaption><\/figure><div class=\"fg-loader\"><\/div><\/div><div class=\"fg-item fg-type-image fg-loaded\"><figure class=\"fg-item-inner\"><a href=\"https:\/\/www.cafeberuska.cz\/wp-content\/uploads\/2021\/03\/Chlebicky-s-rostbifem.jpg\" data-caption-desc=\"35,- K\u010d\/ks\" data-caption-title=\"Chleb\u00ed\u010dky s rostb\u00edfem\" data-attachment-id=\"1749\" data-type=\"image\" class=\"fg-thumb\"><span class=\"fg-image-wrap\"><img decoding=\"async\" src=\"https:\/\/www.cafeberuska.cz\/wp-content\/uploads\/cache\/2021\/03\/Chlebicky-s-rostbifem\/2213051833.jpg\" width=\"1000\" height=\"704\" class=\"skip-lazy fg-image\" loading=\"eager\"><\/span><span class=\"fg-image-overlay\"><\/span><\/a><figcaption class=\"fg-caption\"><div class=\"fg-caption-inner\"><div class=\"fg-caption-title\">Chleb\u00ed\u010dky s rostb\u00edfem<\/div><div class=\"fg-caption-desc\">35,- K\u010d\/ks<\/div><\/div><\/figcaption><\/figure><div class=\"fg-loader\"><\/div><\/div><div class=\"fg-item fg-type-image fg-loaded\"><figure class=\"fg-item-inner\"><a href=\"https:\/\/www.cafeberuska.cz\/wp-content\/uploads\/2021\/03\/Chlebicky-s-vajickem.jpg\" data-caption-desc=\"38,- K\u010d\/ks\" data-caption-title=\"Chleb\u00ed\u010dky s vaj\u00ed\u010dkem\" data-attachment-id=\"1750\" data-type=\"image\" class=\"fg-thumb\"><span class=\"fg-image-wrap\"><img decoding=\"async\" src=\"https:\/\/www.cafeberuska.cz\/wp-content\/uploads\/cache\/2021\/03\/Chlebicky-s-vajickem\/1795825283.jpg\" width=\"1000\" height=\"704\" class=\"skip-lazy fg-image\" loading=\"eager\"><\/span><span class=\"fg-image-overlay\"><\/span><\/a><figcaption class=\"fg-caption\"><div class=\"fg-caption-inner\"><div class=\"fg-caption-title\">Chleb\u00ed\u010dky s vaj\u00ed\u010dkem<\/div><div class=\"fg-caption-desc\">38,- K\u010d\/ks<\/div><\/div><\/figcaption><\/figure><div class=\"fg-loader\"><\/div><\/div><div class=\"fg-item fg-type-image fg-loaded\"><figure class=\"fg-item-inner\"><a href=\"https:\/\/www.cafeberuska.cz\/wp-content\/uploads\/2021\/03\/Chlebicky-se-salamem.jpg\" data-caption-desc=\"35,- K\u010d\/ks\" data-caption-title=\"Chleb\u00ed\u010dky se sal\u00e1mem\" data-attachment-id=\"2352\" data-type=\"image\" class=\"fg-thumb\"><span class=\"fg-image-wrap\"><img decoding=\"async\" src=\"https:\/\/www.cafeberuska.cz\/wp-content\/uploads\/cache\/2021\/03\/Chlebicky-se-salamem\/1287096319.jpg\" width=\"1000\" height=\"704\" class=\"skip-lazy fg-image\" loading=\"eager\"><\/span><span class=\"fg-image-overlay\"><\/span><\/a><figcaption class=\"fg-caption\"><div class=\"fg-caption-inner\"><div class=\"fg-caption-title\">Chleb\u00ed\u010dky se sal\u00e1mem<\/div><div class=\"fg-caption-desc\">35,- K\u010d\/ks<\/div><\/div><\/figcaption><\/figure><div class=\"fg-loader\"><\/div><\/div><div class=\"fg-item fg-type-image fg-loaded\"><figure class=\"fg-item-inner\"><a href=\"https:\/\/www.cafeberuska.cz\/wp-content\/uploads\/2021\/03\/Chlebicky-se-sunkou.jpg\" data-caption-desc=\"35,- K\u010d\/ks\" data-caption-title=\"Chleb\u00ed\u010dky se \u0161unkou\" data-attachment-id=\"1751\" data-type=\"image\" class=\"fg-thumb\"><span class=\"fg-image-wrap\"><img decoding=\"async\" src=\"https:\/\/www.cafeberuska.cz\/wp-content\/uploads\/cache\/2021\/03\/Chlebicky-se-sunkou\/3220449054.jpg\" width=\"1000\" height=\"704\" class=\"skip-lazy fg-image\" loading=\"eager\"><\/span><span class=\"fg-image-overlay\"><\/span><\/a><figcaption class=\"fg-caption\"><div class=\"fg-caption-inner\"><div class=\"fg-caption-title\">Chleb\u00ed\u010dky se \u0161unkou<\/div><div class=\"fg-caption-desc\">35,- K\u010d\/ks<\/div><\/div><\/figcaption><\/figure><div class=\"fg-loader\"><\/div><\/div><div class=\"fg-item fg-type-image fg-loaded\"><figure class=\"fg-item-inner\"><a href=\"https:\/\/www.cafeberuska.cz\/wp-content\/uploads\/2021\/03\/Chleb.-se-sunkou-a-syrem.jpg\" data-caption-desc=\"35,- K\u010d\/ks\" data-caption-title=\"Chleb. se \u0161unkou a s\u00fdrem\" data-attachment-id=\"1743\" data-type=\"image\" class=\"fg-thumb\"><span class=\"fg-image-wrap\"><img decoding=\"async\" src=\"https:\/\/www.cafeberuska.cz\/wp-content\/uploads\/cache\/2021\/03\/Chleb_-se-sunkou-a-syrem\/3238689391.jpg\" width=\"1000\" height=\"704\" class=\"skip-lazy fg-image\" loading=\"eager\"><\/span><span class=\"fg-image-overlay\"><\/span><\/a><figcaption class=\"fg-caption\"><div class=\"fg-caption-inner\"><div class=\"fg-caption-title\">Chleb. se \u0161unkou a s\u00fdrem<\/div><div class=\"fg-caption-desc\">35,- K\u010d\/ks<\/div><\/div><\/figcaption><\/figure><div class=\"fg-loader\"><\/div><\/div><div class=\"fg-item fg-type-image fg-loaded\"><figure class=\"fg-item-inner\"><a href=\"https:\/\/www.cafeberuska.cz\/wp-content\/uploads\/2021\/03\/Chlebicky-special.jpg\" data-caption-desc=\"49,- K\u010d\/ks\" data-caption-title=\"Chleb\u00ed\u010dky speci\u00e1l\" data-attachment-id=\"1752\" data-type=\"image\" class=\"fg-thumb\"><span class=\"fg-image-wrap\"><img decoding=\"async\" src=\"https:\/\/www.cafeberuska.cz\/wp-content\/uploads\/cache\/2021\/03\/Chlebicky-special\/1412428366.jpg\" width=\"1000\" height=\"704\" class=\"skip-lazy fg-image\" loading=\"eager\"><\/span><span class=\"fg-image-overlay\"><\/span><\/a><figcaption class=\"fg-caption\"><div class=\"fg-caption-inner\"><div class=\"fg-caption-title\">Chleb\u00ed\u010dky speci\u00e1l<\/div><div class=\"fg-caption-desc\">49,- K\u010d\/ks<\/div><\/div><\/figcaption><\/figure><div class=\"fg-loader\"><\/div><\/div><div class=\"fg-item fg-type-image fg-loaded\"><figure class=\"fg-item-inner\"><a href=\"https:\/\/www.cafeberuska.cz\/wp-content\/uploads\/2021\/03\/chlebicky-XXL.jpg\" data-caption-desc=\"59,- K\u010d\/ks\" data-caption-title=\"Chleb\u00ed\u010dky XXL\" data-attachment-id=\"2694\" data-type=\"image\" class=\"fg-thumb\"><span class=\"fg-image-wrap\"><img decoding=\"async\" src=\"https:\/\/www.cafeberuska.cz\/wp-content\/uploads\/cache\/2021\/03\/chlebicky-XXL\/4000646637.jpg\" width=\"1000\" height=\"704\" class=\"skip-lazy fg-image\" loading=\"eager\"><\/span><span class=\"fg-image-overlay\"><\/span><\/a><figcaption class=\"fg-caption\"><div class=\"fg-caption-inner\"><div class=\"fg-caption-title\">Chleb\u00ed\u010dky XXL<\/div><div class=\"fg-caption-desc\">59,- K\u010d\/ks<\/div><\/div><\/figcaption><\/figure><div class=\"fg-loader\"><\/div><\/div><\/div>\n","protected":false},"excerpt":{"rendered":"","protected":false},"author":1,"featured_media":0,"parent":0,"menu_order":0,"comment_status":"closed","ping_status":"closed","template":"","meta":{"_monsterinsights_skip_tracking":false,"_monsterinsights_sitenote_active":false,"_monsterinsights_sitenote_note":"","_monsterinsights_sitenote_category":0,"footnotes":""},"class_list":["post-1524","page","type-page","status-publish","hentry"],"aioseo_notices":[],"_links":{"self":[{"href":"https:\/\/www.cafeberuska.cz\/index.php\/wp-json\/wp\/v2\/pages\/1524","targetHints":{"allow":["GET"]}}],"collection":[{"href":"https:\/\/www.cafeberuska.cz\/index.php\/wp-json\/wp\/v2\/pages"}],"about":[{"href":"https:\/\/www.cafeberuska.cz\/index.php\/wp-json\/wp\/v2\/types\/page"}],"author":[{"embeddable":true,"href":"https:\/\/www.cafeberuska.cz\/index.php\/wp-json\/wp\/v2\/users\/1"}],"replies":[{"embeddable":true,"href":"https:\/\/www.cafeberuska.cz\/index.php\/wp-json\/wp\/v2\/comments?post=1524"}],"version-history":[{"count":1,"href":"https:\/\/www.cafeberuska.cz\/index.php\/wp-json\/wp\/v2\/pages\/1524\/revisions"}],"predecessor-version":[{"id":1525,"href":"https:\/\/www.cafeberuska.cz\/index.php\/wp-json\/wp\/v2\/pages\/1524\/revisions\/1525"}],"wp:attachment":[{"href":"https:\/\/www.cafeberuska.cz\/index.php\/wp-json\/wp\/v2\/media?parent=1524"}],"curies":[{"name":"wp","href":"https:\/\/api.w.org\/{rel}","templated":true}]}}