{"id":160,"date":"2021-02-15T14:14:05","date_gmt":"2021-02-15T14:14:05","guid":{"rendered":"http:\/\/www.cafeberuska.online\/?page_id=160"},"modified":"2021-04-23T11:18:06","modified_gmt":"2021-04-23T11:18:06","slug":"oblozene-misy-a-slane-dorty","status":"publish","type":"page","link":"https:\/\/www.cafeberuska.cz\/index.php\/oblozene-misy-a-slane-dorty\/","title":{"rendered":"Oblo\u017een\u00e9 m\u00edsy a slan\u00e9 dorty"},"content":{"rendered":"<style type=\"text\/css\">\n#foogallery-gallery-1800.fg-masonry { --fg-gutter: 20px; }<\/style>\n\t\t\t<div class=\"foogallery foogallery-container foogallery-masonry foogallery-lightbox-foobox fg-center fg-masonry fg-ready fg-light fg-border-medium fg-round-small fg-shadow-medium fg-loading-default fg-loaded-fade-in fg-hover-scale fg-captions-bottom fg-hover-fade fg-hover-zoom2 fg-light-overlays fg-col3\" id=\"foogallery-gallery-1800\" data-foogallery=\"{&quot;item&quot;:{&quot;showCaptionTitle&quot;:true,&quot;showCaptionDescription&quot;:true},&quot;lazy&quot;:false,&quot;src&quot;:&quot;src&quot;,&quot;srcset&quot;:&quot;srcset&quot;}\" style=\"--fg-title-line-clamp: 0; --fg-description-line-clamp: 0;\" >\n\t\t<div class=\"fg-column-width\"><\/div>\n\t<div class=\"fg-gutter-width\"><\/div>\n\t\t<div class=\"fg-item fg-type-image fg-loaded\"><figure class=\"fg-item-inner\"><a href=\"https:\/\/www.cafeberuska.cz\/wp-content\/uploads\/2021\/03\/Gurman.jpg\" data-caption-desc=\"790,- K\u010d\/kg\" data-caption-title=\"Gurm\u00e1n\" data-attachment-id=\"1803\" data-type=\"image\" class=\"fg-thumb\"><span class=\"fg-image-wrap\"><img fetchpriority=\"high\" decoding=\"async\" src=\"https:\/\/www.cafeberuska.cz\/wp-content\/uploads\/cache\/2021\/03\/Gurman\/3760259030.jpg\" width=\"1000\" height=\"704\" class=\"skip-lazy fg-image\" loading=\"eager\"><\/span><span class=\"fg-image-overlay\"><\/span><\/a><figcaption class=\"fg-caption\"><div class=\"fg-caption-inner\"><div class=\"fg-caption-title\">Gurm\u00e1n<\/div><div class=\"fg-caption-desc\">790,- K\u010d\/kg<\/div><\/div><\/figcaption><\/figure><div class=\"fg-loader\"><\/div><\/div><div class=\"fg-item fg-type-image fg-loaded\"><figure class=\"fg-item-inner\"><a href=\"https:\/\/www.cafeberuska.cz\/wp-content\/uploads\/2021\/03\/Party.jpg\" data-caption-desc=\"890,- K\u010d\/kg\" data-caption-title=\"P\u00e1rty\" data-attachment-id=\"1804\" data-type=\"image\" class=\"fg-thumb\"><span class=\"fg-image-wrap\"><img decoding=\"async\" src=\"https:\/\/www.cafeberuska.cz\/wp-content\/uploads\/cache\/2021\/03\/Party\/3547686354.jpg\" width=\"1000\" height=\"704\" class=\"skip-lazy fg-image\" loading=\"eager\"><\/span><span class=\"fg-image-overlay\"><\/span><\/a><figcaption class=\"fg-caption\"><div class=\"fg-caption-inner\"><div class=\"fg-caption-title\">P\u00e1rty<\/div><div class=\"fg-caption-desc\">890,- K\u010d\/kg<\/div><\/div><\/figcaption><\/figure><div class=\"fg-loader\"><\/div><\/div><div class=\"fg-item fg-type-image fg-loaded\"><figure class=\"fg-item-inner\"><a href=\"https:\/\/www.cafeberuska.cz\/wp-content\/uploads\/2021\/03\/Ruska-1.jpg\" data-caption-desc=\"590,- K\u010d\/kg\" data-caption-title=\"Rusk\u00e1\" data-attachment-id=\"1806\" data-type=\"image\" class=\"fg-thumb\"><span class=\"fg-image-wrap\"><img decoding=\"async\" src=\"https:\/\/www.cafeberuska.cz\/wp-content\/uploads\/cache\/2021\/03\/Ruska-1\/2986874720.jpg\" width=\"1000\" height=\"704\" class=\"skip-lazy fg-image\" loading=\"eager\"><\/span><span class=\"fg-image-overlay\"><\/span><\/a><figcaption class=\"fg-caption\"><div class=\"fg-caption-inner\"><div class=\"fg-caption-title\">Rusk\u00e1<\/div><div class=\"fg-caption-desc\">590,- K\u010d\/kg<\/div><\/div><\/figcaption><\/figure><div class=\"fg-loader\"><\/div><\/div><div class=\"fg-item fg-type-image fg-loaded\"><figure class=\"fg-item-inner\"><a href=\"https:\/\/www.cafeberuska.cz\/wp-content\/uploads\/2021\/03\/Titzai.jpg\" data-caption-desc=\"990,- K\u010d\/kg\" data-caption-title=\"Titzai\" data-attachment-id=\"1808\" data-type=\"image\" class=\"fg-thumb\"><span class=\"fg-image-wrap\"><img decoding=\"async\" src=\"https:\/\/www.cafeberuska.cz\/wp-content\/uploads\/cache\/2021\/03\/Titzai\/1845952935.jpg\" width=\"1000\" height=\"704\" class=\"skip-lazy fg-image\" loading=\"eager\"><\/span><span class=\"fg-image-overlay\"><\/span><\/a><figcaption class=\"fg-caption\"><div class=\"fg-caption-inner\"><div class=\"fg-caption-title\">Titzai<\/div><div class=\"fg-caption-desc\">990,- K\u010d\/kg<\/div><\/div><\/figcaption><\/figure><div class=\"fg-loader\"><\/div><\/div><div class=\"fg-item fg-type-image fg-loaded\"><figure class=\"fg-item-inner\"><a href=\"https:\/\/www.cafeberuska.cz\/wp-content\/uploads\/2021\/03\/Tulip.jpg\" data-caption-desc=\"790,- K\u010d\/kg\" data-caption-title=\"Tulip\" data-attachment-id=\"1809\" data-type=\"image\" class=\"fg-thumb\"><span class=\"fg-image-wrap\"><img decoding=\"async\" src=\"https:\/\/www.cafeberuska.cz\/wp-content\/uploads\/cache\/2021\/03\/Tulip\/211874458.jpg\" width=\"1000\" height=\"704\" class=\"skip-lazy fg-image\" loading=\"eager\"><\/span><span class=\"fg-image-overlay\"><\/span><\/a><figcaption class=\"fg-caption\"><div class=\"fg-caption-inner\"><div class=\"fg-caption-title\">Tulip<\/div><div class=\"fg-caption-desc\">790,- K\u010d\/kg<\/div><\/div><\/figcaption><\/figure><div class=\"fg-loader\"><\/div><\/div><div class=\"fg-item fg-type-image fg-loaded\"><figure class=\"fg-item-inner\"><a href=\"https:\/\/www.cafeberuska.cz\/wp-content\/uploads\/2021\/03\/Variace.jpg\" data-caption-desc=\"670,- K\u010d\/kg\" data-caption-title=\"Variace\" data-attachment-id=\"1810\" data-type=\"image\" class=\"fg-thumb\"><span class=\"fg-image-wrap\"><img decoding=\"async\" src=\"https:\/\/www.cafeberuska.cz\/wp-content\/uploads\/cache\/2021\/03\/Variace\/3945849680.jpg\" width=\"1000\" height=\"704\" class=\"skip-lazy fg-image\" loading=\"eager\"><\/span><span class=\"fg-image-overlay\"><\/span><\/a><figcaption class=\"fg-caption\"><div class=\"fg-caption-inner\"><div class=\"fg-caption-title\">Variace<\/div><div class=\"fg-caption-desc\">670,- K\u010d\/kg<\/div><\/div><\/figcaption><\/figure><div class=\"fg-loader\"><\/div><\/div><div class=\"fg-item fg-type-image fg-loaded\"><figure class=\"fg-item-inner\"><a href=\"https:\/\/www.cafeberuska.cz\/wp-content\/uploads\/2021\/03\/Venezia.jpg\" data-caption-desc=\"960,- K\u010d\/kg\" data-caption-title=\"Venezia\" data-attachment-id=\"1811\" data-type=\"image\" class=\"fg-thumb\"><span class=\"fg-image-wrap\"><img decoding=\"async\" src=\"https:\/\/www.cafeberuska.cz\/wp-content\/uploads\/cache\/2021\/03\/Venezia\/281408213.jpg\" width=\"1000\" height=\"704\" class=\"skip-lazy fg-image\" loading=\"eager\"><\/span><span class=\"fg-image-overlay\"><\/span><\/a><figcaption class=\"fg-caption\"><div class=\"fg-caption-inner\"><div class=\"fg-caption-title\">Venezia<\/div><div class=\"fg-caption-desc\">960,- K\u010d\/kg<\/div><\/div><\/figcaption><\/figure><div class=\"fg-loader\"><\/div><\/div><div class=\"fg-item fg-type-image fg-loaded\"><figure class=\"fg-item-inner\"><a href=\"https:\/\/www.cafeberuska.cz\/wp-content\/uploads\/2024\/03\/Rizkovy-dort.jpg\" data-caption-desc=\"1.920,- K\u010d\/ks&lt;br&gt;objedn\u00e1vat\u00a02\u00a0dny\u00a0p\u0159edem\" data-caption-title=\"\u0158\u00edzkov\u00fd dort\" data-attachment-id=\"3182\" data-type=\"image\" class=\"fg-thumb\"><span class=\"fg-image-wrap\"><img decoding=\"async\" src=\"https:\/\/www.cafeberuska.cz\/wp-content\/uploads\/cache\/2024\/03\/Rizkovy-dort\/988338529.jpg\" width=\"1000\" height=\"704\" class=\"skip-lazy fg-image\" loading=\"eager\"><\/span><span class=\"fg-image-overlay\"><\/span><\/a><figcaption class=\"fg-caption\"><div class=\"fg-caption-inner\"><div class=\"fg-caption-title\">\u0158\u00edzkov\u00fd dort<\/div><div class=\"fg-caption-desc\">1.920,- K\u010d\/ks<br>objedn\u00e1vat\u00a02\u00a0dny\u00a0p\u0159edem<\/div><\/div><\/figcaption><\/figure><div class=\"fg-loader\"><\/div><\/div><div class=\"fg-item fg-type-image fg-loaded\"><figure class=\"fg-item-inner\"><a href=\"https:\/\/www.cafeberuska.cz\/wp-content\/uploads\/2021\/03\/Dort-chlebovy.jpg\" data-caption-desc=\"1.390,- K\u010d\/ks&lt;br&gt;objedn\u00e1vat\u00a02\u00a0dny\u00a0p\u0159edem\" data-caption-title=\"Dort chlebov\u00fd\" data-attachment-id=\"1802\" data-type=\"image\" class=\"fg-thumb\"><span class=\"fg-image-wrap\"><img decoding=\"async\" src=\"https:\/\/www.cafeberuska.cz\/wp-content\/uploads\/cache\/2021\/03\/Dort-chlebovy\/590853772.jpg\" width=\"1000\" height=\"704\" class=\"skip-lazy fg-image\" loading=\"eager\"><\/span><span class=\"fg-image-overlay\"><\/span><\/a><figcaption class=\"fg-caption\"><div class=\"fg-caption-inner\"><div class=\"fg-caption-title\">Dort chlebov\u00fd<\/div><div class=\"fg-caption-desc\">1.390,- K\u010d\/ks<br>objedn\u00e1vat\u00a02\u00a0dny\u00a0p\u0159edem<\/div><\/div><\/figcaption><\/figure><div class=\"fg-loader\"><\/div><\/div><div class=\"fg-item fg-type-image fg-loaded\"><figure class=\"fg-item-inner\"><a href=\"https:\/\/www.cafeberuska.cz\/wp-content\/uploads\/2021\/03\/Dort-chlebovy-kulaty.jpg\" data-caption-desc=\"1.490,- K\u010d\/ks&lt;br&gt;objedn\u00e1vat\u00a02\u00a0dny\u00a0p\u0159edem\" data-caption-title=\"Dort chlebov\u00fd kulat\u00fd\" data-attachment-id=\"1801\" data-type=\"image\" class=\"fg-thumb\"><span class=\"fg-image-wrap\"><img decoding=\"async\" src=\"https:\/\/www.cafeberuska.cz\/wp-content\/uploads\/cache\/2021\/03\/Dort-chlebovy-kulaty\/122836812.jpg\" width=\"1000\" height=\"704\" class=\"skip-lazy fg-image\" loading=\"eager\"><\/span><span class=\"fg-image-overlay\"><\/span><\/a><figcaption class=\"fg-caption\"><div class=\"fg-caption-inner\"><div class=\"fg-caption-title\">Dort chlebov\u00fd kulat\u00fd<\/div><div class=\"fg-caption-desc\">1.490,- K\u010d\/ks<br>objedn\u00e1vat\u00a02\u00a0dny\u00a0p\u0159edem<\/div><\/div><\/figcaption><\/figure><div class=\"fg-loader\"><\/div><\/div><div class=\"fg-item fg-type-image fg-loaded\"><figure class=\"fg-item-inner\"><a href=\"https:\/\/www.cafeberuska.cz\/wp-content\/uploads\/2021\/03\/Sestihran-sunkovy-dort.jpg\" data-caption-desc=\"280,- K\u010d\/kg&lt;br&gt;objedn\u00e1vat\u00a02\u00a0dny\u00a0p\u0159edem\" data-caption-title=\"\u0160estihran - aspikov\u00fd \u0161unkov\u00fd dort\" data-attachment-id=\"1807\" data-type=\"image\" class=\"fg-thumb\"><span class=\"fg-image-wrap\"><img decoding=\"async\" src=\"https:\/\/www.cafeberuska.cz\/wp-content\/uploads\/cache\/2021\/03\/Sestihran-sunkovy-dort\/2905792567.jpg\" width=\"1000\" height=\"704\" class=\"skip-lazy fg-image\" loading=\"eager\"><\/span><span class=\"fg-image-overlay\"><\/span><\/a><figcaption class=\"fg-caption\"><div class=\"fg-caption-inner\"><div class=\"fg-caption-title\">\u0160estihran &#8211; aspikov\u00fd \u0161unkov\u00fd dort<\/div><div class=\"fg-caption-desc\">280,- K\u010d\/kg<br>objedn\u00e1vat\u00a02\u00a0dny\u00a0p\u0159edem<\/div><\/div><\/figcaption><\/figure><div class=\"fg-loader\"><\/div><\/div><div class=\"fg-item fg-type-image fg-loaded\"><figure class=\"fg-item-inner\"><a href=\"https:\/\/www.cafeberuska.cz\/wp-content\/uploads\/2021\/03\/Podkova-sunkovy-dort.jpg\" data-caption-desc=\"280,- K\u010d\/kg&lt;br&gt;objedn\u00e1vat\u00a02\u00a0dny\u00a0p\u0159edem\" data-caption-title=\"Podkova - aspikov\u00fd \u0161unkov\u00fd dort\" data-attachment-id=\"1805\" data-type=\"image\" class=\"fg-thumb\"><span class=\"fg-image-wrap\"><img decoding=\"async\" src=\"https:\/\/www.cafeberuska.cz\/wp-content\/uploads\/cache\/2021\/03\/Podkova-sunkovy-dort\/469856376.jpg\" width=\"1000\" height=\"704\" class=\"skip-lazy fg-image\" loading=\"eager\"><\/span><span class=\"fg-image-overlay\"><\/span><\/a><figcaption class=\"fg-caption\"><div class=\"fg-caption-inner\"><div class=\"fg-caption-title\">Podkova &#8211; aspikov\u00fd \u0161unkov\u00fd dort<\/div><div class=\"fg-caption-desc\">280,- K\u010d\/kg<br>objedn\u00e1vat\u00a02\u00a0dny\u00a0p\u0159edem<\/div><\/div><\/figcaption><\/figure><div class=\"fg-loader\"><\/div><\/div><\/div>\n\n\n<p><\/p>\n","protected":false},"excerpt":{"rendered":"","protected":false},"author":1,"featured_media":0,"parent":0,"menu_order":0,"comment_status":"closed","ping_status":"closed","template":"","meta":{"_monsterinsights_skip_tracking":false,"_monsterinsights_sitenote_active":false,"_monsterinsights_sitenote_note":"","_monsterinsights_sitenote_category":0,"footnotes":""},"class_list":["post-160","page","type-page","status-publish","hentry"],"aioseo_notices":[],"_links":{"self":[{"href":"https:\/\/www.cafeberuska.cz\/index.php\/wp-json\/wp\/v2\/pages\/160","targetHints":{"allow":["GET"]}}],"collection":[{"href":"https:\/\/www.cafeberuska.cz\/index.php\/wp-json\/wp\/v2\/pages"}],"about":[{"href":"https:\/\/www.cafeberuska.cz\/index.php\/wp-json\/wp\/v2\/types\/page"}],"author":[{"embeddable":true,"href":"https:\/\/www.cafeberuska.cz\/index.php\/wp-json\/wp\/v2\/users\/1"}],"replies":[{"embeddable":true,"href":"https:\/\/www.cafeberuska.cz\/index.php\/wp-json\/wp\/v2\/comments?post=160"}],"version-history":[{"count":8,"href":"https:\/\/www.cafeberuska.cz\/index.php\/wp-json\/wp\/v2\/pages\/160\/revisions"}],"predecessor-version":[{"id":2357,"href":"https:\/\/www.cafeberuska.cz\/index.php\/wp-json\/wp\/v2\/pages\/160\/revisions\/2357"}],"wp:attachment":[{"href":"https:\/\/www.cafeberuska.cz\/index.php\/wp-json\/wp\/v2\/media?parent=160"}],"curies":[{"name":"wp","href":"https:\/\/api.w.org\/{rel}","templated":true}]}}