{"id":1997,"date":"2021-03-30T08:55:27","date_gmt":"2021-03-30T08:55:27","guid":{"rendered":"https:\/\/www.cafeberuska.online\/?page_id=1997"},"modified":"2021-03-30T08:55:27","modified_gmt":"2021-03-30T08:55:27","slug":"kolace-a-sladke-pecivo","status":"publish","type":"page","link":"https:\/\/www.cafeberuska.cz\/index.php\/kolace-a-sladke-pecivo\/","title":{"rendered":"Kol\u00e1\u010de a sladk\u00e9 pe\u010divo"},"content":{"rendered":"<style type=\"text\/css\">\n#foogallery-gallery-1985.fg-masonry { --fg-gutter: 20px; }<\/style>\n\t\t\t<div class=\"foogallery foogallery-container foogallery-masonry foogallery-lightbox-foobox fg-center fg-masonry fg-ready fg-light fg-border-medium fg-round-small fg-shadow-medium fg-loading-default fg-loaded-fade-in fg-hover-scale fg-captions-bottom fg-hover-fade fg-hover-zoom2 fg-light-overlays fg-col3\" id=\"foogallery-gallery-1985\" data-foogallery=\"{&quot;item&quot;:{&quot;showCaptionTitle&quot;:true,&quot;showCaptionDescription&quot;:true},&quot;lazy&quot;:false,&quot;src&quot;:&quot;src&quot;,&quot;srcset&quot;:&quot;srcset&quot;}\" style=\"--fg-title-line-clamp: 0; --fg-description-line-clamp: 0;\" >\n\t\t<div class=\"fg-column-width\"><\/div>\n\t<div class=\"fg-gutter-width\"><\/div>\n\t\t<div class=\"fg-item fg-type-image fg-loaded\"><figure class=\"fg-item-inner\"><a href=\"https:\/\/www.cafeberuska.cz\/wp-content\/uploads\/2025\/11\/Chodsky-kolac2-25-cm.jpg\" data-caption-desc=\"89,- K\u010d\" data-caption-title=\"Chodsk\u00fd kol\u00e1\u010d - 23 cm\" data-attachment-id=\"3425\" data-type=\"image\" class=\"fg-thumb\"><span class=\"fg-image-wrap\"><img fetchpriority=\"high\" decoding=\"async\" src=\"https:\/\/www.cafeberuska.cz\/wp-content\/uploads\/cache\/2025\/11\/Chodsky-kolac2-25-cm\/2087373692.jpg\" width=\"1000\" height=\"704\" class=\"skip-lazy fg-image\" loading=\"eager\"><\/span><span class=\"fg-image-overlay\"><\/span><\/a><figcaption class=\"fg-caption\"><div class=\"fg-caption-inner\"><div class=\"fg-caption-title\">Chodsk\u00fd kol\u00e1\u010d - 23 cm<\/div><div class=\"fg-caption-desc\">89,- K\u010d<\/div><\/div><\/figcaption><\/figure><div class=\"fg-loader\"><\/div><\/div><div class=\"fg-item fg-type-image fg-loaded\"><figure class=\"fg-item-inner\"><a href=\"https:\/\/www.cafeberuska.cz\/wp-content\/uploads\/2025\/11\/Chodsky-kolac-boruvkovy-25-cm.jpg\" data-caption-desc=\"92,- K\u010d\" data-caption-title=\"Kol\u00e1\u010d bor\u016fvkov\u00fd s tvarohem- 23 cm\" data-attachment-id=\"3427\" data-type=\"image\" class=\"fg-thumb\"><span class=\"fg-image-wrap\"><img decoding=\"async\" src=\"https:\/\/www.cafeberuska.cz\/wp-content\/uploads\/cache\/2025\/11\/Chodsky-kolac-boruvkovy-25-cm\/604937133.jpg\" width=\"1000\" height=\"704\" class=\"skip-lazy fg-image\" loading=\"eager\"><\/span><span class=\"fg-image-overlay\"><\/span><\/a><figcaption class=\"fg-caption\"><div class=\"fg-caption-inner\"><div class=\"fg-caption-title\">Kol\u00e1\u010d bor\u016fvkov\u00fd s tvarohem- 23 cm<\/div><div class=\"fg-caption-desc\">92,- K\u010d<\/div><\/div><\/figcaption><\/figure><div class=\"fg-loader\"><\/div><\/div><div class=\"fg-item fg-type-image fg-loaded\"><figure class=\"fg-item-inner\"><a href=\"https:\/\/www.cafeberuska.cz\/wp-content\/uploads\/2025\/11\/Chodsky-kolac-merunkovy-25-cm.jpg\" data-caption-desc=\"89,- K\u010d\" data-caption-title=\"Kol\u00e1\u010d meru\u0148kov\u00fd s tvarohem- 23 cm\" data-attachment-id=\"3428\" data-type=\"image\" class=\"fg-thumb\"><span class=\"fg-image-wrap\"><img decoding=\"async\" src=\"https:\/\/www.cafeberuska.cz\/wp-content\/uploads\/cache\/2025\/11\/Chodsky-kolac-merunkovy-25-cm\/3639037955.jpg\" width=\"1000\" height=\"704\" class=\"skip-lazy fg-image\" loading=\"eager\"><\/span><span class=\"fg-image-overlay\"><\/span><\/a><figcaption class=\"fg-caption\"><div class=\"fg-caption-inner\"><div class=\"fg-caption-title\">Kol\u00e1\u010d meru\u0148kov\u00fd s tvarohem- 23 cm<\/div><div class=\"fg-caption-desc\">89,- K\u010d<\/div><\/div><\/figcaption><\/figure><div class=\"fg-loader\"><\/div><\/div><div class=\"fg-item fg-type-image fg-loaded\"><figure class=\"fg-item-inner\"><a href=\"https:\/\/www.cafeberuska.cz\/wp-content\/uploads\/2025\/11\/Chodsky-kolac-se-smetanou-25-cm.jpg\" data-caption-desc=\"98,- K\u010d\" data-caption-title=\"Chodsk\u00fd kol\u00e1\u010d se smetanou - 23 cm\" data-attachment-id=\"3429\" data-type=\"image\" class=\"fg-thumb\"><span class=\"fg-image-wrap\"><img decoding=\"async\" src=\"https:\/\/www.cafeberuska.cz\/wp-content\/uploads\/cache\/2025\/11\/Chodsky-kolac-se-smetanou-25-cm\/265591555.jpg\" width=\"1000\" height=\"704\" class=\"skip-lazy fg-image\" loading=\"eager\"><\/span><span class=\"fg-image-overlay\"><\/span><\/a><figcaption class=\"fg-caption\"><div class=\"fg-caption-inner\"><div class=\"fg-caption-title\">Chodsk\u00fd kol\u00e1\u010d se smetanou - 23 cm<\/div><div class=\"fg-caption-desc\">98,- K\u010d<\/div><\/div><\/figcaption><\/figure><div class=\"fg-loader\"><\/div><\/div><div class=\"fg-item fg-type-image fg-loaded\"><figure class=\"fg-item-inner\"><a href=\"https:\/\/www.cafeberuska.cz\/wp-content\/uploads\/2025\/11\/Chodsky-kolac-visnovy-25-cm.jpg\" data-caption-desc=\"89,- K\u010d\" data-caption-title=\"Kol\u00e1\u010d vi\u0161\u0148ov\u00fd s tvarohem - 23 cm\" data-attachment-id=\"3432\" data-type=\"image\" class=\"fg-thumb\"><span class=\"fg-image-wrap\"><img decoding=\"async\" src=\"https:\/\/www.cafeberuska.cz\/wp-content\/uploads\/cache\/2025\/11\/Chodsky-kolac-visnovy-25-cm\/3596999795.jpg\" width=\"1000\" height=\"704\" class=\"skip-lazy fg-image\" loading=\"eager\"><\/span><span class=\"fg-image-overlay\"><\/span><\/a><figcaption class=\"fg-caption\"><div class=\"fg-caption-inner\"><div class=\"fg-caption-title\">Kol\u00e1\u010d vi\u0161\u0148ov\u00fd s tvarohem - 23 cm<\/div><div class=\"fg-caption-desc\">89,- K\u010d<\/div><\/div><\/figcaption><\/figure><div class=\"fg-loader\"><\/div><\/div><div class=\"fg-item fg-type-image fg-loaded\"><figure class=\"fg-item-inner\"><a href=\"https:\/\/www.cafeberuska.cz\/wp-content\/uploads\/2025\/11\/Chodsky-kolac-svestkovy-25-cm.jpg\" data-caption-desc=\"89,- K\u010d\" data-caption-title=\"Kol\u00e1\u010d \u0161vestkov\u00fd s tvarohem- 23 cm\" data-attachment-id=\"3430\" data-type=\"image\" class=\"fg-thumb\"><span class=\"fg-image-wrap\"><img decoding=\"async\" src=\"https:\/\/www.cafeberuska.cz\/wp-content\/uploads\/cache\/2025\/11\/Chodsky-kolac-svestkovy-25-cm\/2174578002.jpg\" width=\"1000\" height=\"704\" class=\"skip-lazy fg-image\" loading=\"eager\"><\/span><span class=\"fg-image-overlay\"><\/span><\/a><figcaption class=\"fg-caption\"><div class=\"fg-caption-inner\"><div class=\"fg-caption-title\">Kol\u00e1\u010d \u0161vestkov\u00fd s tvarohem- 23 cm<\/div><div class=\"fg-caption-desc\">89,- K\u010d<\/div><\/div><\/figcaption><\/figure><div class=\"fg-loader\"><\/div><\/div><div class=\"fg-item fg-type-image fg-loaded\"><figure class=\"fg-item-inner\"><a href=\"https:\/\/www.cafeberuska.cz\/wp-content\/uploads\/2021\/03\/Ovocne-kolacky.jpg\" data-caption-desc=\"25,- K\u010d\" data-caption-title=\"Kol\u00e1\u010dky st\u0159edn\u00ed\" data-attachment-id=\"2476\" data-type=\"image\" class=\"fg-thumb\"><span class=\"fg-image-wrap\"><img decoding=\"async\" src=\"https:\/\/www.cafeberuska.cz\/wp-content\/uploads\/cache\/2021\/03\/Ovocne-kolacky\/619497180.jpg\" width=\"1000\" height=\"704\" class=\"skip-lazy fg-image\" loading=\"eager\"><\/span><span class=\"fg-image-overlay\"><\/span><\/a><figcaption class=\"fg-caption\"><div class=\"fg-caption-inner\"><div class=\"fg-caption-title\">Kol\u00e1\u010dky st\u0159edn\u00ed<\/div><div class=\"fg-caption-desc\">25,- K\u010d<\/div><\/div><\/figcaption><\/figure><div class=\"fg-loader\"><\/div><\/div><div class=\"fg-item fg-type-image fg-loaded\"><figure class=\"fg-item-inner\"><a href=\"https:\/\/www.cafeberuska.cz\/wp-content\/uploads\/2021\/03\/Svatebni-kolacky-2.jpg\" data-caption-desc=\"13,- K\u010d\" data-caption-title=\"Svatebn\u00ed kol\u00e1\u010dky\" data-attachment-id=\"2469\" data-type=\"image\" class=\"fg-thumb\"><span class=\"fg-image-wrap\"><img decoding=\"async\" src=\"https:\/\/www.cafeberuska.cz\/wp-content\/uploads\/cache\/2021\/03\/Svatebni-kolacky-2\/2913742445.jpg\" width=\"1000\" height=\"704\" class=\"skip-lazy fg-image\" loading=\"eager\"><\/span><span class=\"fg-image-overlay\"><\/span><\/a><figcaption class=\"fg-caption\"><div class=\"fg-caption-inner\"><div class=\"fg-caption-title\">Svatebn\u00ed kol\u00e1\u010dky<\/div><div class=\"fg-caption-desc\">13,- K\u010d<\/div><\/div><\/figcaption><\/figure><div class=\"fg-loader\"><\/div><\/div><div class=\"fg-item fg-type-image fg-loaded\"><figure class=\"fg-item-inner\"><a href=\"https:\/\/www.cafeberuska.cz\/wp-content\/uploads\/2021\/03\/Obri-kolac-kulaty-45-cm-1.jpg\" data-caption-desc=\"690,- K\u010d\" data-caption-title=\"Ob\u0159\u00ed kol\u00e1\u010d kulat\u00fd - 45 cm\" data-attachment-id=\"2059\" data-type=\"image\" class=\"fg-thumb\"><span class=\"fg-image-wrap\"><img decoding=\"async\" src=\"https:\/\/www.cafeberuska.cz\/wp-content\/uploads\/cache\/2021\/03\/Obri-kolac-kulaty-45-cm-1\/3674269279.jpg\" width=\"1000\" height=\"704\" class=\"skip-lazy fg-image\" loading=\"eager\"><\/span><span class=\"fg-image-overlay\"><\/span><\/a><figcaption class=\"fg-caption\"><div class=\"fg-caption-inner\"><div class=\"fg-caption-title\">Ob\u0159\u00ed kol\u00e1\u010d kulat\u00fd - 45 cm<\/div><div class=\"fg-caption-desc\">690,- K\u010d<\/div><\/div><\/figcaption><\/figure><div class=\"fg-loader\"><\/div><\/div><div class=\"fg-item fg-type-image fg-loaded\"><figure class=\"fg-item-inner\"><a href=\"https:\/\/www.cafeberuska.cz\/wp-content\/uploads\/2021\/03\/Obri-kolac-kytka-45-cm-1.jpg\" data-caption-desc=\"690,- K\u010d\" data-caption-title=\"Ob\u0159\u00ed kol\u00e1\u010d kytka - 45 cm\" data-attachment-id=\"2060\" data-type=\"image\" class=\"fg-thumb\"><span class=\"fg-image-wrap\"><img decoding=\"async\" src=\"https:\/\/www.cafeberuska.cz\/wp-content\/uploads\/cache\/2021\/03\/Obri-kolac-kytka-45-cm-1\/1687628360.jpg\" width=\"1000\" height=\"704\" class=\"skip-lazy fg-image\" loading=\"eager\"><\/span><span class=\"fg-image-overlay\"><\/span><\/a><figcaption class=\"fg-caption\"><div class=\"fg-caption-inner\"><div class=\"fg-caption-title\">Ob\u0159\u00ed kol\u00e1\u010d kytka - 45 cm<\/div><div class=\"fg-caption-desc\">690,- K\u010d<\/div><\/div><\/figcaption><\/figure><div class=\"fg-loader\"><\/div><\/div><div class=\"fg-item fg-type-image fg-loaded\"><figure class=\"fg-item-inner\"><a href=\"https:\/\/www.cafeberuska.cz\/wp-content\/uploads\/2021\/03\/Obri-kolac-pivo-45-cm.jpg\" data-caption-desc=\"790,- K\u010d\" data-caption-title=\"Ob\u0159\u00ed kol\u00e1\u010d pivo - 45 cm\" data-attachment-id=\"1992\" data-type=\"image\" class=\"fg-thumb\"><span class=\"fg-image-wrap\"><img decoding=\"async\" src=\"https:\/\/www.cafeberuska.cz\/wp-content\/uploads\/cache\/2021\/03\/Obri-kolac-pivo-45-cm\/2422213706.jpg\" width=\"1000\" height=\"704\" class=\"skip-lazy fg-image\" loading=\"eager\"><\/span><span class=\"fg-image-overlay\"><\/span><\/a><figcaption class=\"fg-caption\"><div class=\"fg-caption-inner\"><div class=\"fg-caption-title\">Ob\u0159\u00ed kol\u00e1\u010d pivo - 45 cm<\/div><div class=\"fg-caption-desc\">790,- K\u010d<\/div><\/div><\/figcaption><\/figure><div class=\"fg-loader\"><\/div><\/div><div class=\"fg-item fg-type-image fg-loaded\"><figure class=\"fg-item-inner\"><a href=\"https:\/\/www.cafeberuska.cz\/wp-content\/uploads\/2021\/03\/Obri-kolac-srdce-45-cm.jpg\" data-caption-desc=\"690,- K\u010d\" data-caption-title=\"Ob\u0159\u00ed kol\u00e1\u010d srdce - 45 cm\" data-attachment-id=\"1993\" data-type=\"image\" class=\"fg-thumb\"><span class=\"fg-image-wrap\"><img decoding=\"async\" src=\"https:\/\/www.cafeberuska.cz\/wp-content\/uploads\/cache\/2021\/03\/Obri-kolac-srdce-45-cm\/80901850.jpg\" width=\"1000\" height=\"704\" class=\"skip-lazy fg-image\" loading=\"eager\"><\/span><span class=\"fg-image-overlay\"><\/span><\/a><figcaption class=\"fg-caption\"><div class=\"fg-caption-inner\"><div class=\"fg-caption-title\">Ob\u0159\u00ed kol\u00e1\u010d srdce - 45 cm<\/div><div class=\"fg-caption-desc\">690,- K\u010d<\/div><\/div><\/figcaption><\/figure><div class=\"fg-loader\"><\/div><\/div><div class=\"fg-item fg-type-image fg-loaded\"><figure class=\"fg-item-inner\"><a href=\"https:\/\/www.cafeberuska.cz\/wp-content\/uploads\/2021\/03\/Obri-kolac-srdce2-45-cm.jpg\" data-caption-desc=\"590,- K\u010d\" data-caption-title=\"Ob\u0159\u00ed kol\u00e1\u010d srdce2 - 45 cm\" data-attachment-id=\"1994\" data-type=\"image\" class=\"fg-thumb\"><span class=\"fg-image-wrap\"><img decoding=\"async\" src=\"https:\/\/www.cafeberuska.cz\/wp-content\/uploads\/cache\/2021\/03\/Obri-kolac-srdce2-45-cm\/3762971721.jpg\" width=\"1000\" height=\"704\" class=\"skip-lazy fg-image\" loading=\"eager\"><\/span><span class=\"fg-image-overlay\"><\/span><\/a><figcaption class=\"fg-caption\"><div class=\"fg-caption-inner\"><div class=\"fg-caption-title\">Ob\u0159\u00ed kol\u00e1\u010d srdce2 - 45 cm<\/div><div class=\"fg-caption-desc\">590,- K\u010d<\/div><\/div><\/figcaption><\/figure><div class=\"fg-loader\"><\/div><\/div><div class=\"fg-item fg-type-image fg-loaded\"><figure class=\"fg-item-inner\"><a href=\"https:\/\/www.cafeberuska.cz\/wp-content\/uploads\/2021\/03\/Obri-kolac-Viktorka-45-cm.jpg\" data-caption-desc=\"790,- K\u010d\" data-caption-title=\"Ob\u0159\u00ed kol\u00e1\u010d Viktorka - 45 cm\" data-attachment-id=\"1995\" data-type=\"image\" class=\"fg-thumb\"><span class=\"fg-image-wrap\"><img decoding=\"async\" src=\"https:\/\/www.cafeberuska.cz\/wp-content\/uploads\/cache\/2021\/03\/Obri-kolac-Viktorka-45-cm\/2632808802.jpg\" width=\"1000\" height=\"704\" class=\"skip-lazy fg-image\" loading=\"eager\"><\/span><span class=\"fg-image-overlay\"><\/span><\/a><figcaption class=\"fg-caption\"><div class=\"fg-caption-inner\"><div class=\"fg-caption-title\">Ob\u0159\u00ed kol\u00e1\u010d Viktorka - 45 cm<\/div><div class=\"fg-caption-desc\">790,- K\u010d<\/div><\/div><\/figcaption><\/figure><div class=\"fg-loader\"><\/div><\/div><div class=\"fg-item fg-type-image fg-loaded\"><figure class=\"fg-item-inner\"><a href=\"https:\/\/www.cafeberuska.cz\/wp-content\/uploads\/2022\/11\/Vanocka-nova.jpg\" data-caption-desc=\"Tukov\u00e1 78,- K\u010d\/ 500g;\r\nM\u00e1slov\u00e1 112,- K\u010d\/ 500g\" data-caption-title=\"V\u00e1no\u010dka\" data-attachment-id=\"2969\" data-type=\"image\" class=\"fg-thumb\"><span class=\"fg-image-wrap\"><img decoding=\"async\" src=\"https:\/\/www.cafeberuska.cz\/wp-content\/uploads\/cache\/2022\/11\/Vanocka-nova\/2034076424.jpg\" width=\"1000\" height=\"704\" class=\"skip-lazy fg-image\" loading=\"eager\"><\/span><span class=\"fg-image-overlay\"><\/span><\/a><figcaption class=\"fg-caption\"><div class=\"fg-caption-inner\"><div class=\"fg-caption-title\">V\u00e1no\u010dka<\/div><div class=\"fg-caption-desc\">Tukov\u00e1 78,- K\u010d\/ 500g;\r\nM\u00e1slov\u00e1 112,- K\u010d\/ 500g<\/div><\/div><\/figcaption><\/figure><div class=\"fg-loader\"><\/div><\/div><div class=\"fg-item fg-type-image fg-loaded\"><figure class=\"fg-item-inner\"><a href=\"https:\/\/www.cafeberuska.cz\/wp-content\/uploads\/2021\/10\/Stola.jpg\" data-caption-desc=\"112,- K\u010d\" data-caption-title=\"\u0160tola - tvarohov\u00e1\" data-attachment-id=\"2743\" data-type=\"image\" class=\"fg-thumb\"><span class=\"fg-image-wrap\"><img decoding=\"async\" src=\"https:\/\/www.cafeberuska.cz\/wp-content\/uploads\/cache\/2021\/10\/Stola\/1258411193.jpg\" width=\"1000\" height=\"704\" class=\"skip-lazy fg-image\" loading=\"eager\"><\/span><span class=\"fg-image-overlay\"><\/span><\/a><figcaption class=\"fg-caption\"><div class=\"fg-caption-inner\"><div class=\"fg-caption-title\">\u0160tola - tvarohov\u00e1<\/div><div class=\"fg-caption-desc\">112,- K\u010d<\/div><\/div><\/figcaption><\/figure><div class=\"fg-loader\"><\/div><\/div><div class=\"fg-item fg-type-image fg-loaded\"><figure class=\"fg-item-inner\"><a href=\"https:\/\/www.cafeberuska.cz\/wp-content\/uploads\/2021\/10\/Biskupak.jpg\" data-caption-desc=\"112,- K\u010d\" data-caption-title=\"Biskupsk\u00fd chleb\u00ed\u010dek\" data-attachment-id=\"2742\" data-type=\"image\" class=\"fg-thumb\"><span class=\"fg-image-wrap\"><img decoding=\"async\" src=\"https:\/\/www.cafeberuska.cz\/wp-content\/uploads\/cache\/2021\/10\/Biskupak\/4282291423.jpg\" width=\"1000\" height=\"704\" class=\"skip-lazy fg-image\" loading=\"eager\"><\/span><span class=\"fg-image-overlay\"><\/span><\/a><figcaption class=\"fg-caption\"><div class=\"fg-caption-inner\"><div class=\"fg-caption-title\">Biskupsk\u00fd chleb\u00ed\u010dek<\/div><div class=\"fg-caption-desc\">112,- K\u010d<\/div><\/div><\/figcaption><\/figure><div class=\"fg-loader\"><\/div><\/div><\/div>\n","protected":false},"excerpt":{"rendered":"","protected":false},"author":1,"featured_media":0,"parent":0,"menu_order":0,"comment_status":"closed","ping_status":"closed","template":"","meta":{"_monsterinsights_skip_tracking":false,"_monsterinsights_sitenote_active":false,"_monsterinsights_sitenote_note":"","_monsterinsights_sitenote_category":0,"footnotes":""},"class_list":["post-1997","page","type-page","status-publish","hentry"],"aioseo_notices":[],"_links":{"self":[{"href":"https:\/\/www.cafeberuska.cz\/index.php\/wp-json\/wp\/v2\/pages\/1997","targetHints":{"allow":["GET"]}}],"collection":[{"href":"https:\/\/www.cafeberuska.cz\/index.php\/wp-json\/wp\/v2\/pages"}],"about":[{"href":"https:\/\/www.cafeberuska.cz\/index.php\/wp-json\/wp\/v2\/types\/page"}],"author":[{"embeddable":true,"href":"https:\/\/www.cafeberuska.cz\/index.php\/wp-json\/wp\/v2\/users\/1"}],"replies":[{"embeddable":true,"href":"https:\/\/www.cafeberuska.cz\/index.php\/wp-json\/wp\/v2\/comments?post=1997"}],"version-history":[{"count":1,"href":"https:\/\/www.cafeberuska.cz\/index.php\/wp-json\/wp\/v2\/pages\/1997\/revisions"}],"predecessor-version":[{"id":1998,"href":"https:\/\/www.cafeberuska.cz\/index.php\/wp-json\/wp\/v2\/pages\/1997\/revisions\/1998"}],"wp:attachment":[{"href":"https:\/\/www.cafeberuska.cz\/index.php\/wp-json\/wp\/v2\/media?parent=1997"}],"curies":[{"name":"wp","href":"https:\/\/api.w.org\/{rel}","templated":true}]}}