{"id":2619,"date":"2021-07-26T11:55:10","date_gmt":"2021-07-26T11:55:10","guid":{"rendered":"https:\/\/www.cafeberuska.cz\/?page_id=2619"},"modified":"2025-09-01T06:18:31","modified_gmt":"2025-09-01T06:18:31","slug":"kontakt","status":"publish","type":"page","link":"https:\/\/www.cafeberuska.cz\/index.php\/kontakt\/","title":{"rendered":"KONTAKT"},"content":{"rendered":"\n<h2 class=\"wp-block-heading has-text-align-center\">Ve\u0161ker\u00e9 objedn\u00e1vky p\u0159ij\u00edm\u00e1me na n\u00ed\u017ee uveden\u00fdch adres\u00e1ch.<\/h2>\n\n\n\n<p class=\"has-text-align-center\">Pop\u0159\u00edpad\u011b n\u00e1s kontaktujte n\u00ed\u017ee v kontaktn\u00edm formul\u00e1\u0159i.<\/p>\n\n\n\n<hr class=\"wp-block-separator has-css-opacity is-style-wide\"\/>\n\n\n\n<div style=\"height:67px\" aria-hidden=\"true\" class=\"wp-block-spacer\"><\/div>\n\n\n\n<p class=\"has-medium-font-size\"><strong>Lah\u016fdky a cukr\u00e1rna Beru\u0161ka<\/strong><\/p>\n\n\n\n<p id=\"block-46c08f73-82dc-4edf-a806-f835802c85c8\">N\u00e1m. Gener\u00e1la P\u00edky 9, 326 00 Plze\u0148<\/p>\n\n\n\n<p>Tel. 377 240 767, 733 121 152, E-mail: <a href=\"mailto:info@cafeberuska.cz\">info@cafeberuska.cz<\/a><\/p>\n\n\n\n<p><strong>Otev\u00edrac\u00ed<\/strong> <strong>doba:<\/strong> <strong>PO \u2013 P\u00c1:<\/strong> 7:00 \u2013 18:00 hod., <strong>SO:<\/strong> 7:00 \u2013 16:00 hod., <strong>NE:<\/strong> zav\u0159eno<\/p>\n\n\n\n<p><\/p>\n\n\n<style type=\"text\/css\">\n#foogallery-gallery-1848.fg-masonry .fg-item { width: 1000px; }\n#foogallery-gallery-1848.fg-masonry { --fg-gutter: 10px; }<\/style>\n\t\t\t<div class=\"foogallery foogallery-container foogallery-masonry foogallery-lightbox-foobox fg-masonry fg-ready fg-light fg-round-small fg-shadow-medium fg-loading-default fg-loaded-fade-in fg-hover-scale fg-hover-fade fg-light-overlays fg-fixed\" id=\"foogallery-gallery-1848\" data-foogallery=\"{&quot;item&quot;:{&quot;showCaptionTitle&quot;:true,&quot;showCaptionDescription&quot;:true},&quot;lazy&quot;:false,&quot;src&quot;:&quot;src&quot;,&quot;srcset&quot;:&quot;srcset&quot;,&quot;template&quot;:{&quot;columnWidth&quot;:1000,&quot;gutter&quot;:10}}\" style=\"--fg-title-line-clamp: 0; --fg-description-line-clamp: 0;\" >\n\t\t<div class=\"fg-item fg-type-iframe fg-loaded\"><figure class=\"fg-item-inner\"><a href=\"https:\/\/www.google.cz\/maps\/place\/Lah%C5%AFdky+a+cukr%C3%A1rna+Beru%C5%A1ka\/@49.7341701,13.3960203,17z\/data=!3m1!4b1!4m5!3m4!1s0x470aee27c263356f:0xf710dcc4387a3f8e!8m2!3d49.7341701!4d13.3982143?hl=cs\" target=\"_blank\" data-caption-title=\"mapa lahudky\" data-attachment-id=\"1851\" data-type=\"iframe\" class=\"fg-thumb\"><span class=\"fg-image-wrap\"><img fetchpriority=\"high\" decoding=\"async\" src=\"https:\/\/www.cafeberuska.cz\/wp-content\/uploads\/cache\/2021\/03\/mapa-lahudky-1\/2208000479.png\" width=\"1000\" height=\"364\" class=\"skip-lazy fg-image\" loading=\"eager\"><\/span><span class=\"fg-image-overlay\"><\/span><\/a><figcaption class=\"fg-caption\"><div class=\"fg-caption-inner\"><div class=\"fg-caption-title\">mapa lahudky<\/div><\/div><\/figcaption><\/figure><div class=\"fg-loader\"><\/div><\/div><\/div>\n\n\n<hr class=\"wp-block-separator has-css-opacity is-style-default\"\/>\n\n\n\n<div style=\"height:89px\" aria-hidden=\"true\" class=\"wp-block-spacer\"><\/div>\n\n\n\n<p>Provozujeme tak\u00e9 j\u00eddelnu v Plzni<\/p>\n\n\n\n<p class=\"has-medium-font-size\"><strong>J\u00eddelna U Strejc\u016f<\/strong><\/p>\n\n\n\n<ul class=\"wp-block-social-links is-layout-flex wp-block-social-links-is-layout-flex\"><li class=\"wp-social-link wp-social-link-facebook  wp-block-social-link\"><a href=\"https:\/\/www.facebook.com\/J%C3%ADdelna-U-Strejc%C5%AF-191320381484938\/?modal=admin_todo_tour\" class=\"wp-block-social-link-anchor\"><svg width=\"24\" height=\"24\" viewBox=\"0 0 24 24\" version=\"1.1\" xmlns=\"http:\/\/www.w3.org\/2000\/svg\" aria-hidden=\"true\" focusable=\"false\"><path d=\"M12 2C6.5 2 2 6.5 2 12c0 5 3.7 9.1 8.4 9.9v-7H7.9V12h2.5V9.8c0-2.5 1.5-3.9 3.8-3.9 1.1 0 2.2.2 2.2.2v2.5h-1.3c-1.2 0-1.6.8-1.6 1.6V12h2.8l-.4 2.9h-2.3v7C18.3 21.1 22 17 22 12c0-5.5-4.5-10-10-10z\"><\/path><\/svg><span class=\"wp-block-social-link-label screen-reader-text\">Facebook<\/span><\/a><\/li><\/ul>\n\n\n\n<p>N\u00e1m. Gener\u00e1la P\u00edky 11, 326 00 Plze\u0148<\/p>\n\n\n\n<p>Tel. 377&nbsp;464 537, 733 121 153, E-mail: <a href=\"mailto:info@jidelnaustrejcu.cz\">info@jidelnaustrejcu.cz<\/a>, <a href=\"http:\/\/www.jidelnaustrejcu.cz\/\">www.jidelnaustrejcu.cz<\/a><\/p>\n\n\n\n<p><strong>Otev\u00edrac\u00ed<\/strong> <strong>doba:<\/strong> <strong>PO \u2013 P\u00c1:<\/strong> 9:00 \u2013 16:00 hod., <strong>SO:<\/strong> 10:00 &#8211; 15:00 hod., <strong>NE:<\/strong> zav\u0159eno<\/p>\n\n\n\n<p><\/p>\n\n\n<style type=\"text\/css\">\n#foogallery-gallery-2086.fg-masonry .fg-item { width: 1000px; }\n#foogallery-gallery-2086.fg-masonry { --fg-gutter: 10px; }<\/style>\n\t\t\t<div class=\"foogallery foogallery-container foogallery-masonry foogallery-lightbox-foobox fg-masonry fg-ready fg-light fg-round-small fg-shadow-medium fg-loading-default fg-loaded-fade-in fg-hover-scale fg-hover-fade fg-light-overlays fg-fixed\" id=\"foogallery-gallery-2086\" data-foogallery=\"{&quot;item&quot;:{&quot;showCaptionTitle&quot;:true,&quot;showCaptionDescription&quot;:true},&quot;lazy&quot;:false,&quot;src&quot;:&quot;src&quot;,&quot;srcset&quot;:&quot;srcset&quot;,&quot;template&quot;:{&quot;columnWidth&quot;:1000,&quot;gutter&quot;:10}}\" style=\"--fg-title-line-clamp: 0; --fg-description-line-clamp: 0;\" >\n\t\t<div class=\"fg-item fg-type-iframe fg-loaded\"><figure class=\"fg-item-inner\"><a href=\"https:\/\/www.google.cz\/maps\/place\/J%C3%ADdelna+U+Strejc%C5%AF\/@49.733351,13.3982817,19.44z\/data=!4m5!3m4!1s0x470aee27db7fed83:0x3772eb96f7588a0f!8m2!3d49.7334914!4d13.3986794?hl=cs\" target=\"_blank\" data-caption-title=\"mapa jidelna\" data-attachment-id=\"2188\" data-type=\"iframe\" class=\"fg-thumb\"><span class=\"fg-image-wrap\"><img decoding=\"async\" src=\"https:\/\/www.cafeberuska.cz\/wp-content\/uploads\/cache\/2021\/04\/mapa-jidelna-2\/940198817.png\" width=\"1000\" height=\"364\" class=\"skip-lazy fg-image\" loading=\"eager\"><\/span><span class=\"fg-image-overlay\"><\/span><\/a><figcaption class=\"fg-caption\"><div class=\"fg-caption-inner\"><div class=\"fg-caption-title\">mapa jidelna<\/div><\/div><\/figcaption><\/figure><div class=\"fg-loader\"><\/div><\/div><\/div>\n\n\n<hr class=\"wp-block-separator has-css-opacity is-style-default\"\/>\n\n\n\n<div style=\"height:102px\" aria-hidden=\"true\" class=\"wp-block-spacer\"><\/div>\n\n\n\n<div class=\"wp-block-contact-form-7-contact-form-selector\">\n<div class=\"wpcf7 no-js\" id=\"wpcf7-f2630-o1\" lang=\"cs-CZ\" dir=\"ltr\" data-wpcf7-id=\"2630\">\n<div class=\"screen-reader-response\"><p role=\"status\" aria-live=\"polite\" aria-atomic=\"true\"><\/p> <ul><\/ul><\/div>\n<form action=\"\/index.php\/wp-json\/wp\/v2\/pages\/2619#wpcf7-f2630-o1\" method=\"post\" class=\"wpcf7-form init\" aria-label=\"Kontaktn\u00ed formul\u00e1\u0159\" novalidate=\"novalidate\" data-status=\"init\">\n<fieldset class=\"hidden-fields-container\"><input type=\"hidden\" name=\"_wpcf7\" value=\"2630\" \/><input type=\"hidden\" name=\"_wpcf7_version\" value=\"6.1.5\" \/><input type=\"hidden\" name=\"_wpcf7_locale\" value=\"cs_CZ\" \/><input type=\"hidden\" name=\"_wpcf7_unit_tag\" value=\"wpcf7-f2630-o1\" \/><input type=\"hidden\" name=\"_wpcf7_container_post\" value=\"0\" \/><input type=\"hidden\" name=\"_wpcf7_posted_data_hash\" value=\"\" \/>\n<\/fieldset>\n<p>KONTAKTN\u00cd FORMUL\u00c1\u0158\n<\/p>\n<p><label> Va\u0161e jm\u00e9no:<br \/>\n<span class=\"wpcf7-form-control-wrap\" data-name=\"your-name\"><input size=\"40\" maxlength=\"400\" class=\"wpcf7-form-control wpcf7-text wpcf7-validates-as-required\" aria-required=\"true\" aria-invalid=\"false\" value=\"\" type=\"text\" name=\"your-name\" \/><\/span> <\/label>\n<\/p>\n<p><label> V\u00e1\u0161 e-mail:<br \/>\n<span class=\"wpcf7-form-control-wrap\" data-name=\"your-email\"><input size=\"40\" maxlength=\"400\" class=\"wpcf7-form-control wpcf7-email wpcf7-validates-as-required wpcf7-text wpcf7-validates-as-email\" aria-required=\"true\" aria-invalid=\"false\" value=\"\" type=\"email\" name=\"your-email\" \/><\/span> <\/label>\n<\/p>\n<p><label> V\u00e1\u0161 telefon:<br \/>\n<span class=\"wpcf7-form-control-wrap\" data-name=\"your-tel\"><input size=\"40\" maxlength=\"400\" class=\"wpcf7-form-control wpcf7-tel wpcf7-validates-as-required wpcf7-text wpcf7-validates-as-tel\" aria-required=\"true\" aria-invalid=\"false\" value=\"\" type=\"tel\" name=\"your-tel\" \/><\/span> <\/label>\n<\/p>\n<p><label> P\u0159edm\u011bt:<br \/>\n<span class=\"wpcf7-form-control-wrap\" data-name=\"your-subject\"><input size=\"40\" maxlength=\"400\" class=\"wpcf7-form-control wpcf7-text\" aria-invalid=\"false\" value=\"\" type=\"text\" name=\"your-subject\" \/><\/span> <\/label>\n<\/p>\n<p><label> Va\u0161e zpr\u00e1va:<br \/>\n<span class=\"wpcf7-form-control-wrap\" data-name=\"your-message\"><textarea cols=\"40\" rows=\"10\" maxlength=\"2000\" class=\"wpcf7-form-control wpcf7-textarea wpcf7-validates-as-required\" aria-required=\"true\" aria-invalid=\"false\" name=\"your-message\"><\/textarea><\/span> <\/label>\n<\/p>\n<p><span class=\"wpcf7-form-control-wrap\" data-name=\"acceptance-307\"><span class=\"wpcf7-form-control wpcf7-acceptance\"><span class=\"wpcf7-list-item\"><input type=\"checkbox\" name=\"acceptance-307\" value=\"1\" aria-invalid=\"false\" \/><\/span><\/span><\/span> Souhlas se zpracov\u00e1n\u00edm osobn\u00edch \u00fadaj\u016f\n<\/p>\n<p><input class=\"wpcf7-form-control wpcf7-submit has-spinner\" type=\"submit\" value=\"Odeslat\" \/>\n<\/p><input\n                    class=\"apbct_special_field apbct_email_id__wp_contact_form_7\"\n                    name=\"apbct__email_id__wp_contact_form_7\"\n                    aria-label=\"apbct__label_id__wp_contact_form_7\"\n                    type=\"text\" size=\"30\" maxlength=\"200\" autocomplete=\"off\"\n                    value=\"\"\n                \/><div class=\"wpcf7-response-output\" aria-hidden=\"true\"><\/div>\n<\/form>\n<\/div>\n<\/div>\n\n\n\n<p><\/p>\n","protected":false},"excerpt":{"rendered":"<p>Ve\u0161ker\u00e9 objedn\u00e1vky p\u0159ij\u00edm\u00e1me na n\u00ed\u017ee uveden\u00fdch adres\u00e1ch. Pop\u0159\u00edpad\u011b n\u00e1s kontaktujte n\u00ed\u017ee v kontaktn\u00edm formul\u00e1\u0159i. Lah\u016fdky a cukr\u00e1rna Beru\u0161ka N\u00e1m. Gener\u00e1la P\u00edky 9, 326 00 Plze\u0148 Tel. 377 240 767, 733 121 152, E-mail: info@cafeberuska.cz Otev\u00edrac\u00ed doba: PO \u2013 P\u00c1: 7:00 \u2013 18:00 hod., SO: 7:00 \u2013 16:00 hod., NE: zav\u0159eno Provozujeme tak\u00e9 j\u00eddelnu v Plzni [&hellip;]<\/p>\n","protected":false},"author":1,"featured_media":0,"parent":0,"menu_order":0,"comment_status":"closed","ping_status":"closed","template":"","meta":{"_monsterinsights_skip_tracking":false,"_monsterinsights_sitenote_active":false,"_monsterinsights_sitenote_note":"","_monsterinsights_sitenote_category":0,"footnotes":""},"class_list":["post-2619","page","type-page","status-publish","hentry"],"aioseo_notices":[],"_links":{"self":[{"href":"https:\/\/www.cafeberuska.cz\/index.php\/wp-json\/wp\/v2\/pages\/2619","targetHints":{"allow":["GET"]}}],"collection":[{"href":"https:\/\/www.cafeberuska.cz\/index.php\/wp-json\/wp\/v2\/pages"}],"about":[{"href":"https:\/\/www.cafeberuska.cz\/index.php\/wp-json\/wp\/v2\/types\/page"}],"author":[{"embeddable":true,"href":"https:\/\/www.cafeberuska.cz\/index.php\/wp-json\/wp\/v2\/users\/1"}],"replies":[{"embeddable":true,"href":"https:\/\/www.cafeberuska.cz\/index.php\/wp-json\/wp\/v2\/comments?post=2619"}],"version-history":[{"count":63,"href":"https:\/\/www.cafeberuska.cz\/index.php\/wp-json\/wp\/v2\/pages\/2619\/revisions"}],"predecessor-version":[{"id":3406,"href":"https:\/\/www.cafeberuska.cz\/index.php\/wp-json\/wp\/v2\/pages\/2619\/revisions\/3406"}],"wp:attachment":[{"href":"https:\/\/www.cafeberuska.cz\/index.php\/wp-json\/wp\/v2\/media?parent=2619"}],"curies":[{"name":"wp","href":"https:\/\/api.w.org\/{rel}","templated":true}]}}