{"id":3113,"date":"2023-12-15T12:24:49","date_gmt":"2023-12-15T12:24:49","guid":{"rendered":"https:\/\/www.cafeberuska.cz\/?page_id=3113"},"modified":"2025-10-13T12:38:16","modified_gmt":"2025-10-13T12:38:16","slug":"oznamovaci-system-whistleblowing","status":"publish","type":"page","link":"https:\/\/www.cafeberuska.cz\/index.php\/oznamovaci-system-whistleblowing\/","title":{"rendered":"Oznamovac\u00ed syst\u00e9m (whistleblowing)"},"content":{"rendered":"\n<h3 class=\"wp-block-heading\">V&nbsp;souladu se z\u00e1konem \u010d. 171\/2023 Sb., o ochran\u011b oznamovatel\u016f<\/h3>\n\n\n\n<p>m\u00e1 spole\u010dnost Lah\u016fdky a cukr\u00e1rna Beru\u0161ka s.r.o. zaveden intern\u00ed oznamovac\u00ed syst\u00e9m.<br><\/p>\n\n\n\n<p>Pro pod\u00e1n\u00ed ozn\u00e1men\u00ed o mo\u017en\u00e9m protipr\u00e1vn\u00ed jedn\u00e1n\u00ed se m\u016f\u017eete obr\u00e1tit na n\u00ed\u017ee uvedenou<br>p\u0159\u00edslu\u0161nou osobu.<br>Osoby opr\u00e1vn\u011bn\u00e9 k\u00a0pod\u00e1n\u00ed ozn\u00e1men\u00ed jsou vymezeny v\u00a0z\u00e1kon\u011b \u010d. 171\/2023 Sb. o ochran\u011b<br>oznamovatel\u016f.<br>Vylu\u010duje se ozn\u00e1men\u00ed od osob, kter\u00e9 pro spole\u010dnost nevykon\u00e1vaj\u00ed pr\u00e1ci nebo jinou<br>obdobnou \u010dinnost podle \u00a7 2 odst. 3 p\u00edsm. a), h) nebo i) z\u00e1kona \u010d. 171\/2023 Sb., o ochran\u011b<br>oznamovatel\u016f.<\/p>\n\n\n\n<p><strong>Ozn\u00e1men\u00ed m\u016f\u017ee b\u00fdt pod\u00e1no jak\u00fdmkoli n\u00e1sleduj\u00edc\u00edm zp\u016fsobem:<\/strong><\/p>\n\n\n\n<ul>\n<li>p\u00edsemn\u011b prost\u0159ednictv\u00edm e-mailu: <a href=\"mailto:whistleblowing@cafeberuska.cz\"title=\"\">whistleblowing@cafeberuska.cz<\/li><\/a>\n&nbsp;&nbsp;&nbsp;&nbsp; nebo po\u0161tou: Lah\u016fdky a cukr\u00e1rna Beru\u0161ka, N\u00e1m. Gen. P\u00edky 2002\/9, 326 00 Plze\u0148 <\/br>\n<li>telefonicky: 377\u00a0464\u00a0537<\/li>\n<li>osobn\u011b (pro sjedn\u00e1n\u00ed osobn\u00edho pod\u00e1n\u00ed, pros\u00edm kontaktujte p\u0159\u00edslu\u0161nou osobu na uveden\u00e9 e-mailov\u00e9 adrese)<\/li>\n<\/ul>\n\n\n\n\n<p><\/p>\n\n\n\n<p><strong>P\u0159\u00edslu\u0161n\u00e1 osoba Lah\u016fdky a cukr\u00e1rna Beru\u0161ka s.r.o. podle z\u00e1kona o ochran\u011b oznamovatel\u016f:<\/strong><br>Bc. Petr Lajpold<\/p>\n","protected":false},"excerpt":{"rendered":"<p>V&nbsp;souladu se z\u00e1konem \u010d. 171\/2023 Sb., o ochran\u011b oznamovatel\u016f m\u00e1 spole\u010dnost Lah\u016fdky a cukr\u00e1rna Beru\u0161ka s.r.o. zaveden intern\u00ed oznamovac\u00ed syst\u00e9m. Pro pod\u00e1n\u00ed ozn\u00e1men\u00ed o mo\u017en\u00e9m protipr\u00e1vn\u00ed jedn\u00e1n\u00ed se m\u016f\u017eete obr\u00e1tit na n\u00ed\u017ee uvedenoup\u0159\u00edslu\u0161nou osobu.Osoby opr\u00e1vn\u011bn\u00e9 k\u00a0pod\u00e1n\u00ed ozn\u00e1men\u00ed jsou vymezeny v\u00a0z\u00e1kon\u011b \u010d. 171\/2023 Sb. o ochran\u011boznamovatel\u016f.Vylu\u010duje se ozn\u00e1men\u00ed od osob, kter\u00e9 pro spole\u010dnost nevykon\u00e1vaj\u00ed pr\u00e1ci nebo [&hellip;]<\/p>\n","protected":false},"author":1,"featured_media":0,"parent":0,"menu_order":0,"comment_status":"closed","ping_status":"closed","template":"","meta":{"_monsterinsights_skip_tracking":false,"_monsterinsights_sitenote_active":false,"_monsterinsights_sitenote_note":"","_monsterinsights_sitenote_category":0,"footnotes":""},"class_list":["post-3113","page","type-page","status-publish","hentry"],"aioseo_notices":[],"_links":{"self":[{"href":"https:\/\/www.cafeberuska.cz\/index.php\/wp-json\/wp\/v2\/pages\/3113","targetHints":{"allow":["GET"]}}],"collection":[{"href":"https:\/\/www.cafeberuska.cz\/index.php\/wp-json\/wp\/v2\/pages"}],"about":[{"href":"https:\/\/www.cafeberuska.cz\/index.php\/wp-json\/wp\/v2\/types\/page"}],"author":[{"embeddable":true,"href":"https:\/\/www.cafeberuska.cz\/index.php\/wp-json\/wp\/v2\/users\/1"}],"replies":[{"embeddable":true,"href":"https:\/\/www.cafeberuska.cz\/index.php\/wp-json\/wp\/v2\/comments?post=3113"}],"version-history":[{"count":36,"href":"https:\/\/www.cafeberuska.cz\/index.php\/wp-json\/wp\/v2\/pages\/3113\/revisions"}],"predecessor-version":[{"id":3421,"href":"https:\/\/www.cafeberuska.cz\/index.php\/wp-json\/wp\/v2\/pages\/3113\/revisions\/3421"}],"wp:attachment":[{"href":"https:\/\/www.cafeberuska.cz\/index.php\/wp-json\/wp\/v2\/media?parent=3113"}],"curies":[{"name":"wp","href":"https:\/\/api.w.org\/{rel}","templated":true}]}}