{"id":3220,"date":"2024-08-04T19:28:32","date_gmt":"2024-08-04T19:28:32","guid":{"rendered":"https:\/\/www.cafeberuska.cz\/?page_id=3220"},"modified":"2024-08-27T18:12:24","modified_gmt":"2024-08-27T18:12:24","slug":"minizakusky-na-svatby","status":"publish","type":"page","link":"https:\/\/www.cafeberuska.cz\/index.php\/minizakusky-na-svatby\/","title":{"rendered":"Miniz\u00e1kusky, v\u00fdslu\u017eky na svatby"},"content":{"rendered":"<style type=\"text\/css\">\n#foogallery-gallery-3221.fg-masonry { --fg-gutter: 20px; }<\/style>\n\t\t\t<div class=\"foogallery foogallery-container foogallery-masonry foogallery-lightbox-foobox fg-center fg-masonry fg-ready fg-light fg-border-medium fg-round-small fg-shadow-medium fg-loading-default fg-loaded-fade-in fg-hover-scale fg-captions-bottom fg-hover-fade fg-hover-zoom2 fg-light-overlays fg-col3\" id=\"foogallery-gallery-3221\" data-foogallery=\"{&quot;item&quot;:{&quot;showCaptionTitle&quot;:true,&quot;showCaptionDescription&quot;:true},&quot;lazy&quot;:false,&quot;src&quot;:&quot;src&quot;,&quot;srcset&quot;:&quot;srcset&quot;}\" style=\"--fg-title-line-clamp: 0; --fg-description-line-clamp: 0;\" >\n\t\t<div class=\"fg-column-width\"><\/div>\n\t<div class=\"fg-gutter-width\"><\/div>\n\t\t<div class=\"fg-item fg-type-image fg-loaded\"><figure class=\"fg-item-inner\"><a href=\"https:\/\/www.cafeberuska.cz\/wp-content\/uploads\/2024\/08\/Celozrnny-kosicek-mascarpone-1.jpg\" data-caption-desc=\"30,- K\u010d\" data-caption-title=\"Celozrnn\u00fd ko\u0161\u00ed\u010dek s mascarpone\" data-attachment-id=\"3245\" data-type=\"image\" class=\"fg-thumb\"><span class=\"fg-image-wrap\"><img fetchpriority=\"high\" decoding=\"async\" src=\"https:\/\/www.cafeberuska.cz\/wp-content\/uploads\/cache\/2024\/08\/Celozrnny-kosicek-mascarpone-1\/4054652606.jpg\" width=\"1000\" height=\"704\" class=\"skip-lazy fg-image\" loading=\"eager\"><\/span><span class=\"fg-image-overlay\"><\/span><\/a><figcaption class=\"fg-caption\"><div class=\"fg-caption-inner\"><div class=\"fg-caption-title\">Celozrnn\u00fd ko\u0161\u00ed\u010dek s mascarpone<\/div><div class=\"fg-caption-desc\">30,- K\u010d<\/div><\/div><\/figcaption><\/figure><div class=\"fg-loader\"><\/div><\/div><div class=\"fg-item fg-type-image fg-loaded\"><figure class=\"fg-item-inner\"><a href=\"https:\/\/www.cafeberuska.cz\/wp-content\/uploads\/2024\/08\/Choux.jpg\" data-caption-desc=\"35,- K\u010d\" data-caption-title=\"Choux\" data-attachment-id=\"3246\" data-type=\"image\" class=\"fg-thumb\"><span class=\"fg-image-wrap\"><img decoding=\"async\" src=\"https:\/\/www.cafeberuska.cz\/wp-content\/uploads\/cache\/2024\/08\/Choux\/807728748.jpg\" width=\"1000\" height=\"704\" class=\"skip-lazy fg-image\" loading=\"eager\"><\/span><span class=\"fg-image-overlay\"><\/span><\/a><figcaption class=\"fg-caption\"><div class=\"fg-caption-inner\"><div class=\"fg-caption-title\">Choux<\/div><div class=\"fg-caption-desc\">35,- K\u010d<\/div><\/div><\/figcaption><\/figure><div class=\"fg-loader\"><\/div><\/div><div class=\"fg-item fg-type-image fg-loaded\"><figure class=\"fg-item-inner\"><a href=\"https:\/\/www.cafeberuska.cz\/wp-content\/uploads\/2024\/08\/Laskonka.jpg\" data-caption-desc=\"20,- K\u010d\" data-caption-title=\"Kokoska\" data-attachment-id=\"3235\" data-type=\"image\" class=\"fg-thumb\"><span class=\"fg-image-wrap\"><img decoding=\"async\" src=\"https:\/\/www.cafeberuska.cz\/wp-content\/uploads\/cache\/2024\/08\/Laskonka\/1961600125.jpg\" width=\"1000\" height=\"704\" class=\"skip-lazy fg-image\" loading=\"eager\"><\/span><span class=\"fg-image-overlay\"><\/span><\/a><figcaption class=\"fg-caption\"><div class=\"fg-caption-inner\"><div class=\"fg-caption-title\">Kokoska<\/div><div class=\"fg-caption-desc\">20,- K\u010d<\/div><\/div><\/figcaption><\/figure><div class=\"fg-loader\"><\/div><\/div><div class=\"fg-item fg-type-image fg-loaded\"><figure class=\"fg-item-inner\"><a href=\"https:\/\/www.cafeberuska.cz\/wp-content\/uploads\/2024\/08\/Makronka-ruzne-prichute.jpg\" data-caption-desc=\"35,- K\u010d\" data-caption-title=\"Makronka - r\u016fzn\u00e9 p\u0159\u00edchut\u011b\" data-attachment-id=\"3253\" data-type=\"image\" class=\"fg-thumb\"><span class=\"fg-image-wrap\"><img decoding=\"async\" src=\"https:\/\/www.cafeberuska.cz\/wp-content\/uploads\/cache\/2024\/08\/Makronka-ruzne-prichute\/1881963751.jpg\" width=\"1000\" height=\"704\" class=\"skip-lazy fg-image\" loading=\"eager\"><\/span><span class=\"fg-image-overlay\"><\/span><\/a><figcaption class=\"fg-caption\"><div class=\"fg-caption-inner\"><div class=\"fg-caption-title\">Makronka - r\u016fzn\u00e9 p\u0159\u00edchut\u011b<\/div><div class=\"fg-caption-desc\">35,- K\u010d<\/div><\/div><\/figcaption><\/figure><div class=\"fg-loader\"><\/div><\/div><div class=\"fg-item fg-type-image fg-loaded\"><figure class=\"fg-item-inner\"><a href=\"https:\/\/www.cafeberuska.cz\/wp-content\/uploads\/2024\/08\/Mechurka.jpg\" data-caption-desc=\"35,- K\u010d\" data-caption-title=\"M\u011bchurka\" data-attachment-id=\"3256\" data-type=\"image\" class=\"fg-thumb\"><span class=\"fg-image-wrap\"><img decoding=\"async\" src=\"https:\/\/www.cafeberuska.cz\/wp-content\/uploads\/cache\/2024\/08\/Mechurka\/3879347287.jpg\" width=\"1000\" height=\"704\" class=\"skip-lazy fg-image\" loading=\"eager\"><\/span><span class=\"fg-image-overlay\"><\/span><\/a><figcaption class=\"fg-caption\"><div class=\"fg-caption-inner\"><div class=\"fg-caption-title\">M\u011bchurka<\/div><div class=\"fg-caption-desc\">35,- K\u010d<\/div><\/div><\/figcaption><\/figure><div class=\"fg-loader\"><\/div><\/div><div class=\"fg-item fg-type-image fg-loaded\"><figure class=\"fg-item-inner\"><a href=\"https:\/\/www.cafeberuska.cz\/wp-content\/uploads\/2024\/08\/Kosicek-s-kremem-a-ovocem.jpg\" data-caption-desc=\"30,- K\u010d\" data-caption-title=\"Ko\u0161\u00ed\u010dek s kr\u00e9mem a ovocem\" data-attachment-id=\"3258\" data-type=\"image\" class=\"fg-thumb\"><span class=\"fg-image-wrap\"><img decoding=\"async\" src=\"https:\/\/www.cafeberuska.cz\/wp-content\/uploads\/cache\/2024\/08\/Kosicek-s-kremem-a-ovocem\/1691919189.jpg\" width=\"1000\" height=\"704\" class=\"skip-lazy fg-image\" loading=\"eager\"><\/span><span class=\"fg-image-overlay\"><\/span><\/a><figcaption class=\"fg-caption\"><div class=\"fg-caption-inner\"><div class=\"fg-caption-title\">Ko\u0161\u00ed\u010dek s kr\u00e9mem a ovocem<\/div><div class=\"fg-caption-desc\">30,- K\u010d<\/div><\/div><\/figcaption><\/figure><div class=\"fg-loader\"><\/div><\/div><div class=\"fg-item fg-type-image fg-loaded\"><figure class=\"fg-item-inner\"><a href=\"https:\/\/www.cafeberuska.cz\/wp-content\/uploads\/2024\/08\/Maliny-s-pudinkem-a-pariz.-slehackou-v-kelimku.jpg\" data-caption-desc=\"69,- K\u010d\" data-caption-title=\"Maliny s pudinkem a pa\u0159\u00ed\u017e. \u0161leha\u010dkou v kel\u00edmku\" data-attachment-id=\"3254\" data-type=\"image\" class=\"fg-thumb\"><span class=\"fg-image-wrap\"><img decoding=\"async\" src=\"https:\/\/www.cafeberuska.cz\/wp-content\/uploads\/cache\/2024\/08\/Maliny-s-pudinkem-a-pariz_-slehackou-v-kelimku\/3622819187.jpg\" width=\"1000\" height=\"704\" class=\"skip-lazy fg-image\" loading=\"eager\"><\/span><span class=\"fg-image-overlay\"><\/span><\/a><figcaption class=\"fg-caption\"><div class=\"fg-caption-inner\"><div class=\"fg-caption-title\">Maliny s pudinkem a pa\u0159\u00ed\u017e. \u0161leha\u010dkou v kel\u00edmku<\/div><div class=\"fg-caption-desc\">69,- K\u010d<\/div><\/div><\/figcaption><\/figure><div class=\"fg-loader\"><\/div><\/div><div class=\"fg-item fg-type-image fg-loaded\"><figure class=\"fg-item-inner\"><a href=\"https:\/\/www.cafeberuska.cz\/wp-content\/uploads\/2024\/08\/Mechurka-v-kelimku.jpg\" data-caption-desc=\"69,- K\u010d\" data-caption-title=\"M\u011bchurka v kel\u00edmku\" data-attachment-id=\"3255\" data-type=\"image\" class=\"fg-thumb\"><span class=\"fg-image-wrap\"><img decoding=\"async\" src=\"https:\/\/www.cafeberuska.cz\/wp-content\/uploads\/cache\/2024\/08\/Mechurka-v-kelimku\/3269712050.jpg\" width=\"1000\" height=\"704\" class=\"skip-lazy fg-image\" loading=\"eager\"><\/span><span class=\"fg-image-overlay\"><\/span><\/a><figcaption class=\"fg-caption\"><div class=\"fg-caption-inner\"><div class=\"fg-caption-title\">M\u011bchurka v kel\u00edmku<\/div><div class=\"fg-caption-desc\">69,- K\u010d<\/div><\/div><\/figcaption><\/figure><div class=\"fg-loader\"><\/div><\/div><div class=\"fg-item fg-type-image fg-loaded\"><figure class=\"fg-item-inner\"><a href=\"https:\/\/www.cafeberuska.cz\/wp-content\/uploads\/2024\/08\/Panna-cotta-kelimek.jpg\" data-caption-desc=\"69,- K\u010d\" data-caption-title=\"Panna cotta kel\u00edmek\" data-attachment-id=\"3257\" data-type=\"image\" class=\"fg-thumb\"><span class=\"fg-image-wrap\"><img decoding=\"async\" src=\"https:\/\/www.cafeberuska.cz\/wp-content\/uploads\/cache\/2024\/08\/Panna-cotta-kelimek\/167943926.jpg\" width=\"1000\" height=\"704\" class=\"skip-lazy fg-image\" loading=\"eager\"><\/span><span class=\"fg-image-overlay\"><\/span><\/a><figcaption class=\"fg-caption\"><div class=\"fg-caption-inner\"><div class=\"fg-caption-title\">Panna cotta kel\u00edmek<\/div><div class=\"fg-caption-desc\">69,- K\u010d<\/div><\/div><\/figcaption><\/figure><div class=\"fg-loader\"><\/div><\/div><div class=\"fg-item fg-type-image fg-loaded\"><figure class=\"fg-item-inner\"><a href=\"https:\/\/www.cafeberuska.cz\/wp-content\/uploads\/2024\/08\/Spicka-v-kelimku.jpg\" data-caption-desc=\"69,- K\u010d\" data-caption-title=\"\u0160pi\u010dka v kel\u00edmku\" data-attachment-id=\"3241\" data-type=\"image\" class=\"fg-thumb\"><span class=\"fg-image-wrap\"><img decoding=\"async\" src=\"https:\/\/www.cafeberuska.cz\/wp-content\/uploads\/cache\/2024\/08\/Spicka-v-kelimku\/455465836.jpg\" width=\"1000\" height=\"704\" class=\"skip-lazy fg-image\" loading=\"eager\"><\/span><span class=\"fg-image-overlay\"><\/span><\/a><figcaption class=\"fg-caption\"><div class=\"fg-caption-inner\"><div class=\"fg-caption-title\">\u0160pi\u010dka v kel\u00edmku<\/div><div class=\"fg-caption-desc\">69,- K\u010d<\/div><\/div><\/figcaption><\/figure><div class=\"fg-loader\"><\/div><\/div><div class=\"fg-item fg-type-image fg-loaded\"><figure class=\"fg-item-inner\"><a href=\"https:\/\/www.cafeberuska.cz\/wp-content\/uploads\/2024\/08\/Tiramisu-kelimek.jpg\" data-caption-desc=\"69,- K\u010d\" data-caption-title=\"Tiramisu kel\u00edmek\" data-attachment-id=\"3242\" data-type=\"image\" class=\"fg-thumb\"><span class=\"fg-image-wrap\"><img decoding=\"async\" src=\"https:\/\/www.cafeberuska.cz\/wp-content\/uploads\/cache\/2024\/08\/Tiramisu-kelimek\/1689437001.jpg\" width=\"1000\" height=\"704\" class=\"skip-lazy fg-image\" loading=\"eager\"><\/span><span class=\"fg-image-overlay\"><\/span><\/a><figcaption class=\"fg-caption\"><div class=\"fg-caption-inner\"><div class=\"fg-caption-title\">Tiramisu kel\u00edmek<\/div><div class=\"fg-caption-desc\">69,- K\u010d<\/div><\/div><\/figcaption><\/figure><div class=\"fg-loader\"><\/div><\/div><div class=\"fg-item fg-type-image fg-loaded\"><figure class=\"fg-item-inner\"><a href=\"https:\/\/www.cafeberuska.cz\/wp-content\/uploads\/2024\/08\/Pavlova.jpg\" data-caption-desc=\"35,- K\u010d\" data-caption-title=\"Pavlova\" data-attachment-id=\"3233\" data-type=\"image\" class=\"fg-thumb\"><span class=\"fg-image-wrap\"><img decoding=\"async\" src=\"https:\/\/www.cafeberuska.cz\/wp-content\/uploads\/cache\/2024\/08\/Pavlova\/1919783351.jpg\" width=\"1000\" height=\"704\" class=\"skip-lazy fg-image\" loading=\"eager\"><\/span><span class=\"fg-image-overlay\"><\/span><\/a><figcaption class=\"fg-caption\"><div class=\"fg-caption-inner\"><div class=\"fg-caption-title\">Pavlova<\/div><div class=\"fg-caption-desc\">35,- K\u010d<\/div><\/div><\/figcaption><\/figure><div class=\"fg-loader\"><\/div><\/div><div class=\"fg-item fg-type-image fg-loaded\"><figure class=\"fg-item-inner\"><a href=\"https:\/\/www.cafeberuska.cz\/wp-content\/uploads\/2024\/08\/Rolada-cokoladova.jpg\" data-caption-desc=\"30,- K\u010d\" data-caption-title=\"Rol\u00e1da \u010dokol\u00e1dov\u00e1\" data-attachment-id=\"3237\" data-type=\"image\" class=\"fg-thumb\"><span class=\"fg-image-wrap\"><img decoding=\"async\" src=\"https:\/\/www.cafeberuska.cz\/wp-content\/uploads\/cache\/2024\/08\/Rolada-cokoladova\/2138011877.jpg\" width=\"1000\" height=\"704\" class=\"skip-lazy fg-image\" loading=\"eager\"><\/span><span class=\"fg-image-overlay\"><\/span><\/a><figcaption class=\"fg-caption\"><div class=\"fg-caption-inner\"><div class=\"fg-caption-title\">Rol\u00e1da \u010dokol\u00e1dov\u00e1<\/div><div class=\"fg-caption-desc\">30,- K\u010d<\/div><\/div><\/figcaption><\/figure><div class=\"fg-loader\"><\/div><\/div><div class=\"fg-item fg-type-image fg-loaded\"><figure class=\"fg-item-inner\"><a href=\"https:\/\/www.cafeberuska.cz\/wp-content\/uploads\/2024\/08\/Rolada-kokosova.jpg\" data-caption-desc=\"30,- K\u010d\" data-caption-title=\"Rol\u00e1da kokosov\u00e1\" data-attachment-id=\"3238\" data-type=\"image\" class=\"fg-thumb\"><span class=\"fg-image-wrap\"><img decoding=\"async\" src=\"https:\/\/www.cafeberuska.cz\/wp-content\/uploads\/cache\/2024\/08\/Rolada-kokosova\/4089381892.jpg\" width=\"1000\" height=\"704\" class=\"skip-lazy fg-image\" loading=\"eager\"><\/span><span class=\"fg-image-overlay\"><\/span><\/a><figcaption class=\"fg-caption\"><div class=\"fg-caption-inner\"><div class=\"fg-caption-title\">Rol\u00e1da kokosov\u00e1<\/div><div class=\"fg-caption-desc\">30,- K\u010d<\/div><\/div><\/figcaption><\/figure><div class=\"fg-loader\"><\/div><\/div><div class=\"fg-item fg-type-image fg-loaded\"><figure class=\"fg-item-inner\"><a href=\"https:\/\/www.cafeberuska.cz\/wp-content\/uploads\/2024\/08\/Rolada-oriskova.jpg\" data-caption-desc=\"30,- K\u010d\" data-caption-title=\"Rol\u00e1da o\u0159\u00ed\u0161kov\u00e1\" data-attachment-id=\"3239\" data-type=\"image\" class=\"fg-thumb\"><span class=\"fg-image-wrap\"><img decoding=\"async\" src=\"https:\/\/www.cafeberuska.cz\/wp-content\/uploads\/cache\/2024\/08\/Rolada-oriskova\/2173752944.jpg\" width=\"1000\" height=\"704\" class=\"skip-lazy fg-image\" loading=\"eager\"><\/span><span class=\"fg-image-overlay\"><\/span><\/a><figcaption class=\"fg-caption\"><div class=\"fg-caption-inner\"><div class=\"fg-caption-title\">Rol\u00e1da o\u0159\u00ed\u0161kov\u00e1<\/div><div class=\"fg-caption-desc\">30,- K\u010d<\/div><\/div><\/figcaption><\/figure><div class=\"fg-loader\"><\/div><\/div><div class=\"fg-item fg-type-image fg-loaded\"><figure class=\"fg-item-inner\"><a href=\"https:\/\/www.cafeberuska.cz\/wp-content\/uploads\/2024\/08\/Laskonka-1.jpg\" data-caption-desc=\"30,- K\u010d\" data-caption-title=\"Laskonka\" data-attachment-id=\"3248\" data-type=\"image\" class=\"fg-thumb\"><span class=\"fg-image-wrap\"><img decoding=\"async\" src=\"https:\/\/www.cafeberuska.cz\/wp-content\/uploads\/cache\/2024\/08\/Laskonka-1\/1212587546.jpg\" width=\"1000\" height=\"704\" class=\"skip-lazy fg-image\" loading=\"eager\"><\/span><span class=\"fg-image-overlay\"><\/span><\/a><figcaption class=\"fg-caption\"><div class=\"fg-caption-inner\"><div class=\"fg-caption-title\">Laskonka<\/div><div class=\"fg-caption-desc\">30,- K\u010d<\/div><\/div><\/figcaption><\/figure><div class=\"fg-loader\"><\/div><\/div><div class=\"fg-item fg-type-image fg-loaded\"><figure class=\"fg-item-inner\"><a href=\"https:\/\/www.cafeberuska.cz\/wp-content\/uploads\/2024\/08\/Satecek-se-zloutkovym-kremem.jpg\" data-caption-desc=\"30,- K\u010d\" data-caption-title=\"\u0160\u00e1te\u010dek se \u017eloutkov\u00fdm kr\u00e9mem\" data-attachment-id=\"3240\" data-type=\"image\" class=\"fg-thumb\"><span class=\"fg-image-wrap\"><img decoding=\"async\" src=\"https:\/\/www.cafeberuska.cz\/wp-content\/uploads\/cache\/2024\/08\/Satecek-se-zloutkovym-kremem\/2733950181.jpg\" width=\"1000\" height=\"704\" class=\"skip-lazy fg-image\" loading=\"eager\"><\/span><span class=\"fg-image-overlay\"><\/span><\/a><figcaption class=\"fg-caption\"><div class=\"fg-caption-inner\"><div class=\"fg-caption-title\">\u0160\u00e1te\u010dek se \u017eloutkov\u00fdm kr\u00e9mem<\/div><div class=\"fg-caption-desc\">30,- K\u010d<\/div><\/div><\/figcaption><\/figure><div class=\"fg-loader\"><\/div><\/div><div class=\"fg-item fg-type-image fg-loaded\"><figure class=\"fg-item-inner\"><a href=\"https:\/\/www.cafeberuska.cz\/wp-content\/uploads\/2024\/08\/Kremrole-se-slehackou.jpg\" data-caption-desc=\"30,- K\u010d\" data-caption-title=\"Kremrole se \u0161leha\u010dkou\" data-attachment-id=\"3247\" data-type=\"image\" class=\"fg-thumb\"><span class=\"fg-image-wrap\"><img decoding=\"async\" src=\"https:\/\/www.cafeberuska.cz\/wp-content\/uploads\/cache\/2024\/08\/Kremrole-se-slehackou\/645031260.jpg\" width=\"1000\" height=\"704\" class=\"skip-lazy fg-image\" loading=\"eager\"><\/span><span class=\"fg-image-overlay\"><\/span><\/a><figcaption class=\"fg-caption\"><div class=\"fg-caption-inner\"><div class=\"fg-caption-title\">Kremrole se \u0161leha\u010dkou<\/div><div class=\"fg-caption-desc\">30,- K\u010d<\/div><\/div><\/figcaption><\/figure><div class=\"fg-loader\"><\/div><\/div><div class=\"fg-item fg-type-image fg-loaded\"><figure class=\"fg-item-inner\"><a href=\"https:\/\/www.cafeberuska.cz\/wp-content\/uploads\/2024\/08\/Zele-rez.jpg\" data-caption-desc=\"30,- K\u010d\" data-caption-title=\"\u017del\u00e9 \u0159ez\" data-attachment-id=\"3244\" data-type=\"image\" class=\"fg-thumb\"><span class=\"fg-image-wrap\"><img decoding=\"async\" src=\"https:\/\/www.cafeberuska.cz\/wp-content\/uploads\/cache\/2024\/08\/Zele-rez\/2629068565.jpg\" width=\"1000\" height=\"704\" class=\"skip-lazy fg-image\" loading=\"eager\"><\/span><span class=\"fg-image-overlay\"><\/span><\/a><figcaption class=\"fg-caption\"><div class=\"fg-caption-inner\"><div class=\"fg-caption-title\">\u017del\u00e9 \u0159ez<\/div><div class=\"fg-caption-desc\">30,- K\u010d<\/div><\/div><\/figcaption><\/figure><div class=\"fg-loader\"><\/div><\/div><div class=\"fg-item fg-type-image fg-loaded\"><figure class=\"fg-item-inner\"><a href=\"https:\/\/www.cafeberuska.cz\/wp-content\/uploads\/2024\/08\/Venecek-se-zlout.-kremem.jpg\" data-caption-desc=\"30,- K\u010d\" data-caption-title=\"V\u011bne\u010dek se \u017elout. kr\u00e9mem\" data-attachment-id=\"3243\" data-type=\"image\" class=\"fg-thumb\"><span class=\"fg-image-wrap\"><img decoding=\"async\" src=\"https:\/\/www.cafeberuska.cz\/wp-content\/uploads\/cache\/2024\/08\/Venecek-se-zlout_-kremem\/2645069514.jpg\" width=\"1000\" height=\"704\" class=\"skip-lazy fg-image\" loading=\"eager\"><\/span><span class=\"fg-image-overlay\"><\/span><\/a><figcaption class=\"fg-caption\"><div class=\"fg-caption-inner\"><div class=\"fg-caption-title\">V\u011bne\u010dek se \u017elout. kr\u00e9mem<\/div><div class=\"fg-caption-desc\">30,- K\u010d<\/div><\/div><\/figcaption><\/figure><div class=\"fg-loader\"><\/div><\/div><div class=\"fg-item fg-type-image fg-loaded\"><figure class=\"fg-item-inner\"><a href=\"https:\/\/www.cafeberuska.cz\/wp-content\/uploads\/2024\/08\/vysluzky_upraveno.jpg\" data-caption-title=\"V\u00fdslu\u017eky\" data-attachment-id=\"3267\" data-type=\"image\" class=\"fg-thumb\"><span class=\"fg-image-wrap\"><img decoding=\"async\" src=\"https:\/\/www.cafeberuska.cz\/wp-content\/uploads\/cache\/2024\/08\/vysluzky_upraveno\/270197399.jpg\" width=\"1000\" height=\"704\" class=\"skip-lazy fg-image\" loading=\"eager\"><\/span><span class=\"fg-image-overlay\"><\/span><\/a><figcaption class=\"fg-caption\"><div class=\"fg-caption-inner\"><div class=\"fg-caption-title\">V\u00fdslu\u017eky<\/div><\/div><\/figcaption><\/figure><div class=\"fg-loader\"><\/div><\/div><\/div>\n","protected":false},"excerpt":{"rendered":"","protected":false},"author":1,"featured_media":0,"parent":0,"menu_order":0,"comment_status":"closed","ping_status":"closed","template":"","meta":{"_monsterinsights_skip_tracking":false,"_monsterinsights_sitenote_active":false,"_monsterinsights_sitenote_note":"","_monsterinsights_sitenote_category":0,"footnotes":""},"class_list":["post-3220","page","type-page","status-publish","hentry"],"aioseo_notices":[],"_links":{"self":[{"href":"https:\/\/www.cafeberuska.cz\/index.php\/wp-json\/wp\/v2\/pages\/3220","targetHints":{"allow":["GET"]}}],"collection":[{"href":"https:\/\/www.cafeberuska.cz\/index.php\/wp-json\/wp\/v2\/pages"}],"about":[{"href":"https:\/\/www.cafeberuska.cz\/index.php\/wp-json\/wp\/v2\/types\/page"}],"author":[{"embeddable":true,"href":"https:\/\/www.cafeberuska.cz\/index.php\/wp-json\/wp\/v2\/users\/1"}],"replies":[{"embeddable":true,"href":"https:\/\/www.cafeberuska.cz\/index.php\/wp-json\/wp\/v2\/comments?post=3220"}],"version-history":[{"count":4,"href":"https:\/\/www.cafeberuska.cz\/index.php\/wp-json\/wp\/v2\/pages\/3220\/revisions"}],"predecessor-version":[{"id":3266,"href":"https:\/\/www.cafeberuska.cz\/index.php\/wp-json\/wp\/v2\/pages\/3220\/revisions\/3266"}],"wp:attachment":[{"href":"https:\/\/www.cafeberuska.cz\/index.php\/wp-json\/wp\/v2\/media?parent=3220"}],"curies":[{"name":"wp","href":"https:\/\/api.w.org\/{rel}","templated":true}]}}