{"id":33,"date":"2021-02-15T11:40:42","date_gmt":"2021-02-15T11:40:42","guid":{"rendered":"http:\/\/www.cafeberuska.online\/?page_id=33"},"modified":"2023-03-18T11:02:35","modified_gmt":"2023-03-18T11:02:35","slug":"lahudky-a-cukrarna-beruska","status":"publish","type":"page","link":"https:\/\/www.cafeberuska.cz\/index.php\/lahudky-a-cukrarna-beruska\/","title":{"rendered":"LAH\u016eDKY A CUKR\u00c1RNA BERU\u0160KA"},"content":{"rendered":"\n<p class=\"has-large-font-size\"><strong>Lah\u016fdky a cukr\u00e1rna Beru\u0161ka<\/strong><\/p>\n\n\n\n<p>N\u00e1m. Gener\u00e1la P\u00edky 9, 326 00 Plze\u0148<\/p>\n\n\n\n<div style=\"height:25px\" aria-hidden=\"true\" class=\"wp-block-spacer\"><\/div>\n\n\n\n<p style=\"font-size:18px\"><strong>Otev\u00edrac\u00ed doba:<\/strong><\/p>\n\n\n\n<p><strong>PO \u2013 P\u00c1:<\/strong> 7,00 \u2013 18,00<\/p>\n\n\n\n<p><strong>SO<\/strong>:   7,00 &#8211; 18,00<\/p>\n\n\n\n<p><strong>NE:<\/strong>   zav\u0159eno<\/p>\n\n\n\n<div style=\"height:15px\" aria-hidden=\"true\" class=\"wp-block-spacer\"><\/div>\n\n\n\n<p>Je na\u0161e cukr\u00e1rna v Plzni na Slovanech s p\u0159\u00edjemn\u00fdm interi\u00e9rem, kde si vyberete jak ze sladk\u00e9ho tak i slan\u00e9ho. V letn\u00edm obdob\u00ed m\u00e1me pro v\u00e1s otev\u0159enou zahr\u00e1dku.<\/p>\n\n\n<style type=\"text\/css\">\n#foogallery-gallery-2228.fg-masonry { --fg-gutter: 20px; }<\/style>\n\t\t\t<div class=\"foogallery foogallery-container foogallery-masonry foogallery-lightbox-foobox fg-center fg-masonry fg-ready fg-light fg-round-small fg-shadow-medium fg-loading-default fg-loaded-fade-in fg-hover-scale fg-hover-fade fg-hover-zoom2 fg-light-overlays fg-col3\" id=\"foogallery-gallery-2228\" data-foogallery=\"{&quot;item&quot;:{&quot;showCaptionTitle&quot;:true,&quot;showCaptionDescription&quot;:true},&quot;lazy&quot;:false,&quot;src&quot;:&quot;src&quot;,&quot;srcset&quot;:&quot;srcset&quot;}\" style=\"--fg-title-line-clamp: 0; --fg-description-line-clamp: 0;\" >\n\t\t<div class=\"fg-column-width\"><\/div>\n\t<div class=\"fg-gutter-width\"><\/div>\n\t\t<div class=\"fg-item fg-type-image fg-loaded\"><figure class=\"fg-item-inner\"><a href=\"https:\/\/www.cafeberuska.cz\/wp-content\/uploads\/2021\/04\/interier1.jpg\" data-caption-title=\"Interi\u00e9r\" data-attachment-id=\"2229\" data-type=\"image\" class=\"fg-thumb\"><span class=\"fg-image-wrap\"><img decoding=\"async\" src=\"https:\/\/www.cafeberuska.cz\/wp-content\/uploads\/2021\/04\/interier1.jpg\" width=\"1000\" height=\"666.25\" class=\"skip-lazy fg-image\" loading=\"eager\"><\/span><span class=\"fg-image-overlay\"><\/span><\/a><figcaption class=\"fg-caption\"><div class=\"fg-caption-inner\"><div class=\"fg-caption-title\">Interi\u00e9r<\/div><\/div><\/figcaption><\/figure><div class=\"fg-loader\"><\/div><\/div><div class=\"fg-item fg-type-image fg-loaded\"><figure class=\"fg-item-inner\"><a href=\"https:\/\/www.cafeberuska.cz\/wp-content\/uploads\/2021\/04\/interier2.jpg\" data-caption-title=\"Interi\u00e9r\" data-attachment-id=\"2230\" data-type=\"image\" class=\"fg-thumb\"><span class=\"fg-image-wrap\"><img decoding=\"async\" src=\"https:\/\/www.cafeberuska.cz\/wp-content\/uploads\/2021\/04\/interier2.jpg\" width=\"1000\" height=\"666.25\" class=\"skip-lazy fg-image\" loading=\"eager\"><\/span><span class=\"fg-image-overlay\"><\/span><\/a><figcaption class=\"fg-caption\"><div class=\"fg-caption-inner\"><div class=\"fg-caption-title\">Interi\u00e9r<\/div><\/div><\/figcaption><\/figure><div class=\"fg-loader\"><\/div><\/div><div class=\"fg-item fg-type-image fg-loaded\"><figure class=\"fg-item-inner\"><a href=\"https:\/\/www.cafeberuska.cz\/wp-content\/uploads\/2021\/04\/venkovni_foto-2014.jpg\" data-caption-title=\"Zahr\u00e1dka\" data-attachment-id=\"2231\" data-type=\"image\" class=\"fg-thumb\"><span class=\"fg-image-wrap\"><img decoding=\"async\" src=\"https:\/\/www.cafeberuska.cz\/wp-content\/uploads\/2021\/04\/venkovni_foto-2014.jpg\" width=\"1000\" height=\"665.882352941\" class=\"skip-lazy fg-image\" loading=\"eager\"><\/span><span class=\"fg-image-overlay\"><\/span><\/a><figcaption class=\"fg-caption\"><div class=\"fg-caption-inner\"><div class=\"fg-caption-title\">Zahr\u00e1dka<\/div><\/div><\/figcaption><\/figure><div class=\"fg-loader\"><\/div><\/div><\/div>\n\n\n<div style=\"height:10px\" aria-hidden=\"true\" class=\"wp-block-spacer\"><\/div>\n\n\n<div class=\"wp-block-image\">\n<figure class=\"alignleft size-large is-resized\"><img loading=\"lazy\" decoding=\"async\" src=\"https:\/\/www.cafeberuska.cz\/wp-content\/uploads\/2021\/04\/cash-Kc2-1.png\" alt=\"\" class=\"wp-image-2461\" width=\"272\" height=\"56\"\/><\/figure>\n<\/div>\n\n<div class=\"wp-block-image\">\n<figure class=\"alignleft size-large\"><img loading=\"lazy\" decoding=\"async\" width=\"279\" height=\"46\" src=\"https:\/\/www.cafeberuska.cz\/wp-content\/uploads\/2021\/04\/karta3-2.png\" alt=\"\" class=\"wp-image-2463\"\/><\/figure>\n<\/div>\n\n<div class=\"wp-block-image\">\n<figure class=\"alignleft size-large\"><img loading=\"lazy\" decoding=\"async\" width=\"258\" height=\"120\" src=\"https:\/\/www.cafeberuska.cz\/wp-content\/uploads\/2021\/04\/stravenky.png\" alt=\"\" class=\"wp-image-2397\"\/><\/figure>\n<\/div>\n\n\n<div style=\"height:25px\" aria-hidden=\"true\" class=\"wp-block-spacer\"><\/div>\n\n\n<div class=\"wp-block-image\">\n<figure class=\"alignleft size-large\"><img loading=\"lazy\" decoding=\"async\" width=\"272\" height=\"53\" src=\"https:\/\/www.cafeberuska.cz\/wp-content\/uploads\/2021\/04\/Kava-a-zakusek-s-sebou.png\" alt=\"\" class=\"wp-image-2440\"\/><\/figure>\n<\/div>\n\n<div class=\"wp-block-image\">\n<figure class=\"alignleft size-large\"><img loading=\"lazy\" decoding=\"async\" width=\"272\" height=\"60\" src=\"https:\/\/www.cafeberuska.cz\/wp-content\/uploads\/2021\/04\/Bezbarieovy-pristup-2.png\" alt=\"\" class=\"wp-image-2441\"\/><\/figure>\n<\/div>\n\n<div class=\"wp-block-image\">\n<figure class=\"alignleft size-large\"><img loading=\"lazy\" decoding=\"async\" width=\"263\" height=\"60\" src=\"https:\/\/www.cafeberuska.cz\/wp-content\/uploads\/2021\/04\/Klimatizovane-prostory-1.png\" alt=\"\" class=\"wp-image-2458\"\/><\/figure>\n<\/div>\n\n<div class=\"wp-block-image\">\n<figure class=\"alignleft size-large\"><img loading=\"lazy\" decoding=\"async\" width=\"131\" height=\"43\" src=\"https:\/\/www.cafeberuska.cz\/wp-content\/uploads\/2021\/04\/Wi-Fi-2.png\" alt=\"\" class=\"wp-image-2401\"\/><\/figure>\n<\/div>\n\n\n<div style=\"height:1px\" aria-hidden=\"true\" class=\"wp-block-spacer\"><\/div>\n","protected":false},"excerpt":{"rendered":"<p>Lah\u016fdky a cukr\u00e1rna Beru\u0161ka N\u00e1m. Gener\u00e1la P\u00edky 9, 326 00 Plze\u0148 Otev\u00edrac\u00ed doba: PO \u2013 P\u00c1: 7,00 \u2013 18,00 SO: 7,00 &#8211; 18,00 NE: zav\u0159eno Je na\u0161e cukr\u00e1rna v Plzni na Slovanech s p\u0159\u00edjemn\u00fdm interi\u00e9rem, kde si vyberete jak ze sladk\u00e9ho tak i slan\u00e9ho. V letn\u00edm obdob\u00ed m\u00e1me pro v\u00e1s otev\u0159enou zahr\u00e1dku.<\/p>\n","protected":false},"author":1,"featured_media":0,"parent":0,"menu_order":0,"comment_status":"closed","ping_status":"closed","template":"","meta":{"_monsterinsights_skip_tracking":false,"_monsterinsights_sitenote_active":false,"_monsterinsights_sitenote_note":"","_monsterinsights_sitenote_category":0,"footnotes":""},"class_list":["post-33","page","type-page","status-publish","hentry"],"aioseo_notices":[],"_links":{"self":[{"href":"https:\/\/www.cafeberuska.cz\/index.php\/wp-json\/wp\/v2\/pages\/33","targetHints":{"allow":["GET"]}}],"collection":[{"href":"https:\/\/www.cafeberuska.cz\/index.php\/wp-json\/wp\/v2\/pages"}],"about":[{"href":"https:\/\/www.cafeberuska.cz\/index.php\/wp-json\/wp\/v2\/types\/page"}],"author":[{"embeddable":true,"href":"https:\/\/www.cafeberuska.cz\/index.php\/wp-json\/wp\/v2\/users\/1"}],"replies":[{"embeddable":true,"href":"https:\/\/www.cafeberuska.cz\/index.php\/wp-json\/wp\/v2\/comments?post=33"}],"version-history":[{"count":37,"href":"https:\/\/www.cafeberuska.cz\/index.php\/wp-json\/wp\/v2\/pages\/33\/revisions"}],"predecessor-version":[{"id":3022,"href":"https:\/\/www.cafeberuska.cz\/index.php\/wp-json\/wp\/v2\/pages\/33\/revisions\/3022"}],"wp:attachment":[{"href":"https:\/\/www.cafeberuska.cz\/index.php\/wp-json\/wp\/v2\/media?parent=33"}],"curies":[{"name":"wp","href":"https:\/\/api.w.org\/{rel}","templated":true}]}}