{"id":3393,"date":"2025-05-29T19:08:41","date_gmt":"2025-05-29T19:08:41","guid":{"rendered":"https:\/\/www.cafeberuska.cz\/?page_id=3393"},"modified":"2025-05-29T19:08:42","modified_gmt":"2025-05-29T19:08:42","slug":"henri-misky-a-plnene-pecivo","status":"publish","type":"page","link":"https:\/\/www.cafeberuska.cz\/index.php\/henri-misky-a-plnene-pecivo\/","title":{"rendered":"Henri misky a pln\u011bn\u00e9 pe\u010divo"},"content":{"rendered":"<style type=\"text\/css\">\n#foogallery-gallery-3392.fg-masonry { --fg-gutter: 20px; }<\/style>\n\t\t\t<div class=\"foogallery foogallery-container foogallery-masonry foogallery-lightbox-foobox fg-center fg-masonry fg-ready fg-light fg-border-medium fg-round-small fg-shadow-medium fg-loading-default fg-loaded-fade-in fg-hover-scale fg-captions-bottom fg-hover-fade fg-hover-zoom2 fg-light-overlays fg-col3\" id=\"foogallery-gallery-3392\" data-foogallery=\"{&quot;item&quot;:{&quot;showCaptionTitle&quot;:true,&quot;showCaptionDescription&quot;:true},&quot;lazy&quot;:false,&quot;src&quot;:&quot;src&quot;,&quot;srcset&quot;:&quot;srcset&quot;}\" style=\"--fg-title-line-clamp: 0; --fg-description-line-clamp: 0;\" >\n\t\t<div class=\"fg-column-width\"><\/div>\n\t<div class=\"fg-gutter-width\"><\/div>\n\t\t<div class=\"fg-item fg-type-image fg-loaded\"><figure class=\"fg-item-inner\"><a href=\"https:\/\/www.cafeberuska.cz\/wp-content\/uploads\/2025\/05\/Henri-vejce-se-sunkou1.jpg\" data-caption-desc=\"38,- K\u010d&lt;br&gt;\u0161unka, zelenina, br. sal\u00e1t\" data-caption-title=\"Henri vejce se \u0161unkou\" data-attachment-id=\"3387\" data-type=\"image\" class=\"fg-thumb\"><span class=\"fg-image-wrap\"><img fetchpriority=\"high\" decoding=\"async\" src=\"https:\/\/www.cafeberuska.cz\/wp-content\/uploads\/cache\/2025\/05\/Henri-vejce-se-sunkou1\/3040924506.jpg\" width=\"1000\" height=\"704\" class=\"skip-lazy fg-image\" loading=\"eager\"><\/span><span class=\"fg-image-overlay\"><\/span><\/a><figcaption class=\"fg-caption\"><div class=\"fg-caption-inner\"><div class=\"fg-caption-title\">Henri vejce se \u0161unkou<\/div><div class=\"fg-caption-desc\">38,- K\u010d<br>\u0161unka, zelenina, br. sal\u00e1t<\/div><\/div><\/figcaption><\/figure><div class=\"fg-loader\"><\/div><\/div><div class=\"fg-item fg-type-image fg-loaded\"><figure class=\"fg-item-inner\"><a href=\"https:\/\/www.cafeberuska.cz\/wp-content\/uploads\/2025\/05\/Henri-vejce-se-syrem1.jpg\" data-caption-desc=\"38,- K\u010d&lt;br&gt;niva, uzen\u00fd s\u00fdr, br. sal\u00e1t\" data-caption-title=\"Henri vejce se s\u00fdrem\" data-attachment-id=\"3386\" data-type=\"image\" class=\"fg-thumb\"><span class=\"fg-image-wrap\"><img decoding=\"async\" src=\"https:\/\/www.cafeberuska.cz\/wp-content\/uploads\/cache\/2025\/05\/Henri-vejce-se-syrem1\/2016564377.jpg\" width=\"1000\" height=\"704\" class=\"skip-lazy fg-image\" loading=\"eager\"><\/span><span class=\"fg-image-overlay\"><\/span><\/a><figcaption class=\"fg-caption\"><div class=\"fg-caption-inner\"><div class=\"fg-caption-title\">Henri vejce se s\u00fdrem<\/div><div class=\"fg-caption-desc\">38,- K\u010d<br>niva, uzen\u00fd s\u00fdr, br. sal\u00e1t<\/div><\/div><\/figcaption><\/figure><div class=\"fg-loader\"><\/div><\/div><div class=\"fg-item fg-type-image fg-loaded\"><figure class=\"fg-item-inner\"><a href=\"https:\/\/www.cafeberuska.cz\/wp-content\/uploads\/2025\/05\/Henri-vejce-se-salamem1.jpg\" data-caption-desc=\"38,- K\u010d&lt;br&gt;turistick\u00fd sal\u00e1m, vaj\u00ed\u010dko, br. sal\u00e1t\" data-caption-title=\"Henri vejce se sal\u00e1mem\" data-attachment-id=\"3385\" data-type=\"image\" class=\"fg-thumb\"><span class=\"fg-image-wrap\"><img decoding=\"async\" src=\"https:\/\/www.cafeberuska.cz\/wp-content\/uploads\/cache\/2025\/05\/Henri-vejce-se-salamem1\/1209291245.jpg\" width=\"1000\" height=\"704\" class=\"skip-lazy fg-image\" loading=\"eager\"><\/span><span class=\"fg-image-overlay\"><\/span><\/a><figcaption class=\"fg-caption\"><div class=\"fg-caption-inner\"><div class=\"fg-caption-title\">Henri vejce se sal\u00e1mem<\/div><div class=\"fg-caption-desc\">38,- K\u010d<br>turistick\u00fd sal\u00e1m, vaj\u00ed\u010dko, br. sal\u00e1t<\/div><\/div><\/figcaption><\/figure><div class=\"fg-loader\"><\/div><\/div><div class=\"fg-item fg-type-image fg-loaded\"><figure class=\"fg-item-inner\"><a href=\"https:\/\/www.cafeberuska.cz\/wp-content\/uploads\/2025\/05\/Miska-syrova1.jpg\" data-caption-desc=\"38,- K\u010d&lt;br&gt;eidam, uzen\u00fd s\u00fdr, hermel\u00edn, dud\u00e1ck\u00e1 pom.\" data-caption-title=\"Miska s\u00fdrov\u00e1\" data-attachment-id=\"3383\" data-type=\"image\" class=\"fg-thumb\"><span class=\"fg-image-wrap\"><img decoding=\"async\" src=\"https:\/\/www.cafeberuska.cz\/wp-content\/uploads\/cache\/2025\/05\/Miska-syrova1\/1600865344.jpg\" width=\"1000\" height=\"704\" class=\"skip-lazy fg-image\" loading=\"eager\"><\/span><span class=\"fg-image-overlay\"><\/span><\/a><figcaption class=\"fg-caption\"><div class=\"fg-caption-inner\"><div class=\"fg-caption-title\">Miska s\u00fdrov\u00e1<\/div><div class=\"fg-caption-desc\">38,- K\u010d<br>eidam, uzen\u00fd s\u00fdr, hermel\u00edn, dud\u00e1ck\u00e1 pom.<\/div><\/div><\/figcaption><\/figure><div class=\"fg-loader\"><\/div><\/div><div class=\"fg-item fg-type-image fg-loaded\"><figure class=\"fg-item-inner\"><a href=\"https:\/\/www.cafeberuska.cz\/wp-content\/uploads\/2025\/05\/Rosolka1.jpg\" data-caption-desc=\"38,- K\u010d&lt;br&gt;sal\u00e1m, vaj\u00ed\u010dko, br. sal\u00e1t\" data-caption-title=\"Rosolka\" data-attachment-id=\"3382\" data-type=\"image\" class=\"fg-thumb\"><span class=\"fg-image-wrap\"><img decoding=\"async\" src=\"https:\/\/www.cafeberuska.cz\/wp-content\/uploads\/cache\/2025\/05\/Rosolka1\/997198591.jpg\" width=\"1000\" height=\"704\" class=\"skip-lazy fg-image\" loading=\"eager\"><\/span><span class=\"fg-image-overlay\"><\/span><\/a><figcaption class=\"fg-caption\"><div class=\"fg-caption-inner\"><div class=\"fg-caption-title\">Rosolka<\/div><div class=\"fg-caption-desc\">38,- K\u010d<br>sal\u00e1m, vaj\u00ed\u010dko, br. sal\u00e1t<\/div><\/div><\/figcaption><\/figure><div class=\"fg-loader\"><\/div><\/div><div class=\"fg-item fg-type-image fg-loaded\"><figure class=\"fg-item-inner\"><a href=\"https:\/\/www.cafeberuska.cz\/wp-content\/uploads\/2025\/05\/Houska-plnena1.jpg\" data-caption-desc=\"49,- K\u010d&lt;br&gt;\u0161unka, s\u00fdr, sal\u00e1t, br. sal\u00e1t\" data-caption-title=\"Houska pln\u011bn\u00e1\" data-attachment-id=\"3388\" data-type=\"image\" class=\"fg-thumb\"><span class=\"fg-image-wrap\"><img decoding=\"async\" src=\"https:\/\/www.cafeberuska.cz\/wp-content\/uploads\/cache\/2025\/05\/Houska-plnena1\/237303430.jpg\" width=\"1000\" height=\"704\" class=\"skip-lazy fg-image\" loading=\"eager\"><\/span><span class=\"fg-image-overlay\"><\/span><\/a><figcaption class=\"fg-caption\"><div class=\"fg-caption-inner\"><div class=\"fg-caption-title\">Houska pln\u011bn\u00e1<\/div><div class=\"fg-caption-desc\">49,- K\u010d<br>\u0161unka, s\u00fdr, sal\u00e1t, br. sal\u00e1t<\/div><\/div><\/figcaption><\/figure><div class=\"fg-loader\"><\/div><\/div><div class=\"fg-item fg-type-image fg-loaded\"><figure class=\"fg-item-inner\"><a href=\"https:\/\/www.cafeberuska.cz\/wp-content\/uploads\/2025\/05\/Croissant-sunkovy1.jpg\" data-caption-desc=\"49,- K\u010d&lt;br&gt;\u0161unka, s\u00fdr, rostlinn\u00e9 m\u00e1slo\" data-caption-title=\"Croissant \u0161unkov\u00fd\" data-attachment-id=\"3384\" data-type=\"image\" class=\"fg-thumb\"><span class=\"fg-image-wrap\"><img decoding=\"async\" src=\"https:\/\/www.cafeberuska.cz\/wp-content\/uploads\/cache\/2025\/05\/Croissant-sunkovy1\/1746271397.jpg\" width=\"1000\" height=\"704\" class=\"skip-lazy fg-image\" loading=\"eager\"><\/span><span class=\"fg-image-overlay\"><\/span><\/a><figcaption class=\"fg-caption\"><div class=\"fg-caption-inner\"><div class=\"fg-caption-title\">Croissant \u0161unkov\u00fd<\/div><div class=\"fg-caption-desc\">49,- K\u010d<br>\u0161unka, s\u00fdr, rostlinn\u00e9 m\u00e1slo<\/div><\/div><\/figcaption><\/figure><div class=\"fg-loader\"><\/div><\/div><div class=\"fg-item fg-type-image fg-loaded\"><figure class=\"fg-item-inner\"><a href=\"https:\/\/www.cafeberuska.cz\/wp-content\/uploads\/2025\/05\/Houska-s-rizkem1.jpg\" data-caption-desc=\"59,- K\u010d&lt;br&gt;ku\u0159ec\u00ed \u0159\u00edzek, sal\u00e1t, majon\u00e9za, ke\u010dup\" data-caption-title=\"Houska s \u0159\u00edzkem\" data-attachment-id=\"3389\" data-type=\"image\" class=\"fg-thumb\"><span class=\"fg-image-wrap\"><img decoding=\"async\" src=\"https:\/\/www.cafeberuska.cz\/wp-content\/uploads\/cache\/2025\/05\/Houska-s-rizkem1\/350813461.jpg\" width=\"1000\" height=\"704\" class=\"skip-lazy fg-image\" loading=\"eager\"><\/span><span class=\"fg-image-overlay\"><\/span><\/a><figcaption class=\"fg-caption\"><div class=\"fg-caption-inner\"><div class=\"fg-caption-title\">Houska s \u0159\u00edzkem<\/div><div class=\"fg-caption-desc\">59,- K\u010d<br>ku\u0159ec\u00ed \u0159\u00edzek, sal\u00e1t, majon\u00e9za, ke\u010dup<\/div><\/div><\/figcaption><\/figure><div class=\"fg-loader\"><\/div><\/div><\/div>\n\n\n\n<p><\/p>\n","protected":false},"excerpt":{"rendered":"","protected":false},"author":1,"featured_media":0,"parent":0,"menu_order":0,"comment_status":"closed","ping_status":"closed","template":"","meta":{"_monsterinsights_skip_tracking":false,"_monsterinsights_sitenote_active":false,"_monsterinsights_sitenote_note":"","_monsterinsights_sitenote_category":0,"footnotes":""},"class_list":["post-3393","page","type-page","status-publish","hentry"],"aioseo_notices":[],"_links":{"self":[{"href":"https:\/\/www.cafeberuska.cz\/index.php\/wp-json\/wp\/v2\/pages\/3393","targetHints":{"allow":["GET"]}}],"collection":[{"href":"https:\/\/www.cafeberuska.cz\/index.php\/wp-json\/wp\/v2\/pages"}],"about":[{"href":"https:\/\/www.cafeberuska.cz\/index.php\/wp-json\/wp\/v2\/types\/page"}],"author":[{"embeddable":true,"href":"https:\/\/www.cafeberuska.cz\/index.php\/wp-json\/wp\/v2\/users\/1"}],"replies":[{"embeddable":true,"href":"https:\/\/www.cafeberuska.cz\/index.php\/wp-json\/wp\/v2\/comments?post=3393"}],"version-history":[{"count":1,"href":"https:\/\/www.cafeberuska.cz\/index.php\/wp-json\/wp\/v2\/pages\/3393\/revisions"}],"predecessor-version":[{"id":3394,"href":"https:\/\/www.cafeberuska.cz\/index.php\/wp-json\/wp\/v2\/pages\/3393\/revisions\/3394"}],"wp:attachment":[{"href":"https:\/\/www.cafeberuska.cz\/index.php\/wp-json\/wp\/v2\/media?parent=3393"}],"curies":[{"name":"wp","href":"https:\/\/api.w.org\/{rel}","templated":true}]}}