{"id":903,"date":"2024-10-29T18:14:08","date_gmt":"2024-10-29T18:14:08","guid":{"rendered":"http:\/\/www.cafeberuska.online\/?page_id=903"},"modified":"2026-01-31T10:13:56","modified_gmt":"2026-01-31T10:13:56","slug":"volna-pracovni-mista","status":"publish","type":"page","link":"https:\/\/www.cafeberuska.cz\/index.php\/volna-pracovni-mista\/","title":{"rendered":"VOLN\u00c1 PRACOVN\u00cd M\u00cdSTA"},"content":{"rendered":"\n<p><strong>Hled\u00e1me sle\u010dnu\/pan\u00ed na prodej !<\/strong><\/p>\n\n\n\n<p>P\u0159ijmeme do na\u0161\u00ed party sle\u010dnu\/pan\u00ed na prodej dezert\u016f a chleb\u00ed\u010dk\u016f na HPP. Bav\u00ed v\u00e1s pr\u00e1ce se z\u00e1kazn\u00edky? Dok\u00e1\u017eete pomoct s v\u00fdb\u011brem nerozhodn\u00fdm z\u00e1kazn\u00edk\u016fm? Pokud ano, nev\u00e1hejte a ozv\u011bte se n\u00e1m!<\/p>\n\n\n\n<div style=\"height:15px\" aria-hidden=\"true\" class=\"wp-block-spacer\"><\/div>\n\n\n\n<p><strong>Po\u017eadujeme:<\/strong><\/p>\n\n\n\n<ul class=\"wp-block-list\">\n<li>&#8211; Zku\u0161enost v oboru<\/li>\n\n\n\n<li>&#8211; Zodpov\u011bdnost, pe\u010dlivost, spolehlivost, samostatnost<\/li>\n\n\n\n<li>&#8211; P\u0159\u00edjemn\u00e9 vystupov\u00e1n\u00ed<\/li>\n<\/ul>\n\n\n\n<div style=\"height:15px\" aria-hidden=\"true\" class=\"wp-block-spacer\"><\/div>\n\n\n\n<p><strong>Nab\u00edz\u00edme:<\/strong><\/p>\n\n\n\n<ul class=\"wp-block-list\">\n<li>&#8211; Sm\u011bna rann\u00ed 6 &#8211; 14h, odpoledn\u00ed 12 &#8211; 19h, sobota 1x za m\u011bs\u00edc, ned\u011ble voln\u00e9<\/li>\n\n\n\n<li>&#8211; Denn\u00ed p\u0159\u00edplatek 100,- ke mzd\u011b a osobn\u00ed odm\u011bny<\/li>\n\n\n\n<li>&#8211; P\u0159\u00edjemn\u00e9 pracovn\u00ed prost\u0159ed\u00ed a fajn kolektiv<\/li>\n\n\n\n<li>&#8211; Firemn\u00ed benefity (sleva na ob\u011bd 50%, mo\u017enost 2 ob\u011bd\u016f dom\u016f za 50%, firemn\u00ed n\u00e1kupy s 15% slevou)<\/li>\n<\/ul>\n\n\n\n<div style=\"height:30px\" aria-hidden=\"true\" class=\"wp-block-spacer\"><\/div>\n\n\n\n<p>Zaj\u00edmalo by v\u00e1s, jak to u n\u00e1s chod\u00ed? Za\u0161lete n\u00e1m \u017eivotopis na email i v p\u0159\u00edpad\u011b, \u017ee n\u011bkoho takov\u00e9ho zn\u00e1te ve sv\u00e9m okol\u00ed:<\/p>\n\n\n\n<p>\ud83d\udcde: 733 121 152<br>\ud83d\udce7: info@cafeberuska.cz<\/p>\n\n\n\n<p>T\u011b\u0161\u00edme se na v\u00e1s!<\/p>\n","protected":false},"excerpt":{"rendered":"<p>Hled\u00e1me sle\u010dnu\/pan\u00ed na prodej ! P\u0159ijmeme do na\u0161\u00ed party sle\u010dnu\/pan\u00ed na prodej dezert\u016f a chleb\u00ed\u010dk\u016f na HPP. Bav\u00ed v\u00e1s pr\u00e1ce se z\u00e1kazn\u00edky? Dok\u00e1\u017eete pomoct s v\u00fdb\u011brem nerozhodn\u00fdm z\u00e1kazn\u00edk\u016fm? Pokud ano, nev\u00e1hejte a ozv\u011bte se n\u00e1m! Po\u017eadujeme: Nab\u00edz\u00edme: Zaj\u00edmalo by v\u00e1s, jak to u n\u00e1s chod\u00ed? Za\u0161lete n\u00e1m \u017eivotopis na email i v p\u0159\u00edpad\u011b, \u017ee n\u011bkoho [&hellip;]<\/p>\n","protected":false},"author":1,"featured_media":0,"parent":0,"menu_order":0,"comment_status":"closed","ping_status":"closed","template":"","meta":{"_monsterinsights_skip_tracking":false,"_monsterinsights_sitenote_active":false,"_monsterinsights_sitenote_note":"","_monsterinsights_sitenote_category":0,"footnotes":""},"class_list":["post-903","page","type-page","status-publish","hentry"],"aioseo_notices":[],"_links":{"self":[{"href":"https:\/\/www.cafeberuska.cz\/index.php\/wp-json\/wp\/v2\/pages\/903","targetHints":{"allow":["GET"]}}],"collection":[{"href":"https:\/\/www.cafeberuska.cz\/index.php\/wp-json\/wp\/v2\/pages"}],"about":[{"href":"https:\/\/www.cafeberuska.cz\/index.php\/wp-json\/wp\/v2\/types\/page"}],"author":[{"embeddable":true,"href":"https:\/\/www.cafeberuska.cz\/index.php\/wp-json\/wp\/v2\/users\/1"}],"replies":[{"embeddable":true,"href":"https:\/\/www.cafeberuska.cz\/index.php\/wp-json\/wp\/v2\/comments?post=903"}],"version-history":[{"count":49,"href":"https:\/\/www.cafeberuska.cz\/index.php\/wp-json\/wp\/v2\/pages\/903\/revisions"}],"predecessor-version":[{"id":3445,"href":"https:\/\/www.cafeberuska.cz\/index.php\/wp-json\/wp\/v2\/pages\/903\/revisions\/3445"}],"wp:attachment":[{"href":"https:\/\/www.cafeberuska.cz\/index.php\/wp-json\/wp\/v2\/media?parent=903"}],"curies":[{"name":"wp","href":"https:\/\/api.w.org\/{rel}","templated":true}]}}