{"id":906,"date":"2021-02-19T10:59:54","date_gmt":"2021-02-19T10:59:54","guid":{"rendered":"http:\/\/www.cafeberuska.online\/?page_id=906"},"modified":"2021-04-08T14:16:30","modified_gmt":"2021-04-08T14:16:30","slug":"dorty-lc-a-bezlepkove","status":"publish","type":"page","link":"https:\/\/www.cafeberuska.cz\/index.php\/dorty-lc-a-bezlepkove\/","title":{"rendered":"DORTY LC (N\u00cdZKOSACHARIDOV\u00c9) A BEZLEPKOV\u00c9"},"content":{"rendered":"<style type=\"text\/css\">\n#foogallery-gallery-1566.fg-masonry { --fg-gutter: 20px; }<\/style>\n\t\t\t<div class=\"foogallery foogallery-container foogallery-masonry foogallery-lightbox-foobox fg-center fg-masonry fg-ready fg-light fg-border-medium fg-round-small fg-shadow-medium fg-loading-default fg-loaded-fade-in fg-hover-scale fg-captions-bottom fg-hover-fade fg-hover-zoom2 fg-light-overlays fg-col3\" id=\"foogallery-gallery-1566\" data-foogallery=\"{&quot;item&quot;:{&quot;showCaptionTitle&quot;:true,&quot;showCaptionDescription&quot;:true},&quot;lazy&quot;:false,&quot;src&quot;:&quot;src&quot;,&quot;srcset&quot;:&quot;srcset&quot;}\" style=\"--fg-title-line-clamp: 0; --fg-description-line-clamp: 0;\" >\n\t\t<div class=\"fg-column-width\"><\/div>\n\t<div class=\"fg-gutter-width\"><\/div>\n\t\t<div class=\"fg-item fg-type-image fg-loaded\"><figure class=\"fg-item-inner\"><a href=\"https:\/\/www.cafeberuska.cz\/wp-content\/uploads\/2024\/08\/Malinovy-s-chia.jpg\" data-caption-desc=\"69,- K\u010d\" data-caption-title=\"LC Malinov\u00fd s chia\" data-attachment-id=\"3259\" data-type=\"image\" class=\"fg-thumb\"><span class=\"fg-image-wrap\"><img fetchpriority=\"high\" decoding=\"async\" src=\"https:\/\/www.cafeberuska.cz\/wp-content\/uploads\/cache\/2024\/08\/Malinovy-s-chia\/1023879166.jpg\" width=\"1000\" height=\"704\" class=\"skip-lazy fg-image\" loading=\"eager\"><\/span><span class=\"fg-image-overlay\"><\/span><\/a><figcaption class=\"fg-caption\"><div class=\"fg-caption-inner\"><div class=\"fg-caption-title\">LC Malinov\u00fd s chia<\/div><div class=\"fg-caption-desc\">69,- K\u010d<\/div><\/div><\/figcaption><\/figure><div class=\"fg-loader\"><\/div><\/div><div class=\"fg-item fg-type-image fg-loaded\"><figure class=\"fg-item-inner\"><a href=\"https:\/\/www.cafeberuska.cz\/wp-content\/uploads\/2024\/08\/Cokojogurt.jpg\" data-caption-desc=\"69,- K\u010d\" data-caption-title=\"LC \u010cokojogurt\" data-attachment-id=\"3260\" data-type=\"image\" class=\"fg-thumb\"><span class=\"fg-image-wrap\"><img decoding=\"async\" src=\"https:\/\/www.cafeberuska.cz\/wp-content\/uploads\/cache\/2024\/08\/Cokojogurt\/3167744930.jpg\" width=\"1000\" height=\"704\" class=\"skip-lazy fg-image\" loading=\"eager\"><\/span><span class=\"fg-image-overlay\"><\/span><\/a><figcaption class=\"fg-caption\"><div class=\"fg-caption-inner\"><div class=\"fg-caption-title\">LC \u010cokojogurt<\/div><div class=\"fg-caption-desc\">69,- K\u010d<\/div><\/div><\/figcaption><\/figure><div class=\"fg-loader\"><\/div><\/div><div class=\"fg-item fg-type-image fg-loaded\"><figure class=\"fg-item-inner\"><a href=\"https:\/\/www.cafeberuska.cz\/wp-content\/uploads\/2024\/08\/Jahodovy-s-chia.jpg\" data-caption-desc=\"69,- K\u010d\" data-caption-title=\"LC Jahodov\u00fd s chia\" data-attachment-id=\"3261\" data-type=\"image\" class=\"fg-thumb\"><span class=\"fg-image-wrap\"><img decoding=\"async\" src=\"https:\/\/www.cafeberuska.cz\/wp-content\/uploads\/cache\/2024\/08\/Jahodovy-s-chia\/2400116990.jpg\" width=\"1000\" height=\"704\" class=\"skip-lazy fg-image\" loading=\"eager\"><\/span><span class=\"fg-image-overlay\"><\/span><\/a><figcaption class=\"fg-caption\"><div class=\"fg-caption-inner\"><div class=\"fg-caption-title\">LC Jahodov\u00fd s chia<\/div><div class=\"fg-caption-desc\">69,- K\u010d<\/div><\/div><\/figcaption><\/figure><div class=\"fg-loader\"><\/div><\/div><div class=\"fg-item fg-type-image fg-loaded\"><figure class=\"fg-item-inner\"><a href=\"https:\/\/www.cafeberuska.cz\/wp-content\/uploads\/2024\/08\/Jogurtovy-s-rybizem.jpg\" data-caption-desc=\"69,- K\u010d\" data-caption-title=\"LC Jogurtov\u00fd s ryb\u00edzem\" data-attachment-id=\"3262\" data-type=\"image\" class=\"fg-thumb\"><span class=\"fg-image-wrap\"><img decoding=\"async\" src=\"https:\/\/www.cafeberuska.cz\/wp-content\/uploads\/cache\/2024\/08\/Jogurtovy-s-rybizem\/4063704162.jpg\" width=\"1000\" height=\"704\" class=\"skip-lazy fg-image\" loading=\"eager\"><\/span><span class=\"fg-image-overlay\"><\/span><\/a><figcaption class=\"fg-caption\"><div class=\"fg-caption-inner\"><div class=\"fg-caption-title\">LC Jogurtov\u00fd s ryb\u00edzem<\/div><div class=\"fg-caption-desc\">69,- K\u010d<\/div><\/div><\/figcaption><\/figure><div class=\"fg-loader\"><\/div><\/div><div class=\"fg-item fg-type-image fg-loaded\"><figure class=\"fg-item-inner\"><a href=\"https:\/\/www.cafeberuska.cz\/wp-content\/uploads\/2023\/07\/LC-dezert-LUX1.jpg\" data-caption-desc=\"69,- K\u010d\" data-caption-title=\"LC dezert LUX1\" data-attachment-id=\"3070\" data-type=\"image\" class=\"fg-thumb\"><span class=\"fg-image-wrap\"><img decoding=\"async\" src=\"https:\/\/www.cafeberuska.cz\/wp-content\/uploads\/cache\/2023\/07\/LC-dezert-LUX1\/857019696.jpg\" width=\"1000\" height=\"704\" class=\"skip-lazy fg-image\" loading=\"eager\"><\/span><span class=\"fg-image-overlay\"><\/span><\/a><figcaption class=\"fg-caption\"><div class=\"fg-caption-inner\"><div class=\"fg-caption-title\">LC dezert LUX1<\/div><div class=\"fg-caption-desc\">69,- K\u010d<\/div><\/div><\/figcaption><\/figure><div class=\"fg-loader\"><\/div><\/div><div class=\"fg-item fg-type-image fg-loaded\"><figure class=\"fg-item-inner\"><a href=\"https:\/\/www.cafeberuska.cz\/wp-content\/uploads\/2023\/07\/LC-dezert-LUX2.jpg\" data-caption-desc=\"69,- K\u010d\" data-caption-title=\"LC dezert LUX2\" data-attachment-id=\"3071\" data-type=\"image\" class=\"fg-thumb\"><span class=\"fg-image-wrap\"><img decoding=\"async\" src=\"https:\/\/www.cafeberuska.cz\/wp-content\/uploads\/cache\/2023\/07\/LC-dezert-LUX2\/50766629.jpg\" width=\"1000\" height=\"704\" class=\"skip-lazy fg-image\" loading=\"eager\"><\/span><span class=\"fg-image-overlay\"><\/span><\/a><figcaption class=\"fg-caption\"><div class=\"fg-caption-inner\"><div class=\"fg-caption-title\">LC dezert LUX2<\/div><div class=\"fg-caption-desc\">69,- K\u010d<\/div><\/div><\/figcaption><\/figure><div class=\"fg-loader\"><\/div><\/div><div class=\"fg-item fg-type-image fg-loaded\"><figure class=\"fg-item-inner\"><a href=\"https:\/\/www.cafeberuska.cz\/wp-content\/uploads\/2023\/07\/LC-dezert-LUX3.jpg\" data-caption-desc=\"69,- K\u010d\" data-caption-title=\"LC dezert LUX3\" data-attachment-id=\"3069\" data-type=\"image\" class=\"fg-thumb\"><span class=\"fg-image-wrap\"><img decoding=\"async\" src=\"https:\/\/www.cafeberuska.cz\/wp-content\/uploads\/cache\/2023\/07\/LC-dezert-LUX3\/1870591060.jpg\" width=\"1000\" height=\"704\" class=\"skip-lazy fg-image\" loading=\"eager\"><\/span><span class=\"fg-image-overlay\"><\/span><\/a><figcaption class=\"fg-caption\"><div class=\"fg-caption-inner\"><div class=\"fg-caption-title\">LC dezert LUX3<\/div><div class=\"fg-caption-desc\">69,- K\u010d<\/div><\/div><\/figcaption><\/figure><div class=\"fg-loader\"><\/div><\/div><div class=\"fg-item fg-type-image fg-loaded\"><figure class=\"fg-item-inner\"><a href=\"https:\/\/www.cafeberuska.cz\/wp-content\/uploads\/2023\/08\/LC-dezert-LUX4.jpg\" data-caption-desc=\"69,- K\u010d\" data-caption-title=\"LC dezert LUX4\" data-attachment-id=\"3076\" data-type=\"image\" class=\"fg-thumb\"><span class=\"fg-image-wrap\"><img decoding=\"async\" src=\"https:\/\/www.cafeberuska.cz\/wp-content\/uploads\/cache\/2023\/08\/LC-dezert-LUX4\/1012689002.jpg\" width=\"1000\" height=\"704\" class=\"skip-lazy fg-image\" loading=\"eager\"><\/span><span class=\"fg-image-overlay\"><\/span><\/a><figcaption class=\"fg-caption\"><div class=\"fg-caption-inner\"><div class=\"fg-caption-title\">LC dezert LUX4<\/div><div class=\"fg-caption-desc\">69,- K\u010d<\/div><\/div><\/figcaption><\/figure><div class=\"fg-loader\"><\/div><\/div><div class=\"fg-item fg-type-image fg-loaded\"><figure class=\"fg-item-inner\"><a href=\"https:\/\/www.cafeberuska.cz\/wp-content\/uploads\/2023\/08\/LC-Cheesecake-citronovy.jpg\" data-caption-desc=\"790,- K\u010d\" data-caption-title=\"LC Cheesecake citronov\u00fd\" data-attachment-id=\"3079\" data-type=\"image\" class=\"fg-thumb\"><span class=\"fg-image-wrap\"><img decoding=\"async\" src=\"https:\/\/www.cafeberuska.cz\/wp-content\/uploads\/cache\/2023\/08\/LC-Cheesecake-citronovy\/2394401526.jpg\" width=\"1000\" height=\"704\" class=\"skip-lazy fg-image\" loading=\"eager\"><\/span><span class=\"fg-image-overlay\"><\/span><\/a><figcaption class=\"fg-caption\"><div class=\"fg-caption-inner\"><div class=\"fg-caption-title\">LC Cheesecake citronov\u00fd<\/div><div class=\"fg-caption-desc\">790,- K\u010d<\/div><\/div><\/figcaption><\/figure><div class=\"fg-loader\"><\/div><\/div><div class=\"fg-item fg-type-image fg-loaded\"><figure class=\"fg-item-inner\"><a href=\"https:\/\/www.cafeberuska.cz\/wp-content\/uploads\/2023\/08\/LC-cheesecake-cokoladovy.jpg\" data-caption-desc=\"790,- K\u010d\" data-caption-title=\"LC cheesecake \u010dokol\u00e1dov\u00fd\" data-attachment-id=\"3083\" data-type=\"image\" class=\"fg-thumb\"><span class=\"fg-image-wrap\"><img decoding=\"async\" src=\"https:\/\/www.cafeberuska.cz\/wp-content\/uploads\/cache\/2023\/08\/LC-cheesecake-cokoladovy\/3292520485.jpg\" width=\"1000\" height=\"704\" class=\"skip-lazy fg-image\" loading=\"eager\"><\/span><span class=\"fg-image-overlay\"><\/span><\/a><figcaption class=\"fg-caption\"><div class=\"fg-caption-inner\"><div class=\"fg-caption-title\">LC cheesecake \u010dokol\u00e1dov\u00fd<\/div><div class=\"fg-caption-desc\">790,- K\u010d<\/div><\/div><\/figcaption><\/figure><div class=\"fg-loader\"><\/div><\/div><div class=\"fg-item fg-type-image fg-loaded\"><figure class=\"fg-item-inner\"><a href=\"https:\/\/www.cafeberuska.cz\/wp-content\/uploads\/2023\/08\/LC-Cheesecake-malinovy.jpg\" data-caption-desc=\"790,- K\u010d\" data-caption-title=\"LC Cheesecake malinov\u00fd\" data-attachment-id=\"3082\" data-type=\"image\" class=\"fg-thumb\"><span class=\"fg-image-wrap\"><img decoding=\"async\" src=\"https:\/\/www.cafeberuska.cz\/wp-content\/uploads\/cache\/2023\/08\/LC-Cheesecake-malinovy\/1685758463.jpg\" width=\"1000\" height=\"704\" class=\"skip-lazy fg-image\" loading=\"eager\"><\/span><span class=\"fg-image-overlay\"><\/span><\/a><figcaption class=\"fg-caption\"><div class=\"fg-caption-inner\"><div class=\"fg-caption-title\">LC Cheesecake malinov\u00fd<\/div><div class=\"fg-caption-desc\">790,- K\u010d<\/div><\/div><\/figcaption><\/figure><div class=\"fg-loader\"><\/div><\/div><div class=\"fg-item fg-type-image fg-loaded\"><figure class=\"fg-item-inner\"><a href=\"https:\/\/www.cafeberuska.cz\/wp-content\/uploads\/2023\/08\/LC-Cheesecake-jahodovy.jpg\" data-caption-desc=\"790,- K\u010d\" data-caption-title=\"LC Cheesecake jahodov\u00fd\" data-attachment-id=\"3084\" data-type=\"image\" class=\"fg-thumb\"><span class=\"fg-image-wrap\"><img decoding=\"async\" src=\"https:\/\/www.cafeberuska.cz\/wp-content\/uploads\/cache\/2023\/08\/LC-Cheesecake-jahodovy\/4108298798.jpg\" width=\"1000\" height=\"704\" class=\"skip-lazy fg-image\" loading=\"eager\"><\/span><span class=\"fg-image-overlay\"><\/span><\/a><figcaption class=\"fg-caption\"><div class=\"fg-caption-inner\"><div class=\"fg-caption-title\">LC Cheesecake jahodov\u00fd<\/div><div class=\"fg-caption-desc\">790,- K\u010d<\/div><\/div><\/figcaption><\/figure><div class=\"fg-loader\"><\/div><\/div><div class=\"fg-item fg-type-image fg-loaded\"><figure class=\"fg-item-inner\"><a href=\"https:\/\/www.cafeberuska.cz\/wp-content\/uploads\/2021\/03\/LC-Cheesecake-s-mascarp..jpg\" data-caption-title=\"LC Cheesecake s mascarp.\" data-caption-desc=\"790,- K\u010d\" data-attachment-id=\"1579\" data-type=\"image\" class=\"fg-thumb\"><span class=\"fg-image-wrap\"><img decoding=\"async\" src=\"https:\/\/www.cafeberuska.cz\/wp-content\/uploads\/cache\/2021\/03\/LC-Cheesecake-s-mascarp_\/3936966166.jpg\" title=\"LC Cheesecake s mascarp.\" width=\"1000\" height=\"704\" class=\"skip-lazy fg-image\" loading=\"eager\"><\/span><span class=\"fg-image-overlay\"><\/span><\/a><figcaption class=\"fg-caption\"><div class=\"fg-caption-inner\"><div class=\"fg-caption-title\">LC Cheesecake s mascarp.<\/div><div class=\"fg-caption-desc\">790,- K\u010d<\/div><\/div><\/figcaption><\/figure><div class=\"fg-loader\"><\/div><\/div><div class=\"fg-item fg-type-image fg-loaded\"><figure class=\"fg-item-inner\"><a href=\"https:\/\/www.cafeberuska.cz\/wp-content\/uploads\/2021\/03\/LC-Cokoladovy-Duetto.jpg\" data-caption-title=\"LC \u010cokol\u00e1dov\u00fd Duetto\" data-caption-desc=\"790,- K\u010d\" data-attachment-id=\"1570\" data-type=\"image\" class=\"fg-thumb\"><span class=\"fg-image-wrap\"><img decoding=\"async\" src=\"https:\/\/www.cafeberuska.cz\/wp-content\/uploads\/cache\/2021\/03\/LC-Cokoladovy-Duetto\/4221545770.jpg\" title=\"LC \u010cokol\u00e1dov\u00fd Duetto\" width=\"1000\" height=\"704\" class=\"skip-lazy fg-image\" loading=\"eager\"><\/span><span class=\"fg-image-overlay\"><\/span><\/a><figcaption class=\"fg-caption\"><div class=\"fg-caption-inner\"><div class=\"fg-caption-title\">LC \u010cokol\u00e1dov\u00fd Duetto<\/div><div class=\"fg-caption-desc\">790,- K\u010d<\/div><\/div><\/figcaption><\/figure><div class=\"fg-loader\"><\/div><\/div><div class=\"fg-item fg-type-image fg-loaded\"><figure class=\"fg-item-inner\"><a href=\"https:\/\/www.cafeberuska.cz\/wp-content\/uploads\/2021\/03\/LC-Cokoladovy-jahodovy.jpg\" data-caption-title=\"LC \u010cokol\u00e1dov\u00fd jahodov\u00fd\" data-caption-desc=\"790,- K\u010d\" data-attachment-id=\"1571\" data-type=\"image\" class=\"fg-thumb\"><span class=\"fg-image-wrap\"><img decoding=\"async\" src=\"https:\/\/www.cafeberuska.cz\/wp-content\/uploads\/cache\/2021\/03\/LC-Cokoladovy-jahodovy\/1567891055.jpg\" title=\"LC \u010cokol\u00e1dov\u00fd jahodov\u00fd\" width=\"1000\" height=\"704\" class=\"skip-lazy fg-image\" loading=\"eager\"><\/span><span class=\"fg-image-overlay\"><\/span><\/a><figcaption class=\"fg-caption\"><div class=\"fg-caption-inner\"><div class=\"fg-caption-title\">LC \u010cokol\u00e1dov\u00fd jahodov\u00fd<\/div><div class=\"fg-caption-desc\">790,- K\u010d<\/div><\/div><\/figcaption><\/figure><div class=\"fg-loader\"><\/div><\/div><div class=\"fg-item fg-type-image fg-loaded\"><figure class=\"fg-item-inner\"><a href=\"https:\/\/www.cafeberuska.cz\/wp-content\/uploads\/2021\/03\/LC-Cokoladovy-malinovy.jpg\" data-caption-title=\"LC \u010cokol\u00e1dov\u00fd malinov\u00fd\" data-caption-desc=\"790,- K\u010d\" data-attachment-id=\"1572\" data-type=\"image\" class=\"fg-thumb\"><span class=\"fg-image-wrap\"><img decoding=\"async\" src=\"https:\/\/www.cafeberuska.cz\/wp-content\/uploads\/cache\/2021\/03\/LC-Cokoladovy-malinovy\/2241973307.jpg\" title=\"LC \u010cokol\u00e1dov\u00fd malinov\u00fd\" width=\"1000\" height=\"704\" class=\"skip-lazy fg-image\" loading=\"eager\"><\/span><span class=\"fg-image-overlay\"><\/span><\/a><figcaption class=\"fg-caption\"><div class=\"fg-caption-inner\"><div class=\"fg-caption-title\">LC \u010cokol\u00e1dov\u00fd malinov\u00fd<\/div><div class=\"fg-caption-desc\">790,- K\u010d<\/div><\/div><\/figcaption><\/figure><div class=\"fg-loader\"><\/div><\/div><div class=\"fg-item fg-type-image fg-loaded\"><figure class=\"fg-item-inner\"><a href=\"https:\/\/www.cafeberuska.cz\/wp-content\/uploads\/2021\/03\/LC-Mrkvovy-s-tvarohem.jpg\" data-caption-title=\"LC Mrkvov\u00fd s tvarohem\" data-caption-desc=\"790,- K\u010d\" data-attachment-id=\"1581\" data-type=\"image\" class=\"fg-thumb\"><span class=\"fg-image-wrap\"><img decoding=\"async\" src=\"https:\/\/www.cafeberuska.cz\/wp-content\/uploads\/cache\/2021\/03\/LC-Mrkvovy-s-tvarohem\/2819683328.jpg\" title=\"LC Mrkvov\u00fd s tvarohem\" width=\"1000\" height=\"704\" class=\"skip-lazy fg-image\" loading=\"eager\"><\/span><span class=\"fg-image-overlay\"><\/span><\/a><figcaption class=\"fg-caption\"><div class=\"fg-caption-inner\"><div class=\"fg-caption-title\">LC Mrkvov\u00fd s tvarohem<\/div><div class=\"fg-caption-desc\">790,- K\u010d<\/div><\/div><\/figcaption><\/figure><div class=\"fg-loader\"><\/div><\/div><div class=\"fg-item fg-type-image fg-loaded\"><figure class=\"fg-item-inner\"><a href=\"https:\/\/www.cafeberuska.cz\/wp-content\/uploads\/2021\/03\/LC-Tvarohovy-s-boruvkami.jpg\" data-caption-title=\"LC Tvarohov\u00fd s bor\u016fvkami\" data-caption-desc=\"790,- K\u010d\" data-attachment-id=\"1582\" data-type=\"image\" class=\"fg-thumb\"><span class=\"fg-image-wrap\"><img decoding=\"async\" src=\"https:\/\/www.cafeberuska.cz\/wp-content\/uploads\/cache\/2021\/03\/LC-Tvarohovy-s-boruvkami\/2141704344.jpg\" title=\"LC Tvarohov\u00fd s bor\u016fvkami\" width=\"1000\" height=\"704\" class=\"skip-lazy fg-image\" loading=\"eager\"><\/span><span class=\"fg-image-overlay\"><\/span><\/a><figcaption class=\"fg-caption\"><div class=\"fg-caption-inner\"><div class=\"fg-caption-title\">LC Tvarohov\u00fd s bor\u016fvkami<\/div><div class=\"fg-caption-desc\">790,- K\u010d<\/div><\/div><\/figcaption><\/figure><div class=\"fg-loader\"><\/div><\/div><div class=\"fg-item fg-type-image fg-loaded\"><figure class=\"fg-item-inner\"><a href=\"https:\/\/www.cafeberuska.cz\/wp-content\/uploads\/2021\/03\/LC-Tvarohovy-s-jahodami.jpg\" data-caption-title=\"LC Tvarohov\u00fd s jahodami\" data-caption-desc=\"790,- K\u010d\" data-attachment-id=\"1583\" data-type=\"image\" class=\"fg-thumb\"><span class=\"fg-image-wrap\"><img decoding=\"async\" src=\"https:\/\/www.cafeberuska.cz\/wp-content\/uploads\/cache\/2021\/03\/LC-Tvarohovy-s-jahodami\/189263229.jpg\" title=\"LC Tvarohov\u00fd s jahodami\" width=\"1000\" height=\"704\" class=\"skip-lazy fg-image\" loading=\"eager\"><\/span><span class=\"fg-image-overlay\"><\/span><\/a><figcaption class=\"fg-caption\"><div class=\"fg-caption-inner\"><div class=\"fg-caption-title\">LC Tvarohov\u00fd s jahodami<\/div><div class=\"fg-caption-desc\">790,- K\u010d<\/div><\/div><\/figcaption><\/figure><div class=\"fg-loader\"><\/div><\/div><div class=\"fg-item fg-type-image fg-loaded\"><figure class=\"fg-item-inner\"><a href=\"https:\/\/www.cafeberuska.cz\/wp-content\/uploads\/2021\/03\/LC-Tvarohovy-s-lesnim-ov..jpg\" data-caption-title=\"LC Tvarohov\u00fd s lesn\u00edm ov.\" data-caption-desc=\"790,- K\u010d\" data-attachment-id=\"1584\" data-type=\"image\" class=\"fg-thumb\"><span class=\"fg-image-wrap\"><img decoding=\"async\" src=\"https:\/\/www.cafeberuska.cz\/wp-content\/uploads\/cache\/2021\/03\/LC-Tvarohovy-s-lesnim-ov_\/1902749009.jpg\" title=\"LC Tvarohov\u00fd s lesn\u00edm ov.\" width=\"1000\" height=\"704\" class=\"skip-lazy fg-image\" loading=\"eager\"><\/span><span class=\"fg-image-overlay\"><\/span><\/a><figcaption class=\"fg-caption\"><div class=\"fg-caption-inner\"><div class=\"fg-caption-title\">LC Tvarohov\u00fd s lesn\u00edm ov.<\/div><div class=\"fg-caption-desc\">790,- K\u010d<\/div><\/div><\/figcaption><\/figure><div class=\"fg-loader\"><\/div><\/div><div class=\"fg-item fg-type-image fg-loaded\"><figure class=\"fg-item-inner\"><a href=\"https:\/\/www.cafeberuska.cz\/wp-content\/uploads\/2021\/03\/LC-Tvarohovy-s-malinami.jpg\" data-caption-title=\"LC Tvarohov\u00fd s malinami\" data-caption-desc=\"790,- K\u010d\" data-attachment-id=\"1585\" data-type=\"image\" class=\"fg-thumb\"><span class=\"fg-image-wrap\"><img decoding=\"async\" src=\"https:\/\/www.cafeberuska.cz\/wp-content\/uploads\/cache\/2021\/03\/LC-Tvarohovy-s-malinami\/44986894.jpg\" title=\"LC Tvarohov\u00fd s malinami\" width=\"1000\" height=\"704\" class=\"skip-lazy fg-image\" loading=\"eager\"><\/span><span class=\"fg-image-overlay\"><\/span><\/a><figcaption class=\"fg-caption\"><div class=\"fg-caption-inner\"><div class=\"fg-caption-title\">LC Tvarohov\u00fd s malinami<\/div><div class=\"fg-caption-desc\">790,- K\u010d<\/div><\/div><\/figcaption><\/figure><div class=\"fg-loader\"><\/div><\/div><div class=\"fg-item fg-type-image fg-loaded\"><figure class=\"fg-item-inner\"><a href=\"https:\/\/www.cafeberuska.cz\/wp-content\/uploads\/2021\/03\/bezlepkovy-Misa.jpg\" data-caption-desc=\"850,- K\u010d\" data-caption-title=\"Bezlepkov\u00fd M\u00e9\u010fa\" data-attachment-id=\"2859\" data-type=\"image\" class=\"fg-thumb\"><span class=\"fg-image-wrap\"><img decoding=\"async\" src=\"https:\/\/www.cafeberuska.cz\/wp-content\/uploads\/cache\/2021\/03\/bezlepkovy-Misa\/3752198007.jpg\" width=\"1000\" height=\"704\" class=\"skip-lazy fg-image\" loading=\"eager\"><\/span><span class=\"fg-image-overlay\"><\/span><\/a><figcaption class=\"fg-caption\"><div class=\"fg-caption-inner\"><div class=\"fg-caption-title\">Bezlepkov\u00fd M\u00e9\u010fa<\/div><div class=\"fg-caption-desc\">850,- K\u010d<\/div><\/div><\/figcaption><\/figure><div class=\"fg-loader\"><\/div><\/div><\/div>","protected":false},"excerpt":{"rendered":"","protected":false},"author":1,"featured_media":0,"parent":0,"menu_order":0,"comment_status":"closed","ping_status":"closed","template":"","meta":{"_monsterinsights_skip_tracking":false,"_monsterinsights_sitenote_active":false,"_monsterinsights_sitenote_note":"","_monsterinsights_sitenote_category":0,"footnotes":""},"class_list":["post-906","page","type-page","status-publish","hentry"],"aioseo_notices":[],"_links":{"self":[{"href":"https:\/\/www.cafeberuska.cz\/index.php\/wp-json\/wp\/v2\/pages\/906","targetHints":{"allow":["GET"]}}],"collection":[{"href":"https:\/\/www.cafeberuska.cz\/index.php\/wp-json\/wp\/v2\/pages"}],"about":[{"href":"https:\/\/www.cafeberuska.cz\/index.php\/wp-json\/wp\/v2\/types\/page"}],"author":[{"embeddable":true,"href":"https:\/\/www.cafeberuska.cz\/index.php\/wp-json\/wp\/v2\/users\/1"}],"replies":[{"embeddable":true,"href":"https:\/\/www.cafeberuska.cz\/index.php\/wp-json\/wp\/v2\/comments?post=906"}],"version-history":[{"count":3,"href":"https:\/\/www.cafeberuska.cz\/index.php\/wp-json\/wp\/v2\/pages\/906\/revisions"}],"predecessor-version":[{"id":2216,"href":"https:\/\/www.cafeberuska.cz\/index.php\/wp-json\/wp\/v2\/pages\/906\/revisions\/2216"}],"wp:attachment":[{"href":"https:\/\/www.cafeberuska.cz\/index.php\/wp-json\/wp\/v2\/media?parent=906"}],"curies":[{"name":"wp","href":"https:\/\/api.w.org\/{rel}","templated":true}]}}