{"id":918,"date":"2021-02-19T14:48:32","date_gmt":"2021-02-19T14:48:32","guid":{"rendered":"http:\/\/www.cafeberuska.online\/?page_id=918"},"modified":"2021-06-28T10:45:06","modified_gmt":"2021-06-28T10:45:06","slug":"zajimavosti","status":"publish","type":"page","link":"https:\/\/www.cafeberuska.cz\/index.php\/zajimavosti\/","title":{"rendered":"ZAJ\u00cdMAVOSTI"},"content":{"rendered":"<style type=\"text\/css\">\n#foogallery-gallery-2593.fg-masonry { --fg-gutter: 10px; }<\/style>\n\t\t\t<div class=\"foogallery foogallery-container foogallery-masonry foogallery-lightbox-foobox fg-center fg-masonry fg-ready fg-light fg-round-medium fg-shadow-small fg-loading-default fg-loaded-fade-in fg-hover-scale fg-caption-hover fg-hover-fade fg-hover-zoom2 fg-light-overlays fg-col5\" id=\"foogallery-gallery-2593\" data-foogallery=\"{&quot;item&quot;:{&quot;showCaptionTitle&quot;:true,&quot;showCaptionDescription&quot;:true},&quot;lazy&quot;:false,&quot;src&quot;:&quot;src&quot;,&quot;srcset&quot;:&quot;srcset&quot;,&quot;template&quot;:{&quot;horizontalOrder&quot;:true}}\" style=\"--fg-title-line-clamp: 0; --fg-description-line-clamp: 0;\" >\n\t\t<div class=\"fg-column-width\"><\/div>\n\t<div class=\"fg-gutter-width\"><\/div>\n\t\t<div class=\"fg-item fg-type-image fg-loaded\"><figure class=\"fg-item-inner\"><a href=\"https:\/\/www.cafeberuska.cz\/wp-content\/uploads\/2022\/06\/patrk_dort1.jpg\" data-caption-title=\"Dort pro Patrika Hro\u0161ovsk\u00e9ho\" data-attachment-id=\"2796\" data-type=\"image\" class=\"fg-thumb\"><span class=\"fg-image-wrap\"><img fetchpriority=\"high\" decoding=\"async\" src=\"https:\/\/www.cafeberuska.cz\/wp-content\/uploads\/cache\/2022\/06\/patrk_dort1\/981261306.jpg\" width=\"1000\" height=\"1250\" class=\"skip-lazy fg-image\" loading=\"eager\"><\/span><span class=\"fg-image-overlay\"><\/span><\/a><figcaption class=\"fg-caption\"><div class=\"fg-caption-inner\"><div class=\"fg-caption-title\">Dort pro Patrika Hro\u0161ovsk\u00e9ho<\/div><\/div><\/figcaption><\/figure><div class=\"fg-loader\"><\/div><\/div><div class=\"fg-item fg-type-image fg-loaded\"><figure class=\"fg-item-inner\"><a href=\"https:\/\/www.cafeberuska.cz\/wp-content\/uploads\/2022\/06\/patrk_dort2.jpg\" data-caption-title=\"Dort pro Patrika Hro\u0161ovsk\u00e9ho2\" data-attachment-id=\"2797\" data-type=\"image\" class=\"fg-thumb\"><span class=\"fg-image-wrap\"><img decoding=\"async\" src=\"https:\/\/www.cafeberuska.cz\/wp-content\/uploads\/cache\/2022\/06\/patrk_dort2\/1461671070.jpg\" width=\"1000\" height=\"1250\" class=\"skip-lazy fg-image\" loading=\"eager\"><\/span><span class=\"fg-image-overlay\"><\/span><\/a><figcaption class=\"fg-caption\"><div class=\"fg-caption-inner\"><div class=\"fg-caption-title\">Dort pro Patrika Hro\u0161ovsk\u00e9ho2<\/div><\/div><\/figcaption><\/figure><div class=\"fg-loader\"><\/div><\/div><div class=\"fg-item fg-type-image fg-loaded\"><figure class=\"fg-item-inner\"><a href=\"https:\/\/www.cafeberuska.cz\/wp-content\/uploads\/2021\/04\/horvath-2.jpg\" data-caption-title=\"Dort pro Pavla Horv\u00e1tha\" data-attachment-id=\"2581\" data-type=\"image\" class=\"fg-thumb\"><span class=\"fg-image-wrap\"><img decoding=\"async\" src=\"https:\/\/www.cafeberuska.cz\/wp-content\/uploads\/cache\/2021\/04\/horvath-2\/4213296033.jpg\" width=\"1000\" height=\"667\" class=\"skip-lazy fg-image\" loading=\"eager\"><\/span><span class=\"fg-image-overlay\"><\/span><\/a><figcaption class=\"fg-caption\"><div class=\"fg-caption-inner\"><div class=\"fg-caption-title\">Dort pro Pavla Horv\u00e1tha<\/div><\/div><\/figcaption><\/figure><div class=\"fg-loader\"><\/div><\/div><div class=\"fg-item fg-type-image fg-loaded\"><figure class=\"fg-item-inner\"><a href=\"https:\/\/www.cafeberuska.cz\/wp-content\/uploads\/2021\/04\/horvath-5.jpg\" data-caption-title=\"Dort pro Pavla Horv\u00e1tha\" data-attachment-id=\"2584\" data-type=\"image\" class=\"fg-thumb\"><span class=\"fg-image-wrap\"><img decoding=\"async\" src=\"https:\/\/www.cafeberuska.cz\/wp-content\/uploads\/cache\/2021\/04\/horvath-5\/958424726.jpg\" width=\"1000\" height=\"667\" class=\"skip-lazy fg-image\" loading=\"eager\"><\/span><span class=\"fg-image-overlay\"><\/span><\/a><figcaption class=\"fg-caption\"><div class=\"fg-caption-inner\"><div class=\"fg-caption-title\">Dort pro Pavla Horv\u00e1tha<\/div><\/div><\/figcaption><\/figure><div class=\"fg-loader\"><\/div><\/div><div class=\"fg-item fg-type-image fg-loaded\"><figure class=\"fg-item-inner\"><a href=\"https:\/\/www.cafeberuska.cz\/wp-content\/uploads\/2021\/04\/horvath-3.jpg\" data-caption-title=\"Dort pro Pavla Horv\u00e1tha\" data-attachment-id=\"2582\" data-type=\"image\" class=\"fg-thumb\"><span class=\"fg-image-wrap\"><img decoding=\"async\" src=\"https:\/\/www.cafeberuska.cz\/wp-content\/uploads\/cache\/2021\/04\/horvath-3\/3337049370.jpg\" width=\"1000\" height=\"667\" class=\"skip-lazy fg-image\" loading=\"eager\"><\/span><span class=\"fg-image-overlay\"><\/span><\/a><figcaption class=\"fg-caption\"><div class=\"fg-caption-inner\"><div class=\"fg-caption-title\">Dort pro Pavla Horv\u00e1tha<\/div><\/div><\/figcaption><\/figure><div class=\"fg-loader\"><\/div><\/div><div class=\"fg-item fg-type-image fg-loaded\"><figure class=\"fg-item-inner\"><a href=\"https:\/\/www.cafeberuska.cz\/wp-content\/uploads\/2022\/06\/patrik-hrosovsky.jpg\" data-caption-title=\"Oslava\" data-attachment-id=\"2800\" data-type=\"image\" class=\"fg-thumb\"><span class=\"fg-image-wrap\"><img decoding=\"async\" src=\"https:\/\/www.cafeberuska.cz\/wp-content\/uploads\/2022\/06\/patrik-hrosovsky.jpg\" width=\"1000\" height=\"667.010309278\" class=\"skip-lazy fg-image\" loading=\"eager\"><\/span><span class=\"fg-image-overlay\"><\/span><\/a><figcaption class=\"fg-caption\"><div class=\"fg-caption-inner\"><div class=\"fg-caption-title\">Oslava<\/div><\/div><\/figcaption><\/figure><div class=\"fg-loader\"><\/div><\/div><div class=\"fg-item fg-type-image fg-loaded\"><figure class=\"fg-item-inner\"><a href=\"https:\/\/www.cafeberuska.cz\/wp-content\/uploads\/2021\/06\/M.David-32.jpg\" data-caption-title=\"Dort pro Michala Davida\" data-attachment-id=\"2595\" data-type=\"image\" class=\"fg-thumb\"><span class=\"fg-image-wrap\"><img decoding=\"async\" src=\"https:\/\/www.cafeberuska.cz\/wp-content\/uploads\/cache\/2021\/06\/M_David-32\/743833781.jpg\" width=\"1000\" srcset=\"https:\/\/www.cafeberuska.cz\/wp-content\/uploads\/cache\/2021\/06\/M_David-32\/2246857826.jpg 2x\" height=\"667\" class=\"skip-lazy fg-image\" loading=\"eager\"><\/span><span class=\"fg-image-overlay\"><\/span><\/a><figcaption class=\"fg-caption\"><div class=\"fg-caption-inner\"><div class=\"fg-caption-title\">Dort pro Michala Davida<\/div><\/div><\/figcaption><\/figure><div class=\"fg-loader\"><\/div><\/div><div class=\"fg-item fg-type-image fg-loaded\"><figure class=\"fg-item-inner\"><a href=\"https:\/\/www.cafeberuska.cz\/wp-content\/uploads\/2021\/06\/Michal-David-na-web2.jpg\" data-caption-title=\"Dort pro Michala Davida\" data-attachment-id=\"2591\" data-type=\"image\" class=\"fg-thumb\"><span class=\"fg-image-wrap\"><img decoding=\"async\" src=\"https:\/\/www.cafeberuska.cz\/wp-content\/uploads\/2021\/06\/Michal-David-na-web2.jpg\" width=\"1000\" height=\"666.666666667\" class=\"skip-lazy fg-image\" loading=\"eager\"><\/span><span class=\"fg-image-overlay\"><\/span><\/a><figcaption class=\"fg-caption\"><div class=\"fg-caption-inner\"><div class=\"fg-caption-title\">Dort pro Michala Davida<\/div><\/div><\/figcaption><\/figure><div class=\"fg-loader\"><\/div><\/div><div class=\"fg-item fg-type-image fg-loaded\"><figure class=\"fg-item-inner\"><a href=\"https:\/\/www.cafeberuska.cz\/wp-content\/uploads\/2021\/06\/M.David-22-scaled.jpg\" data-caption-title=\"Dort pro Michala Davida\" data-attachment-id=\"2590\" data-type=\"image\" class=\"fg-thumb\"><span class=\"fg-image-wrap\"><img decoding=\"async\" src=\"https:\/\/www.cafeberuska.cz\/wp-content\/uploads\/cache\/2021\/06\/M_David-22-scaled\/1371307904.jpg\" width=\"1000\" srcset=\"https:\/\/www.cafeberuska.cz\/wp-content\/uploads\/cache\/2021\/06\/M_David-22-scaled\/3268628112.jpg 2x\" height=\"667\" class=\"skip-lazy fg-image\" loading=\"eager\"><\/span><span class=\"fg-image-overlay\"><\/span><\/a><figcaption class=\"fg-caption\"><div class=\"fg-caption-inner\"><div class=\"fg-caption-title\">Dort pro Michala Davida<\/div><\/div><\/figcaption><\/figure><div class=\"fg-loader\"><\/div><\/div><div class=\"fg-item fg-type-image fg-loaded\"><figure class=\"fg-item-inner\"><a href=\"https:\/\/www.cafeberuska.cz\/wp-content\/uploads\/2021\/06\/M.David-12-scaled.jpg\" data-caption-title=\"Dort pro Michala Davida\" data-attachment-id=\"2589\" data-type=\"image\" class=\"fg-thumb\"><span class=\"fg-image-wrap\"><img decoding=\"async\" src=\"https:\/\/www.cafeberuska.cz\/wp-content\/uploads\/cache\/2021\/06\/M_David-12-scaled\/4072893294.jpg\" width=\"1000\" srcset=\"https:\/\/www.cafeberuska.cz\/wp-content\/uploads\/cache\/2021\/06\/M_David-12-scaled\/1638685310.jpg 2x\" height=\"667\" class=\"skip-lazy fg-image\" loading=\"eager\"><\/span><span class=\"fg-image-overlay\"><\/span><\/a><figcaption class=\"fg-caption\"><div class=\"fg-caption-inner\"><div class=\"fg-caption-title\">Dort pro Michala Davida<\/div><\/div><\/figcaption><\/figure><div class=\"fg-loader\"><\/div><\/div><div class=\"fg-item fg-type-image fg-loaded\"><figure class=\"fg-item-inner\"><a href=\"https:\/\/www.cafeberuska.cz\/wp-content\/uploads\/2021\/06\/Lukas-Langmajer.jpg\" data-caption-title=\"Luk\u00e1\u0161 Langmajer s na\u0161\u00ed pan\u00ed peka\u0159kou\" data-attachment-id=\"2601\" data-type=\"image\" class=\"fg-thumb\"><span class=\"fg-image-wrap\"><img decoding=\"async\" src=\"https:\/\/www.cafeberuska.cz\/wp-content\/uploads\/cache\/2021\/06\/Lukas-Langmajer\/1889820605.jpg\" width=\"1000\" height=\"667\" class=\"skip-lazy fg-image\" loading=\"eager\"><\/span><span class=\"fg-image-overlay\"><\/span><\/a><figcaption class=\"fg-caption\"><div class=\"fg-caption-inner\"><div class=\"fg-caption-title\">Luk\u00e1\u0161 Langmajer s na\u0161\u00ed pan\u00ed peka\u0159kou<\/div><\/div><\/figcaption><\/figure><div class=\"fg-loader\"><\/div><\/div><\/div>\n\n\n<p><\/p>\n","protected":false},"excerpt":{"rendered":"","protected":false},"author":1,"featured_media":0,"parent":0,"menu_order":0,"comment_status":"closed","ping_status":"closed","template":"","meta":{"_monsterinsights_skip_tracking":false,"_monsterinsights_sitenote_active":false,"_monsterinsights_sitenote_note":"","_monsterinsights_sitenote_category":0,"footnotes":""},"class_list":["post-918","page","type-page","status-publish","hentry"],"aioseo_notices":[],"_links":{"self":[{"href":"https:\/\/www.cafeberuska.cz\/index.php\/wp-json\/wp\/v2\/pages\/918","targetHints":{"allow":["GET"]}}],"collection":[{"href":"https:\/\/www.cafeberuska.cz\/index.php\/wp-json\/wp\/v2\/pages"}],"about":[{"href":"https:\/\/www.cafeberuska.cz\/index.php\/wp-json\/wp\/v2\/types\/page"}],"author":[{"embeddable":true,"href":"https:\/\/www.cafeberuska.cz\/index.php\/wp-json\/wp\/v2\/users\/1"}],"replies":[{"embeddable":true,"href":"https:\/\/www.cafeberuska.cz\/index.php\/wp-json\/wp\/v2\/comments?post=918"}],"version-history":[{"count":3,"href":"https:\/\/www.cafeberuska.cz\/index.php\/wp-json\/wp\/v2\/pages\/918\/revisions"}],"predecessor-version":[{"id":2597,"href":"https:\/\/www.cafeberuska.cz\/index.php\/wp-json\/wp\/v2\/pages\/918\/revisions\/2597"}],"wp:attachment":[{"href":"https:\/\/www.cafeberuska.cz\/index.php\/wp-json\/wp\/v2\/media?parent=918"}],"curies":[{"name":"wp","href":"https:\/\/api.w.org\/{rel}","templated":true}]}}